{"id":28743,"date":"2021-03-12T09:25:50","date_gmt":"2021-03-12T08:25:50","guid":{"rendered":"https:\/\/adc.cat\/politica-de-compra\/"},"modified":"2025-12-18T17:35:33","modified_gmt":"2025-12-18T16:35:33","slug":"politica-de-compra","status":"publish","type":"page","link":"https:\/\/adc.cat\/es\/politica-de-compra\/","title":{"rendered":"Pol\u00edtica de compra"},"content":{"rendered":"<p>[et_pb_section fb_built=\u00bb1&#8243; theme_builder_area=\u00bbpost_content\u00bb _builder_version=\u00bb4.27.4&#8243; _module_preset=\u00bbdefault\u00bb da_is_popup=\u00bboff\u00bb da_exit_intent=\u00bboff\u00bb da_has_close=\u00bbon\u00bb da_alt_close=\u00bboff\u00bb da_dark_close=\u00bboff\u00bb da_not_modal=\u00bbon\u00bb da_is_singular=\u00bboff\u00bb da_with_loader=\u00bboff\u00bb da_has_shadow=\u00bbon\u00bb da_disable_devices=\u00bboff|off|off\u00bb][et_pb_row _builder_version=\u00bb4.27.4&#8243; _module_preset=\u00bbdefault\u00bb theme_builder_area=\u00bbpost_content\u00bb][et_pb_column _builder_version=\u00bb4.27.4&#8243; _module_preset=\u00bbdefault\u00bb type=\u00bb4_4&#8243; theme_builder_area=\u00bbpost_content\u00bb][et_pb_text _builder_version=\u00bb4.27.4&#8243; _module_preset=\u00bbdefault\u00bb theme_builder_area=\u00bbpost_content\u00bb hover_enabled=\u00bb0&#8243; sticky_enabled=\u00bb0&#8243;]<\/p>\n<div id=\"main-content\">\n<article id=\"post-28743\" class=\"post-28743 page type-page status-publish hentry grow-content-body\">\n<div class=\"entry-content\">\n<div class=\"et-l et-l--post\">\n<div class=\"et_builder_inner_content et_pb_gutters3\">\n<p><strong>1. CONDICIONES GENERALES DE COMPRA<\/strong><\/p>\n<p>1.1. CONDICIONES DE COMPRA<\/p>\n<p>Los presentes t\u00e9rminos y condiciones generales de venta regulan de manera integral todas las transacciones de venta que se puedan ofertar, prestar o realizar desde la Associaci\u00f3 de Diabetis de Catalunya XXI \u2013ADC, ubicada en la p\u00e1gina web www.adc.cat<\/p>\n<p>Al usar este sitio web usted queda vinculado a estas condiciones por lo que le recomendamos que las lea detenidamente. Si usted no est\u00e1 de acuerdo con ellas deber\u00e1 abandonar el sitio web.<\/p>\n<ol>\n<li><strong>DISPOSICIONES PRELIMINARES<\/strong><\/li>\n<\/ol>\n<p>Las presentes condiciones de compra est\u00e1n disponibles en dos modalidades: Donaciones y Colonias \/ Campamentos para ni\u00f1os con diabetes, estas condiciones son de aplicaci\u00f3n para todos los servicios y actividades promocionados y ofrecidos por la Associaci\u00f3 de Diabetis de Catalunya XXI \u2013ADC, que hayan sido realizadas a trav\u00e9s del sitio web www.adc.cat (en adelante \u00absitio web\u00bb).<\/p>\n<p>Al realizar un pedido, usted nos garantiza que es mayor de 18 a\u00f1os y que tiene capacidad legal para cursar contratos vinculantes.<\/p>\n<p>Los pedidos solamente podr\u00e1n realizarse para adquirir productos y actividades sin \u00e1nimo de reventa. Est\u00e1 terminantemente prohibida cualquier reventa o distribuci\u00f3n de los productos adquiridos a trav\u00e9s del sitio web.<\/p>\n<p>Nos reservamos el derecho de poder anular pedidos fraudulentos, falsos o especulativos as\u00ed como aquellos pedidos que hayan sido solicitados por alg\u00fan cliente con el que pueda existir alguna diferencia\/controversia en pedidos anteriores, o cu\u00e1ndo existan dudas razonables que nos puedan hacer pensar que el cliente est\u00e1 violando alguna de las condiciones de compra especificadas o est\u00e9 participando en alguna actividad delictiva.<\/p>\n<p>Podremos actualizar las presentes condiciones de compra as\u00ed como el aviso legal en cualquier momento. Usted siempre podr\u00e1 consultar e imprimir la versi\u00f3n actualizada de ambos textos pulsando los v\u00ednculos \u00abCondiciones de Compra\u00bb y \u00abAvisos Legales\u00bb.<\/p>\n<p><strong>1.1. Obligaciones del usuario<\/strong><\/p>\n<p>Como usuario est\u00e1 obligado a comunicar a Associaci\u00f3 de Diabetis de Catalunya XXI \u2013ADC, todos los datos necesarios para el acceso y utilizaci\u00f3n de los servicios de este sitio web. Estos deber\u00e1n ser veraces, actuales y consiente que podremos hacer uso de ellos para ponemos en contacto con usted si es necesario.<\/p>\n<p>Es indispensable que facilite toda la informaci\u00f3n que catalogamos como obligatoria, ya que, de no hacerlo no podremos cursar su pedido. No seremos responsables en ning\u00fan caso de posibles retrasos o fallos en la entrega como consecuencia del error u omisi\u00f3n de estos datos.<\/p>\n<p>El usuario deber\u00e1 hacer un uso adecuado de los servicios y actividades incluidos en el sitio web, siempre de conformidad con el ordenamiento jur\u00eddico y no llevar\u00e1 a cabo actividad alguna que dificulte o interfiera en su funcionamiento.<\/p>\n<p><strong>1.2. Medidas de seguridad<\/strong><\/p>\n<p>Estableceremos todos los mecanismos razonables a nuestro alcance para garantizar que sus datos personales se conservan con seguridad en todo momento. Sin embargo, usted acepta que ninguna transmisi\u00f3n de datos a trav\u00e9s de Internet puede garantizarse como segura frente a accesos por receptores no autorizados y no nos podr\u00e1 hacer responsables por cualquier fallo de seguridad salvo que se deba a nuestra negligencia.<\/p>\n<p>Asimismo usted deber\u00e1 adoptar las medidas de seguridad necesarias, tanto personales como materiales, para mantener la confidencialidad de su nombre de usuario y contrase\u00f1a y notificarnos inmediatamente la p\u00e9rdida, extrav\u00edo, sustracci\u00f3n, robo o acceso ileg\u00edtimo de su nombre de usuario y contrase\u00f1a, as\u00ed como su conocimiento por terceras personas.<\/p>\n<ol>\n<li value=\"2\">CONDICIONES APLICABLES A LOS PEDIDOS<\/li>\n<\/ol>\n<p>Todos los servicios y actividades que se ofertan en este sitio web son directamente servicios ofrecidos para asociados o no asociados de la Associaci\u00f3 de Diabetis de Catalunya XXI \u2013ADC, con CIF G60219763 y en C\/ Arag\u00f3 63, ent. 2a.08015 .Barcelona (Barcelona)<\/p>\n<p><strong>2.1. Procedimiento de compra<\/strong><\/p>\n<p>Podr\u00e1 navegar en el sitio web hasta encontrar los servicios y actividades deseados. Una vez localizado, pulsando sobre el mismo acceder\u00e1 a toda la informaci\u00f3n de detalle que le ofrece el sitio web. Desde ah\u00ed podr\u00e1 a\u00f1adir el producto a su compra.<\/p>\n<p>Si est\u00e1 realizando un pedido por primera vez con nosotros, se le pedir\u00e1 que se registre introduciendo su direcci\u00f3n de email y una contrase\u00f1a con la que podr\u00e1 crear y acceder a su cuenta.<\/p>\n<p>En el caso de que se trate de un usuario registrado y con una cuenta activa, deber\u00e1 introducir su email y contrase\u00f1a y el sistema reconocer\u00e1 sus datos.<\/p>\n<p>Una vez est\u00e9 en su cuenta podr\u00e1 continuar su compra y finalmente confirmar el pedido.<\/p>\n<p><strong>2.2. Contrato con Associaci\u00f3 de Diabetis de Catalunya XXI \u2013ADC, y aceptaci\u00f3n de pedidos<\/strong><\/p>\n<p>El pedido no ser\u00e1 aceptado por nosotros hasta que el importe haya sido cargado a su cuenta. Tras confirmar la compra, recibir\u00e1 un e-mail como acuse de recibo, pero ello no implicar\u00e1 que el pedido haya sido aceptado, ya que estar\u00e1n sujetos a nuestra posterior comprobaci\u00f3n y aceptaci\u00f3n.<\/p>\n<p><strong>2.3. Forma de pago y seguridad<\/strong><\/p>\n<p>Cualquier pedido realizado debe ser abonado de forma inmediata tras la confirmaci\u00f3n del pedido. \u00danicamente se cursar\u00e1n pedidos para los que se haya completado y verificado el pago del mismo.<\/p>\n<p>El pago debe realizarse mediante, tarjeta de cr\u00e9dito y d\u00e9bito (emitida por una entidad con sede social en Espa\u00f1a), y PayPal.<\/p>\n<p>Los precios aplicables a cada producto ser\u00e1n los publicados en el sitio web y aplicado de forma autom\u00e1tica por el proceso de contrataci\u00f3n en la \u00faltima fase del mismo. El cliente asume que en todo caso la valoraci\u00f3n econ\u00f3mica de algunos de los productos\/servicios podr\u00e1 variar en tiempo real. En todo caso esto ser\u00e1 siempre comunicado previamente a los usuarios.<\/p>\n<p>El usuario podr\u00e1 hacer uso, para el abono de los productos\/servicios adquiridos a trav\u00e9s de la Web, de las siguientes formas de pago:<\/p>\n<p><u>Tarjeta de cr\u00e9dito<\/u>, a trav\u00e9s de una pasarela de pagos (TPV Virtual): En este supuesto, los datos del Usuario y de la compra ser\u00e1n introducidos y transmitidos directamente por el Usuario a la entidad titular de la pasarela. Estos datos no ser\u00e1n guardados o manipulados por nosotros, sino que ser\u00e1n registrados directamente en la pasarela de pagos de la entidad financiera correspondiente. Para mayor seguridad, utilizaremos un Servicio de Autenticaci\u00f3n de Comercio Electr\u00f3nico Seguro, sistema establecido por Visa \/ Mastercard \/ Eurocard, por el que cliente se autentifica ante su bancos emisor y el comercio se autentifica ante su banco adquiriente. El importe del pedido se cargar\u00e1 en su tarjeta, de forma que deber\u00e1 indicarnos el n\u00famero, la fecha de caducidad as\u00ed como el c\u00f3digo de seguridad CW2 (en el reverso de su tarjeta). En el caso de que su tarjeta est\u00e9 securizada, se le pedir\u00e1n los c\u00f3digos de seguridad pertinentes. El comprador puede pagar su pedido mediante la pasarela bancaria ES42 2100 3291 9621 0029 6794.<\/p>\n<p>El cargo se llevar\u00e1 a cabo en tiempo real a trav\u00e9s de esta pasarela de pago. En caso de que el cargo no pueda llevarse a cabo finalmente (por cualquier causa), el pedido quedar\u00e1 anulado autom\u00e1ticamente.<\/p>\n<p><u>PayPal<\/u>: En este supuesto, el usuario deber\u00e1 estar registrado previamente y ser usuario de PayPal. Para realizar el pago, se solicitar\u00e1 la identificaci\u00f3n como usuario de PayPal, bien para pagar con su tarjeta de cr\u00e9dito, bien para pagar con su saldo PayPal.<\/p>\n<p>Para cualquier informaci\u00f3n sobre el pedido, el usuario contar\u00e1 con el tel\u00e9fono de atenci\u00f3n a clientes del prestador que es 934513406 o v\u00eda correo electr\u00f3nico a la direcci\u00f3n de e-mail adc@adc.cat<\/p>\n<p><strong>2.5 Colonias y Campamentos<\/strong><\/p>\n<p>El m\u00ednimo de inscripciones para realizar la actividad ser\u00e1 de 15 usuarios, en el caso de que no haya ese m\u00ednimo de inscripciones, la asociaci\u00f3n se reserva la posibilidad de anular el grupo.<\/p>\n<p>La asociaci\u00f3n podr\u00e1 cancelar el programa contratado, si no se alcanza el m\u00ednimo de inscripciones previsto para el mismo, ofreciendo plaza en otras fechas disponibles.<\/p>\n<p>Estas actividades est\u00e1n dirigido exclusivamente a los ni\u00f1os con diabetes, hermanos, primos o amigos, el objetivo de estas actividades es mejorar su aprendizaje y aceptaci\u00f3n de la enfermedad.<\/p>\n<p><strong>2.6. Socios<\/strong><\/p>\n<p>Los usuarios que deseen darse de alta con socios, deber\u00e1n cumplimentar el formulario establecido en nuestro web. La condici\u00f3n de socio es personal e intransferible. Podr\u00e1n ser socios aquellas personas f\u00edsicas o jur\u00eddicas con capacidad legal. En caso de ser menor de edad debemos contar con el consentimiento escrito del tutor o tutores legales.<\/p>\n<p>A trav\u00e9s de este formulario, los usuarios deber\u00e1n facilitar sus datos personales identificativos, datos de contacto y datos bancarios.<\/p>\n<p>Los socios, deber\u00e1n satisfacer una cuota, que podr\u00e1 ser de una cuota individual de 60\u20ac, cuota jubilado\/pensionista de 50\u20ac o una cuota familiar de 3 o m\u00e1s miembros de 120\u20ac de forma anual.<\/p>\n<p>Los socios tienen la responsabilidad de mantener sus datos actualizados y comunicar cualquier modificaci\u00f3n a la Associaci\u00f3 de Diabetis de Catalunya XXI \u2013ADC.<\/p>\n<p>Los socios deber\u00e1n no revelar o transmitir ning\u00fan n\u00famero de socio o cualquier otro identificativo a terceras personas, as\u00ed como el resto de datos personales que pudiesen ser utilizados en contra de los intereses de la Associaci\u00f3 de Diabetis de Catalunya XXI \u2013ADC o de terceros.<\/p>\n<p>Los socios est\u00e1n obligados a hacer un uso correcto, de los derechos y ventajas que ofrece tal condici\u00f3n.<\/p>\n<p>La Associaci\u00f3 de Diabetis de Catalunya XXI \u2013ADC se reserva el derecho a denegar o retirar la condici\u00f3n de socio si tiene conocimiento de conductas que vayan en contra de la ley, la moral, las buenas costumbres, as\u00ed como aquellos t\u00e9rminos y condiciones que se hubiesen pactado particularmente con el socio.<\/p>\n<p>Finalmente, los socios podr\u00e1n darse de baja de su condici\u00f3n como socios, en cualquier momento, para ello deber\u00e1n dirigirse a <strong>adc@adc.cat<\/strong> identific\u00e1ndose como socio expresando su voluntad de darse de baja.<\/p>\n<p><strong>2.7 Derecho de desistimiento<\/strong><\/p>\n<p>En virtud del art\u00edculo 103 de la Ley 3\/2014, de 27 de marzo, por la que se modifica el texto refundido de la Ley General para la Defensa de los Consumidores y Usuarios y otras leyes complementarias, aprobado por el Real Decreto Legislativo 1\/2007, de 16 de noviembre, informamos que con arreglo al art\u00edculo 103 letra l de la Ley de Consumidores no procede el derecho de desistimiento, por la naturaleza del suministro de servicios de alojamiento para fines distintos del de servir de vivienda, transporte de bienes, alquiler de veh\u00edculos, comida o servicios relacionados con actividades de esparcimiento, si los contratos prev\u00e9n una fecha o un periodo de ejecuci\u00f3n espec\u00edficos.<\/p>\n<p><strong>2.8 Modificaciones<\/strong><\/p>\n<p>Con el fin de mejorar las prestaciones del sitio web de la Associaci\u00f3 de Diabetis de Catalunya XXI \u2013ADC se reserva el derecho, en cualquier momento y sin previa notificaci\u00f3n al usuario, a modificar, ampliar o suspender temporalmente el contenido o la presentaci\u00f3n, configuraci\u00f3n, especificaciones y servicios del sitio web, de forma unilateral. Asimismo, se reserva el derecho de modificar en cualquier momento las presentes condiciones de uso, as\u00ed como cualesquiera otras condiciones particulares, precios y productos expuestos en la web.<\/p>\n<p><strong>2.9 Resoluci\u00f3n de litigios<\/strong><\/p>\n<p>Resoluci\u00f3n de litigios en l\u00ednea en materia de consumo conforme al Art. 14.1 del Reglamento (UE) 524\/2013: La Comisi\u00f3n Europea facilita una plataforma de resoluci\u00f3n de litigios en l\u00ednea que se encuentra disponible en el siguiente enlace: http:\/\/ec.europa.eu\/consumers\/odr\/<\/p>\n<ol>\n<li value=\"3\"><strong>NULIDAD PARCIAL<\/strong><\/li>\n<\/ol>\n<p>Si cualquier parte de estas condiciones de servicios fuera contraria a Derecho y, por tanto, inv\u00e1lida, ello no afectar\u00e1 a las otras disposiciones conformes a Derecho. Las partes se comprometen a renegociar aquellos puntos de las condiciones de servicio que resultaran nulos y a incorporarlos al resto de las condiciones de servicio.<\/p>\n<ol>\n<li value=\"4\"><strong>MODIFICACION DE LAS CONDICIONES GENERALES DE VENTA<\/strong><\/li>\n<\/ol>\n<p>Associaci\u00f3 de Diabetis de Catalunya XXI \u2013ADC, se reserva el derecho a modificar las condiciones generales de venta sin previo aviso, pudiendo cambiar, suprimir o a\u00f1adir tanto los contenidos y servicios que presten a trav\u00e9s del mismo como la forma en la que estos parezcan presentados o localizados en sus servidores.<\/p>\n<p>Estos cambios deber\u00e1n de ser aceptados por el usuario cada vez que haga efectiva una compra a trav\u00e9s de la web.<\/p>\n<p>Los clientes que no est\u00e9n conformes con las modificaciones de las condiciones generales, deber\u00e1n notificarlo y, a partir de la fecha en la cual la nueva versi\u00f3n entrara en vigor, deber\u00e1n de dejar de utilizar los servicios de la web.<\/p>\n<p>En el supuesto de que algunos de los t\u00e9rminos de las condiciones generales de venta sean declarados ilegales o no oponibles por una decisi\u00f3n judicial, las dem\u00e1s disposiciones mantendr\u00e1n su vigencia.<\/p>\n<ol>\n<li value=\"5\"><strong>LEY APLICABLE Y JURISDICCI\u00d3N<\/strong><\/li>\n<\/ol>\n<p>Este sitio se encuentra ubicado y es operadores de Espa\u00f1a. Todas las cuestiones relativas a este sitio se rigen por las leyes espa\u00f1olas y se someten a la jurisdicci\u00f3n de los Juzgados y Tribunales competentes de Espa\u00f1a, sin que sean de aplicaci\u00f3n los principios sobre conflictos de leyes.<\/p>\n<p>En aquellos casos en que el cliente no tenga la condici\u00f3n de consumidor o usuario, o que tenga domicilio fuera de Espa\u00f1a, se someter\u00e1 a los Juzgados y Tribunales nacionales, con renuncia expresa a cualquier otro fuero que pudiera corresponderles.<\/p>\n<p>Si el usuario decide utilizar o consultar este sitio fuera de Espa\u00f1a, deber\u00e1 tener presente que lo hace por propia iniciativa, y que es responsable del cumplimiento de las leyes pertinentes.<\/p>\n<p>El presente contrato entrar\u00e1 en vigor y surtir\u00e1 plenos efectos desde el momento en que se produzca la aceptaci\u00f3n del cliente o usuario.<\/p>\n<p>El presente contrato, y, por tanto, las condiciones generales que incorpora, juntamente con los anexos (de existir), adem\u00e1s de ser le\u00eddos en esta web, pueden almacenarse, archivarse y reproducirse por los medios electr\u00f3nicos o inform\u00e1ticos habituales.<\/p>\n<\/div>\n<\/div>\n<\/div>\n<\/article>\n<\/div>\n<p>[\/et_pb_text][\/et_pb_column][\/et_pb_row][\/et_pb_section]<\/p>\n","protected":false},"excerpt":{"rendered":"<p>1. CONDICIONES GENERALES DE COMPRA 1.1. CONDICIONES DE COMPRA Los presentes t\u00e9rminos y condiciones generales de venta regulan de manera integral todas las transacciones de venta que se puedan ofertar, [&hellip;]<\/p>\n","protected":false},"author":2,"featured_media":0,"parent":0,"menu_order":0,"comment_status":"closed","ping_status":"closed","template":"","meta":{"_et_pb_use_builder":"on","_et_pb_old_content":"","_et_gb_content_width":"","footnotes":""},"class_list":["post-28743","page","type-page","status-publish","hentry"],"yoast_head":"<!-- This site is optimized with the Yoast SEO plugin v27.5 - https:\/\/yoast.com\/product\/yoast-seo-wordpress\/ -->\n<title>Pol\u00edtica de compra - ADC \u2013 Associaci\u00f3 de Diabetis de Catalunya<\/title>\n<meta name=\"robots\" content=\"noindex, follow\" \/>\n<meta property=\"og:locale\" content=\"es_ES\" \/>\n<meta property=\"og:type\" content=\"article\" \/>\n<meta property=\"og:title\" content=\"Pol\u00edtica de compra - ADC \u2013 Associaci\u00f3 de Diabetis de Catalunya\" \/>\n<meta property=\"og:description\" content=\"1. CONDICIONES GENERALES DE COMPRA 1.1. CONDICIONES DE COMPRA Los presentes t\u00e9rminos y condiciones generales de venta regulan de manera integral todas las transacciones de venta que se puedan ofertar, [&hellip;]\" \/>\n<meta property=\"og:url\" content=\"https:\/\/adc.cat\/es\/politica-de-compra\/\" \/>\n<meta property=\"og:site_name\" content=\"ADC \u2013 Associaci\u00f3 de Diabetis de Catalunya\" \/>\n<meta property=\"article:publisher\" content=\"https:\/\/www.facebook.com\/ADC.CAT\/\" \/>\n<meta property=\"article:modified_time\" content=\"2025-12-18T16:35:33+00:00\" \/>\n<meta name=\"twitter:card\" content=\"summary_large_image\" \/>\n<meta name=\"twitter:site\" content=\"@ADC_CAT\" \/>\n<meta name=\"twitter:label1\" content=\"Tiempo de lectura\" \/>\n\t<meta name=\"twitter:data1\" content=\"10 minutos\" \/>\n<script type=\"application\/ld+json\" class=\"yoast-schema-graph\">{\"@context\":\"https:\\\/\\\/schema.org\",\"@graph\":[{\"@type\":\"WebPage\",\"@id\":\"https:\\\/\\\/adc.cat\\\/es\\\/politica-de-compra\\\/\",\"url\":\"https:\\\/\\\/adc.cat\\\/es\\\/politica-de-compra\\\/\",\"name\":\"Pol\u00edtica de compra - ADC \u2013 Associaci\u00f3 de Diabetis de Catalunya\",\"isPartOf\":{\"@id\":\"https:\\\/\\\/adc.cat\\\/es\\\/#website\"},\"datePublished\":\"2021-03-12T08:25:50+00:00\",\"dateModified\":\"2025-12-18T16:35:33+00:00\",\"breadcrumb\":{\"@id\":\"https:\\\/\\\/adc.cat\\\/es\\\/politica-de-compra\\\/#breadcrumb\"},\"inLanguage\":\"es\",\"potentialAction\":[{\"@type\":\"ReadAction\",\"target\":[\"https:\\\/\\\/adc.cat\\\/es\\\/politica-de-compra\\\/\"]}]},{\"@type\":\"BreadcrumbList\",\"@id\":\"https:\\\/\\\/adc.cat\\\/es\\\/politica-de-compra\\\/#breadcrumb\",\"itemListElement\":[{\"@type\":\"ListItem\",\"position\":1,\"name\":\"Portada\",\"item\":\"https:\\\/\\\/adc.cat\\\/es\\\/\"},{\"@type\":\"ListItem\",\"position\":2,\"name\":\"Pol\u00edtica de compra\"}]},{\"@type\":\"WebSite\",\"@id\":\"https:\\\/\\\/adc.cat\\\/es\\\/#website\",\"url\":\"https:\\\/\\\/adc.cat\\\/es\\\/\",\"name\":\"ADC \u2013 Associaci\u00f3 de Diabetis de Catalunya\",\"description\":\"L&#039;ADC representa els pacients amb diabetis de Catalunya. Els nostres objectius: informar, aconsellar, ajudar i defensar les persones amb diabetis i promoure la sensibilitzaci\u00f3 de la resta de la societat\",\"publisher\":{\"@id\":\"https:\\\/\\\/adc.cat\\\/es\\\/#organization\"},\"potentialAction\":[{\"@type\":\"SearchAction\",\"target\":{\"@type\":\"EntryPoint\",\"urlTemplate\":\"https:\\\/\\\/adc.cat\\\/es\\\/?s={search_term_string}\"},\"query-input\":{\"@type\":\"PropertyValueSpecification\",\"valueRequired\":true,\"valueName\":\"search_term_string\"}}],\"inLanguage\":\"es\"},{\"@type\":\"Organization\",\"@id\":\"https:\\\/\\\/adc.cat\\\/es\\\/#organization\",\"name\":\"Associaci\u00f3 de Diabetis de Catalunya\",\"url\":\"https:\\\/\\\/adc.cat\\\/es\\\/\",\"logo\":{\"@type\":\"ImageObject\",\"inLanguage\":\"es\",\"@id\":\"https:\\\/\\\/adc.cat\\\/es\\\/#\\\/schema\\\/logo\\\/image\\\/\",\"url\":\"https:\\\/\\\/adc.cat\\\/wp-content\\\/uploads\\\/2022\\\/01\\\/associacio_de_diabetis_catalunya.png\",\"contentUrl\":\"https:\\\/\\\/adc.cat\\\/wp-content\\\/uploads\\\/2022\\\/01\\\/associacio_de_diabetis_catalunya.png\",\"width\":512,\"height\":239,\"caption\":\"Associaci\u00f3 de Diabetis de Catalunya\"},\"image\":{\"@id\":\"https:\\\/\\\/adc.cat\\\/es\\\/#\\\/schema\\\/logo\\\/image\\\/\"},\"sameAs\":[\"https:\\\/\\\/www.facebook.com\\\/ADC.CAT\\\/\",\"https:\\\/\\\/x.com\\\/ADC_CAT\",\"https:\\\/\\\/www.instagram.com\\\/adc_cat\\\/\",\"https:\\\/\\\/www.linkedin.com\\\/company\\\/associacio-de-diabetis-de-catalunya\",\"https:\\\/\\\/www.youtube.com\\\/channel\\\/UC7BiJMxG_5sHYUhMAlevAWA\"]}]}<\/script>\n<!-- \/ Yoast SEO plugin. -->","yoast_head_json":{"title":"Pol\u00edtica de compra - ADC \u2013 Associaci\u00f3 de Diabetis de Catalunya","robots":{"index":"noindex","follow":"follow"},"og_locale":"es_ES","og_type":"article","og_title":"Pol\u00edtica de compra - ADC \u2013 Associaci\u00f3 de Diabetis de Catalunya","og_description":"1. CONDICIONES GENERALES DE COMPRA 1.1. CONDICIONES DE COMPRA Los presentes t\u00e9rminos y condiciones generales de venta regulan de manera integral todas las transacciones de venta que se puedan ofertar, [&hellip;]","og_url":"https:\/\/adc.cat\/es\/politica-de-compra\/","og_site_name":"ADC \u2013 Associaci\u00f3 de Diabetis de Catalunya","article_publisher":"https:\/\/www.facebook.com\/ADC.CAT\/","article_modified_time":"2025-12-18T16:35:33+00:00","twitter_card":"summary_large_image","twitter_site":"@ADC_CAT","twitter_misc":{"Tiempo de lectura":"10 minutos"},"schema":{"@context":"https:\/\/schema.org","@graph":[{"@type":"WebPage","@id":"https:\/\/adc.cat\/es\/politica-de-compra\/","url":"https:\/\/adc.cat\/es\/politica-de-compra\/","name":"Pol\u00edtica de compra - ADC \u2013 Associaci\u00f3 de Diabetis de Catalunya","isPartOf":{"@id":"https:\/\/adc.cat\/es\/#website"},"datePublished":"2021-03-12T08:25:50+00:00","dateModified":"2025-12-18T16:35:33+00:00","breadcrumb":{"@id":"https:\/\/adc.cat\/es\/politica-de-compra\/#breadcrumb"},"inLanguage":"es","potentialAction":[{"@type":"ReadAction","target":["https:\/\/adc.cat\/es\/politica-de-compra\/"]}]},{"@type":"BreadcrumbList","@id":"https:\/\/adc.cat\/es\/politica-de-compra\/#breadcrumb","itemListElement":[{"@type":"ListItem","position":1,"name":"Portada","item":"https:\/\/adc.cat\/es\/"},{"@type":"ListItem","position":2,"name":"Pol\u00edtica de compra"}]},{"@type":"WebSite","@id":"https:\/\/adc.cat\/es\/#website","url":"https:\/\/adc.cat\/es\/","name":"ADC \u2013 Associaci\u00f3 de Diabetis de Catalunya","description":"L&#039;ADC representa els pacients amb diabetis de Catalunya. Els nostres objectius: informar, aconsellar, ajudar i defensar les persones amb diabetis i promoure la sensibilitzaci\u00f3 de la resta de la societat","publisher":{"@id":"https:\/\/adc.cat\/es\/#organization"},"potentialAction":[{"@type":"SearchAction","target":{"@type":"EntryPoint","urlTemplate":"https:\/\/adc.cat\/es\/?s={search_term_string}"},"query-input":{"@type":"PropertyValueSpecification","valueRequired":true,"valueName":"search_term_string"}}],"inLanguage":"es"},{"@type":"Organization","@id":"https:\/\/adc.cat\/es\/#organization","name":"Associaci\u00f3 de Diabetis de Catalunya","url":"https:\/\/adc.cat\/es\/","logo":{"@type":"ImageObject","inLanguage":"es","@id":"https:\/\/adc.cat\/es\/#\/schema\/logo\/image\/","url":"https:\/\/adc.cat\/wp-content\/uploads\/2022\/01\/associacio_de_diabetis_catalunya.png","contentUrl":"https:\/\/adc.cat\/wp-content\/uploads\/2022\/01\/associacio_de_diabetis_catalunya.png","width":512,"height":239,"caption":"Associaci\u00f3 de Diabetis de Catalunya"},"image":{"@id":"https:\/\/adc.cat\/es\/#\/schema\/logo\/image\/"},"sameAs":["https:\/\/www.facebook.com\/ADC.CAT\/","https:\/\/x.com\/ADC_CAT","https:\/\/www.instagram.com\/adc_cat\/","https:\/\/www.linkedin.com\/company\/associacio-de-diabetis-de-catalunya","https:\/\/www.youtube.com\/channel\/UC7BiJMxG_5sHYUhMAlevAWA"]}]}},"_links":{"self":[{"href":"https:\/\/adc.cat\/es\/wp-json\/wp\/v2\/pages\/28743","targetHints":{"allow":["GET"]}}],"collection":[{"href":"https:\/\/adc.cat\/es\/wp-json\/wp\/v2\/pages"}],"about":[{"href":"https:\/\/adc.cat\/es\/wp-json\/wp\/v2\/types\/page"}],"author":[{"embeddable":true,"href":"https:\/\/adc.cat\/es\/wp-json\/wp\/v2\/users\/2"}],"replies":[{"embeddable":true,"href":"https:\/\/adc.cat\/es\/wp-json\/wp\/v2\/comments?post=28743"}],"version-history":[{"count":2,"href":"https:\/\/adc.cat\/es\/wp-json\/wp\/v2\/pages\/28743\/revisions"}],"predecessor-version":[{"id":52561,"href":"https:\/\/adc.cat\/es\/wp-json\/wp\/v2\/pages\/28743\/revisions\/52561"}],"wp:attachment":[{"href":"https:\/\/adc.cat\/es\/wp-json\/wp\/v2\/media?parent=28743"}],"curies":[{"name":"wp","href":"https:\/\/api.w.org\/{rel}","templated":true}]}}