{"id":6154,"date":"2019-03-06T10:13:17","date_gmt":"2019-03-06T09:13:17","guid":{"rendered":"https:\/\/adc.cat\/nosotros\/delegaciones\/"},"modified":"2026-03-16T10:09:56","modified_gmt":"2026-03-16T09:09:56","slug":"delegaciones","status":"publish","type":"page","link":"https:\/\/adc.cat\/es\/delegaciones\/","title":{"rendered":"Delegaciones"},"content":{"rendered":"<p>[et_pb_section fb_built=\u00bb1&#8243; fullwidth=\u00bbon\u00bb _builder_version=\u00bb4.16&#8243; background_image=\u00bbhttps:\/\/adc.cat\/wp-content\/uploads\/2019\/03\/adc-1.jpg\u00bb parallax=\u00bbon\u00bb da_disable_devices=\u00bboff|off|off\u00bb global_colors_info=\u00bb{}\u00bb da_is_popup=\u00bboff\u00bb da_exit_intent=\u00bboff\u00bb da_has_close=\u00bbon\u00bb da_alt_close=\u00bboff\u00bb da_dark_close=\u00bboff\u00bb da_not_modal=\u00bbon\u00bb da_is_singular=\u00bboff\u00bb da_with_loader=\u00bboff\u00bb da_has_shadow=\u00bbon\u00bb][et_pb_fullwidth_header title=\u00bbDELEGACIONES\u00bb text_orientation=\u00bbcenter\u00bb header_scroll_down=\u00bbon\u00bb scroll_down_icon=\u00bb%%8%%\u00bb scroll_down_icon_size=\u00bb44px\u00bb _builder_version=\u00bb4.16&#8243; title_font=\u00bbAcme||||||||\u00bb title_font_size=\u00bb53px\u00bb title_letter_spacing=\u00bb1px\u00bb content_font=\u00bb||||||||\u00bb background_color=\u00bbrgba(126,190,197,0)\u00bb custom_margin=\u00bb-46px||\u00bb title_font_size_tablet=\u00bb\u00bb title_font_size_phone=\u00bb50px\u00bb title_font_size_last_edited=\u00bbon|desktop\u00bb title_text_shadow_style=\u00bbpreset1&#8243; title_text_shadow_horizontal_length=\u00bb-0.04em\u00bb title_text_shadow_vertical_length=\u00bb0.01em\u00bb title_text_shadow_blur_strength=\u00bb0.19em\u00bb title_text_shadow_color=\u00bbrgba(12,113,195,0.29)\u00bb global_colors_info=\u00bb{}\u00bb title_font_size__hover_enabled=\u00bbon\u00bb title_font_size__hover=\u00bb53px\u00bb][\/et_pb_fullwidth_header][\/et_pb_section][et_pb_section fb_built=\u00bb1&#8243; _builder_version=\u00bb4.16&#8243; da_disable_devices=\u00bboff|off|off\u00bb global_colors_info=\u00bb{}\u00bb da_is_popup=\u00bboff\u00bb da_exit_intent=\u00bboff\u00bb da_has_close=\u00bbon\u00bb da_alt_close=\u00bboff\u00bb da_dark_close=\u00bboff\u00bb da_not_modal=\u00bbon\u00bb da_is_singular=\u00bboff\u00bb da_with_loader=\u00bboff\u00bb da_has_shadow=\u00bbon\u00bb][et_pb_row _builder_version=\u00bb4.16&#8243; global_colors_info=\u00bb{}\u00bb][et_pb_column type=\u00bb4_4&#8243; _builder_version=\u00bb4.16&#8243; global_colors_info=\u00bb{}\u00bb][et_pb_text _builder_version=\u00bb4.16&#8243; text_text_color=\u00bb#ffffff\u00bb background_color=\u00bb#0C71C3&#8243; global_colors_info=\u00bb{}\u00bb]<\/p>\n<p style=\"text-align: center;\">Los horarios habituales de nuestras delegaciones pueden cambiar durante el verano.<\/p>\n<p>[\/et_pb_text][\/et_pb_column][\/et_pb_row][et_pb_row column_structure=\u00bb1_2,1_2&#8243; _builder_version=\u00bb4.16&#8243; global_colors_info=\u00bb{}\u00bb][et_pb_column type=\u00bb1_2&#8243; _builder_version=\u00bb4.16&#8243; custom_padding=\u00bb|||\u00bb global_colors_info=\u00bb{}\u00bb custom_padding__hover=\u00bb|||\u00bb][et_pb_text _builder_version=\u00bb4.27.4&#8243; text_font=\u00bb||||||||\u00bb link_font=\u00bb||||on|||#0C71C3|\u00bb link_text_color=\u00bb#0C71C3&#8243; global_colors_info=\u00bb{}\u00bb]<\/p>\n<p><strong>Servicios Centrales \u2013 Delegaci\u00f3n de Barcelona<\/strong><\/p>\n<ul>\n<li>Calle Arag\u00f3 63, entresuelo 2a, 08015, Barcelona <span style=\"color: #e00b00;\">*<\/span><\/li>\n<li>Tel\u00e9fono: 93 451 34 06 \/ 686 32 75 63<\/li>\n<li><span style=\"color: #2353ff;\"><a href=\"mailto:adc@adc.cat\" style=\"color: #2353ff;\">adc@adc.cat<\/a><\/span><\/li>\n<li><span style=\"color: #2353ff;\"><a href=\"mailto:adcbarcelona@adc.cat\" style=\"color: #2353ff;\">adcbarcelona@adc.cat<\/a><\/span><\/li>\n<\/ul>\n<p><strong>Horario de atenci\u00f3n al p\u00fablico y tienda:<\/strong><\/p>\n<ul>\n<li>Martes y viernes de 9:30 a 13:30 h<\/li>\n<li>Lunes, mi\u00e9rcoles y jueves de 15:30 a 19:00 h<\/li>\n<\/ul>\n<div class=\"textarea-desti col-xs-12 col-sm-6\">\n<div class=\"form-control second-textarea\">Atenci\u00f3n personalizada para \u00a0pacientes \u00a0con diabetes tipo II con o sin sensor. Cada lunes de 16h hasta las 19h (menos julio y agosto ). Sin inscripci\u00f3n previa.<\/div>\n<div class=\"form-control second-textarea\"><\/div>\n<\/div>\n<hr \/>\n<p><strong>Alt Pened\u00e8s<\/strong><\/p>\n<ul>\n<li>Calle Escorxador 19-21<\/li>\n<li>08720 Vilafranca del Pened\u00e8s (Barcelona)<\/li>\n<li>Tel\u00e9fono: 629 441 808<\/li>\n<li><a href=\"mailto:adcaltpenedes@adc.cat\">adcaltpenedes@adc.cat<\/a><\/li>\n<\/ul>\n<p><strong>Horario de atenci\u00f3n al p\u00fablico:<\/strong><\/p>\n<ul>\n<li>Horas concertadas<\/li>\n<\/ul>\n<hr \/>\n<p><strong>Amposta<\/strong><\/p>\n<ul>\n<li>Tel\u00e9fono: 93 451 34 06<\/li>\n<li><a href=\"mailto:adcamposta@adc.cat\">adcamposta@adc.cat<\/a><\/li>\n<\/ul>\n<hr \/>\n<p><strong>Anoia<\/strong><\/p>\n<ul>\n<li><a href=\"https:\/\/www.google.com\/search?q=Centre+C%C3%ADvic+Nord.+(Espai+d%27entitats).+C%2F+Sant+Marti+de+Tous%2C+6.&amp;oq=Centre+C%C3%ADvic+Nord.+(Espai+d%27entitats).+C%2F+Sant+Marti+de+Tous%2C+6.&amp;aqs=chrome..69i57.342j0j7&amp;sourceid=chrome&amp;ie=UTF-\" target=\"_blank\" rel=\"noopener\">Centre C\u00edvic Nord. (Espai d&#8217;entitats). C\/ Sant Marti de Tous, 8<\/a><\/li>\n<li>08700 Igualada (Barcelona)<\/li>\n<li>Tel\u00e9fono: 656695601<\/li>\n<li><a href=\"mailto:adcanoia@adc.cat\">adcanoia@adc.cat<\/a><\/li>\n<\/ul>\n<p><strong>Horario de atenci\u00f3n al p\u00fablico:<\/strong><\/p>\n<ul>\n<li>Horas concertadas.<\/li>\n<\/ul>\n<hr \/>\n<p><strong>Baix Llobregat<\/strong><strong><\/strong><strong><\/strong><\/p>\n<ul>\n<li>Centro C\u00edvico Virginia Amposta<\/li>\n<li>C\/ D&#8217; Antoni Mampel 1,3 (Sant Vicen\u00e7s dels Horts)<\/li>\n<li>Tel\u00e9fono: 615 12 35 86 (Sandra Sepulveda).<\/li>\n<li><a href=\"mailto:adcanoia@adc.cat\">adcbaixllobregat@adc.cat<\/a><\/li>\n<\/ul>\n<p><strong>Horario de atenci\u00f3n al p\u00fablico:<\/strong><\/p>\n<ul>\n<li>\u00a0Martes de 17:00 a 19:30 h<\/li>\n<li>Jueves de 11:00 a 13:00 h<\/li>\n<\/ul>\n<hr \/>\n<p><strong>Comarques Gironines<\/strong><\/p>\n<ul>\n<li>Hotel de Entidades. Calle Rutlla 20-22<\/li>\n<li>17002 Girona (Girona)<\/li>\n<li>Tel\u00e9fono: 972 20 50 20<\/li>\n<li>M\u00f3vil: 670 105 230<\/li>\n<li><a href=\"mailto:adcgirona@adc.cat\">adcgirona@adc.cat<\/a><\/li>\n<\/ul>\n<p><strong>Horario de atenci\u00f3n al p\u00fablico:<\/strong><\/p>\n<ul>\n<li>Lunes y mi\u00e9rcoles de 16:00 a 19:30 h<\/li>\n<li>Martes, jueves y viernes de 9:30 a 13:00 h<\/li>\n<\/ul>\n<hr \/>\n<p><strong>Conca de Barber\u00e0-Alt Camp<\/strong><\/p>\n<ul>\n<li>Tel\u00e9fono: 640785429\u00a0(Jordi Silvestre)<\/li>\n<\/ul>\n<p><strong>Horario de atenci\u00f3n al p\u00fablico:<\/strong><\/p>\n<ul>\n<li>Martes y jueves de 10 a 13 h<\/li>\n<\/ul>\n<hr \/>\n<p><strong>L\u2019Hospitalet<\/strong><\/p>\n<ul>\n<li><a href=\"https:\/\/www.google.com\/maps\/place\/Hotel+d'Entitats+Sanfeliu+de+L'Hospitalet+de+Llobregat\/@41.3645523,2.0867388,17z\/data=!3m1!4b1!4m5!3m4!1s0x12a49915ac12d4bb:0xa2b94b65f4cebaa4!8m2!3d41.3645483!4d2.0889275?hl=ca\" target=\"_blank\" rel=\"noopener\">Hotel d\u2019Entitats, ADC l\u2019Hospitalet. Mare de D\u00e9u de Bellvitge, 20<\/a><\/li>\n<li>08907 L&#8217;Hospitalet de Llobregat (Barcelona)<\/li>\n<li>Tel\u00e9fono: 609 456 563 (Virginia)<\/li>\n<li><a href=\"mailto:adclhospitalet@adc.cat\">adclhospitalet@adc.cat<\/a><\/li>\n<\/ul>\n<p><strong>Horario de atenci\u00f3n al p\u00fablico:<\/strong><\/p>\n<ul>\n<li>Mi\u00e9rcoles de 11 h a 13 h con Virginia.<\/li>\n<\/ul>\n<hr \/>\n<p><strong>Lleida ciudad (subdelegaciones en T\u00e0rrega, Les Borges Blanques, Alt Urgell y Alta Ribagor\u00e7a)<\/strong><\/p>\n<ul>\n<li>Centro C\u00edvico La Bal\u00e0fia. Calle Terrassa, 1<\/li>\n<li>25005 Lleida (Lleida)<\/li>\n<li>Tel\u00e9fono: 973 24 89 84<\/li>\n<li><a href=\"mailto:adclleida@adc.cat\">adclleida@adc.cat<\/a><\/li>\n<\/ul>\n<p><strong>Horario de atenci\u00f3n al p\u00fablico:<\/strong><\/p>\n<ul>\n<li>De lunes a viernes de 9:30 a 13 h, con cita previa.<\/li>\n<li>Espacio de Salud GSS Lleida: lunes y martes de 17 a 19:30 h.<\/li>\n<\/ul>\n<hr \/>\n<p><strong>Maresme<\/strong><\/p>\n<ul>\n<li>Tel\u00e9fono: 93 451 34 06 (Servicios Centrales)<\/li>\n<li><a href=\"mailto:adcmaresme@adc.cat\">adcmaresme@adc.cat<\/a><\/li>\n<\/ul>\n<hr \/>\n<p><strong>Osona (Vic)<\/strong><\/p>\n<ul>\n<li>608 13 52 35 (Jan). Horario de atenci\u00f3n al p\u00fablico: A concretar con cita previa por tel\u00e9fono.<\/li>\n<li>600 309 594 (Helena). Horario de atenci\u00f3n al p\u00fablico: a concretar con cita previa por tel\u00e9fono, de 10 a 15h de lunes a mi\u00e9rcoles.<\/li>\n<li><a href=\"mailto:adcosona@adc.cat\">adcosona@adc.cat<\/a><\/li>\n<\/ul>\n<hr \/>\n<p><strong>Sabadell-Sant Cugat<\/strong><\/p>\n<ul>\n<li>Centro de Entidades Gaud\u00ed. Paseo Gaud\u00ed 31<\/li>\n<li>08203 Sabadell (Barcelona)<\/li>\n<li>Tel\u00e9fono: 93 727 02 47 o al 93 451 34 06<\/li>\n<li><a href=\"mailto:adcsabadellsantcugat@adc.cat\">adcsabadellsantcugat@adc.cat<\/a><\/li>\n<\/ul>\n<p><strong>Horario de atenci\u00f3n al p\u00fablico:<\/strong><\/p>\n<ul>\n<li>Jueves de 11:00 a 14:00.<\/li>\n<\/ul>\n<p><strong><span style=\"color: #e02b20;\">De forma temporal y hasta nuevo aviso, la atenci\u00f3n en esta delegaci\u00f3n se traslada a <\/span><\/strong><strong><span style=\"color: #e02b20;\">ADC Terrassa: Carrer Mart\u00edn D\u00edez 7, 1r. 08224, Terrassa. <\/span><\/strong><\/p>\n<p><strong><span style=\"color: #e02b20;\">Horario de atenci\u00f3n al p\u00fablico: martes de 11 a 14h.<\/span><\/strong><\/p>\n<hr \/>\n<p><strong>Tarragona<\/strong><\/p>\n<ul>\n<li>Tel\u00e9fono: 93 451 34 06 (Servicios Centrales)<\/li>\n<li><a href=\"mailto:adctarragona@adc.cat\">adctarragona@adc.cat<\/a><\/li>\n<\/ul>\n<hr \/>\n<p><strong>Terrassa<\/strong><\/p>\n<ul>\n<li>Calle Mart\u00edn D\u00edez 7, 1\u00ba<\/li>\n<li>08224 Terrassa (Barcelona)<\/li>\n<li>Tel\u00e9fono: 93 780 29 55<\/li>\n<li><a href=\"mailto:adcterrassa@adc.cat\">adcterrassa@adc.cat<\/a><\/li>\n<\/ul>\n<p><strong>Horario de atenci\u00f3n al p\u00fablico:<\/strong><\/p>\n<ul>\n<li>Martes de 11:00 a 14:00.\u00a0<\/li>\n<\/ul>\n<hr \/>\n<p><strong>Val d&#8217;Aran <\/strong><\/p>\n<ul>\n<li>Vielha e Mijaran<\/li>\n<li>616 638 288 (Judith)<\/li>\n<\/ul>\n<p><strong>Horario de atenci\u00f3n al p\u00fablico:<\/strong><\/p>\n<ul>\n<li>Con cita previa.<\/li>\n<\/ul>\n<p>[\/et_pb_text][\/et_pb_column][et_pb_column type=\u00bb1_2&#8243; _builder_version=\u00bb4.16&#8243; custom_padding=\u00bb|||\u00bb global_colors_info=\u00bb{}\u00bb custom_padding__hover=\u00bb|||\u00bb][et_pb_text _builder_version=\u00bb4.16&#8243; _module_preset=\u00bbdefault\u00bb global_colors_info=\u00bb{}\u00bb]<\/p>\n<h3><img decoding=\"async\" class=\"wp-image-34327 alignleft\" src=\"https:\/\/adc.cat\/wp-content\/uploads\/2022\/05\/delegacio-virtual-200x300.jpg\" alt=\"delegacio virtual ADC\" width=\"112\" height=\"178\" \/>Delegaci\u00f3n virtual<\/h3>\n<p>Si vives en una zona alejada de cualquier delegaci\u00f3n f\u00edsica de la ADC y\/o no puedes desplazarte con facilidad y tienes Internet para comunicarte en l\u00ednea, puedes formar parte de nuestra delegaci\u00f3n virtual. La delegaci\u00f3n virtual te permite todas las ventajas del resto de delegaciones con la \u00fanica diferencia que la atenci\u00f3n personalizada es virtual. Esta elecci\u00f3n de registro no es compatible si ya est\u00e1s registrado en una delegaci\u00f3n territorial f\u00edsica. M\u00e1s informaci\u00f3n al tel\u00e9fono de Servicios Centrales 93 451 34 06 o por mail: adcbarcelona@adc.cat.<\/p>\n<p>[\/et_pb_text][et_pb_code raw_content_tablet=\u00bb<iframe src=%22https:\/\/www.google.com\/maps\/d\/embed?mid=1zgM4nRmycXnzp1edi8YJ8atE1pWUDnwc&#038;hl=ca%22 width=%22640%22 height=%22480%22><\/iframe>\u00bb raw_content_phone=\u00bb<iframe src=%22https:\/\/www.google.com\/maps\/d\/embed?mid=1zgM4nRmycXnzp1edi8YJ8atE1pWUDnwc&#038;hl=ca%22 width=%22640%22 height=%22480%22><\/iframe>\u00bb raw_content_last_edited=\u00bbon|tablet\u00bb _builder_version=\u00bb4.16&#8243; global_colors_info=\u00bb{}\u00bb]<pee><iframe src=\"https:\/\/www.google.com\/maps\/d\/embed?mid=1UkQQe7Dzvgmtcoi6EhEaqz3C5poJLybA&#038;hl=ca\" width=\"640\" height=\"480\"><\/iframe><\/pee>[\/et_pb_code][et_pb_text _builder_version=\u00bb4.16&#8243; global_colors_info=\u00bb{}\u00bb]<span style=\"font-weight: 400;\">A trav\u00e9s de las <strong>delegaciones<\/strong> de la ADC, los socios y socias tienen un punto de atenci\u00f3n personalizada y el acceso a la parte m\u00e1s humana de la entidad, ya que tienen a su disposici\u00f3n un equipo de personas que le acompa\u00f1ar\u00e1n a fin de resolver dudas, informarse y asesorarse en todas aquellas cuestiones derivadas de la diabetes.<\/span>[\/et_pb_text][\/et_pb_column][\/et_pb_row][\/et_pb_section]<\/p>\n","protected":false},"excerpt":{"rendered":"<p>Los horarios habituales de nuestras delegaciones pueden cambiar durante el verano.Servicios Centrales \u2013 Delegaci\u00f3n de Barcelona Calle Arag\u00f3 63, entresuelo 2a, 08015, Barcelona * Tel\u00e9fono: 93 451 34 06 \/ [&hellip;]<\/p>\n","protected":false},"author":5,"featured_media":0,"parent":0,"menu_order":0,"comment_status":"closed","ping_status":"closed","template":"","meta":{"_et_pb_use_builder":"on","_et_pb_old_content":"","_et_gb_content_width":"","footnotes":""},"class_list":["post-6154","page","type-page","status-publish","hentry"],"yoast_head":"<!-- This site is optimized with the Yoast SEO plugin v26.4 - https:\/\/yoast.com\/wordpress\/plugins\/seo\/ -->\n<title>Delegaciones - ADC \u2013 Associaci\u00f3 de Diabetis de Catalunya<\/title>\n<meta name=\"description\" content=\"La ADC tenemos delegaciones en el territorio catal\u00e1n donde damos diferentes servicios a las personas con diabetes y sus familiares.\" \/>\n<meta name=\"robots\" content=\"index, follow, max-snippet:-1, max-image-preview:large, max-video-preview:-1\" \/>\n<link rel=\"canonical\" href=\"https:\/\/adc.cat\/es\/delegaciones\/\" \/>\n<meta property=\"og:locale\" content=\"es_ES\" \/>\n<meta property=\"og:type\" content=\"article\" \/>\n<meta property=\"og:title\" content=\"Delegaciones - ADC \u2013 Associaci\u00f3 de Diabetis de Catalunya\" \/>\n<meta property=\"og:description\" content=\"La ADC tenemos delegaciones en el territorio catal\u00e1n donde damos diferentes servicios a las personas con diabetes y sus familiares.\" \/>\n<meta property=\"og:url\" content=\"https:\/\/adc.cat\/es\/delegaciones\/\" \/>\n<meta property=\"og:site_name\" content=\"ADC \u2013 Associaci\u00f3 de Diabetis de Catalunya\" \/>\n<meta property=\"article:publisher\" content=\"https:\/\/www.facebook.com\/ADC.CAT\/\" \/>\n<meta property=\"article:modified_time\" content=\"2026-03-16T09:09:56+00:00\" \/>\n<meta property=\"og:image\" content=\"https:\/\/adc.cat\/wp-content\/uploads\/2022\/06\/delegacions-ADC-diabetis.jpg\" \/>\n<meta name=\"twitter:card\" content=\"summary_large_image\" \/>\n<meta name=\"twitter:image\" content=\"https:\/\/adc.cat\/wp-content\/uploads\/2022\/06\/delegacions-ADC-diabetis.jpg\" \/>\n<meta name=\"twitter:site\" content=\"@ADC_CAT\" \/>\n<meta name=\"twitter:label1\" content=\"Tiempo de lectura\" \/>\n\t<meta name=\"twitter:data1\" content=\"4 minutos\" \/>\n<script type=\"application\/ld+json\" class=\"yoast-schema-graph\">{\"@context\":\"https:\/\/schema.org\",\"@graph\":[{\"@type\":\"WebPage\",\"@id\":\"https:\/\/adc.cat\/es\/delegaciones\/\",\"url\":\"https:\/\/adc.cat\/es\/delegaciones\/\",\"name\":\"Delegaciones - ADC \u2013 Associaci\u00f3 de Diabetis de Catalunya\",\"isPartOf\":{\"@id\":\"https:\/\/adc.cat\/es\/#website\"},\"primaryImageOfPage\":{\"@id\":\"https:\/\/adc.cat\/es\/delegaciones\/#primaryimage\"},\"image\":{\"@id\":\"https:\/\/adc.cat\/es\/delegaciones\/#primaryimage\"},\"thumbnailUrl\":\"https:\/\/adc.cat\/wp-content\/uploads\/2022\/05\/delegacio-virtual-200x300.jpg\",\"datePublished\":\"2019-03-06T09:13:17+00:00\",\"dateModified\":\"2026-03-16T09:09:56+00:00\",\"description\":\"La ADC tenemos delegaciones en el territorio catal\u00e1n donde damos diferentes servicios a las personas con diabetes y sus familiares.\",\"breadcrumb\":{\"@id\":\"https:\/\/adc.cat\/es\/delegaciones\/#breadcrumb\"},\"inLanguage\":\"es\",\"potentialAction\":[{\"@type\":\"ReadAction\",\"target\":[\"https:\/\/adc.cat\/es\/delegaciones\/\"]}]},{\"@type\":\"ImageObject\",\"inLanguage\":\"es\",\"@id\":\"https:\/\/adc.cat\/es\/delegaciones\/#primaryimage\",\"url\":\"https:\/\/adc.cat\/wp-content\/uploads\/2022\/05\/delegacio-virtual-200x300.jpg\",\"contentUrl\":\"https:\/\/adc.cat\/wp-content\/uploads\/2022\/05\/delegacio-virtual-200x300.jpg\"},{\"@type\":\"BreadcrumbList\",\"@id\":\"https:\/\/adc.cat\/es\/delegaciones\/#breadcrumb\",\"itemListElement\":[{\"@type\":\"ListItem\",\"position\":1,\"name\":\"Portada\",\"item\":\"https:\/\/adc.cat\/es\/\"},{\"@type\":\"ListItem\",\"position\":2,\"name\":\"Delegaciones\"}]},{\"@type\":\"WebSite\",\"@id\":\"https:\/\/adc.cat\/es\/#website\",\"url\":\"https:\/\/adc.cat\/es\/\",\"name\":\"ADC \u2013 Associaci\u00f3 de Diabetis de Catalunya\",\"description\":\"L&#039;ADC representa els pacients amb diabetis de Catalunya. Els nostres objectius: informar, aconsellar, ajudar i defensar les persones amb diabetis i promoure la sensibilitzaci\u00f3 de la resta de la societat\",\"publisher\":{\"@id\":\"https:\/\/adc.cat\/es\/#organization\"},\"potentialAction\":[{\"@type\":\"SearchAction\",\"target\":{\"@type\":\"EntryPoint\",\"urlTemplate\":\"https:\/\/adc.cat\/es\/?s={search_term_string}\"},\"query-input\":{\"@type\":\"PropertyValueSpecification\",\"valueRequired\":true,\"valueName\":\"search_term_string\"}}],\"inLanguage\":\"es\"},{\"@type\":\"Organization\",\"@id\":\"https:\/\/adc.cat\/es\/#organization\",\"name\":\"Associaci\u00f3 de Diabetis de Catalunya\",\"url\":\"https:\/\/adc.cat\/es\/\",\"logo\":{\"@type\":\"ImageObject\",\"inLanguage\":\"es\",\"@id\":\"https:\/\/adc.cat\/es\/#\/schema\/logo\/image\/\",\"url\":\"https:\/\/adc.cat\/wp-content\/uploads\/2022\/01\/associacio_de_diabetis_catalunya.png\",\"contentUrl\":\"https:\/\/adc.cat\/wp-content\/uploads\/2022\/01\/associacio_de_diabetis_catalunya.png\",\"width\":512,\"height\":239,\"caption\":\"Associaci\u00f3 de Diabetis de Catalunya\"},\"image\":{\"@id\":\"https:\/\/adc.cat\/es\/#\/schema\/logo\/image\/\"},\"sameAs\":[\"https:\/\/www.facebook.com\/ADC.CAT\/\",\"https:\/\/x.com\/ADC_CAT\",\"https:\/\/www.instagram.com\/adc_cat\/\",\"https:\/\/www.linkedin.com\/company\/associacio-de-diabetis-de-catalunya\",\"https:\/\/www.youtube.com\/channel\/UC7BiJMxG_5sHYUhMAlevAWA\"]}]}<\/script>\n<!-- \/ Yoast SEO plugin. -->","yoast_head_json":{"title":"Delegaciones - ADC \u2013 Associaci\u00f3 de Diabetis de Catalunya","description":"La ADC tenemos delegaciones en el territorio catal\u00e1n donde damos diferentes servicios a las personas con diabetes y sus familiares.","robots":{"index":"index","follow":"follow","max-snippet":"max-snippet:-1","max-image-preview":"max-image-preview:large","max-video-preview":"max-video-preview:-1"},"canonical":"https:\/\/adc.cat\/es\/delegaciones\/","og_locale":"es_ES","og_type":"article","og_title":"Delegaciones - ADC \u2013 Associaci\u00f3 de Diabetis de Catalunya","og_description":"La ADC tenemos delegaciones en el territorio catal\u00e1n donde damos diferentes servicios a las personas con diabetes y sus familiares.","og_url":"https:\/\/adc.cat\/es\/delegaciones\/","og_site_name":"ADC \u2013 Associaci\u00f3 de Diabetis de Catalunya","article_publisher":"https:\/\/www.facebook.com\/ADC.CAT\/","article_modified_time":"2026-03-16T09:09:56+00:00","og_image":[{"url":"https:\/\/adc.cat\/wp-content\/uploads\/2022\/06\/delegacions-ADC-diabetis.jpg","type":"","width":"","height":""}],"twitter_card":"summary_large_image","twitter_image":"https:\/\/adc.cat\/wp-content\/uploads\/2022\/06\/delegacions-ADC-diabetis.jpg","twitter_site":"@ADC_CAT","twitter_misc":{"Tiempo de lectura":"4 minutos"},"schema":{"@context":"https:\/\/schema.org","@graph":[{"@type":"WebPage","@id":"https:\/\/adc.cat\/es\/delegaciones\/","url":"https:\/\/adc.cat\/es\/delegaciones\/","name":"Delegaciones - ADC \u2013 Associaci\u00f3 de Diabetis de Catalunya","isPartOf":{"@id":"https:\/\/adc.cat\/es\/#website"},"primaryImageOfPage":{"@id":"https:\/\/adc.cat\/es\/delegaciones\/#primaryimage"},"image":{"@id":"https:\/\/adc.cat\/es\/delegaciones\/#primaryimage"},"thumbnailUrl":"https:\/\/adc.cat\/wp-content\/uploads\/2022\/05\/delegacio-virtual-200x300.jpg","datePublished":"2019-03-06T09:13:17+00:00","dateModified":"2026-03-16T09:09:56+00:00","description":"La ADC tenemos delegaciones en el territorio catal\u00e1n donde damos diferentes servicios a las personas con diabetes y sus familiares.","breadcrumb":{"@id":"https:\/\/adc.cat\/es\/delegaciones\/#breadcrumb"},"inLanguage":"es","potentialAction":[{"@type":"ReadAction","target":["https:\/\/adc.cat\/es\/delegaciones\/"]}]},{"@type":"ImageObject","inLanguage":"es","@id":"https:\/\/adc.cat\/es\/delegaciones\/#primaryimage","url":"https:\/\/adc.cat\/wp-content\/uploads\/2022\/05\/delegacio-virtual-200x300.jpg","contentUrl":"https:\/\/adc.cat\/wp-content\/uploads\/2022\/05\/delegacio-virtual-200x300.jpg"},{"@type":"BreadcrumbList","@id":"https:\/\/adc.cat\/es\/delegaciones\/#breadcrumb","itemListElement":[{"@type":"ListItem","position":1,"name":"Portada","item":"https:\/\/adc.cat\/es\/"},{"@type":"ListItem","position":2,"name":"Delegaciones"}]},{"@type":"WebSite","@id":"https:\/\/adc.cat\/es\/#website","url":"https:\/\/adc.cat\/es\/","name":"ADC \u2013 Associaci\u00f3 de Diabetis de Catalunya","description":"L&#039;ADC representa els pacients amb diabetis de Catalunya. Els nostres objectius: informar, aconsellar, ajudar i defensar les persones amb diabetis i promoure la sensibilitzaci\u00f3 de la resta de la societat","publisher":{"@id":"https:\/\/adc.cat\/es\/#organization"},"potentialAction":[{"@type":"SearchAction","target":{"@type":"EntryPoint","urlTemplate":"https:\/\/adc.cat\/es\/?s={search_term_string}"},"query-input":{"@type":"PropertyValueSpecification","valueRequired":true,"valueName":"search_term_string"}}],"inLanguage":"es"},{"@type":"Organization","@id":"https:\/\/adc.cat\/es\/#organization","name":"Associaci\u00f3 de Diabetis de Catalunya","url":"https:\/\/adc.cat\/es\/","logo":{"@type":"ImageObject","inLanguage":"es","@id":"https:\/\/adc.cat\/es\/#\/schema\/logo\/image\/","url":"https:\/\/adc.cat\/wp-content\/uploads\/2022\/01\/associacio_de_diabetis_catalunya.png","contentUrl":"https:\/\/adc.cat\/wp-content\/uploads\/2022\/01\/associacio_de_diabetis_catalunya.png","width":512,"height":239,"caption":"Associaci\u00f3 de Diabetis de Catalunya"},"image":{"@id":"https:\/\/adc.cat\/es\/#\/schema\/logo\/image\/"},"sameAs":["https:\/\/www.facebook.com\/ADC.CAT\/","https:\/\/x.com\/ADC_CAT","https:\/\/www.instagram.com\/adc_cat\/","https:\/\/www.linkedin.com\/company\/associacio-de-diabetis-de-catalunya","https:\/\/www.youtube.com\/channel\/UC7BiJMxG_5sHYUhMAlevAWA"]}]}},"_links":{"self":[{"href":"https:\/\/adc.cat\/es\/wp-json\/wp\/v2\/pages\/6154","targetHints":{"allow":["GET"]}}],"collection":[{"href":"https:\/\/adc.cat\/es\/wp-json\/wp\/v2\/pages"}],"about":[{"href":"https:\/\/adc.cat\/es\/wp-json\/wp\/v2\/types\/page"}],"author":[{"embeddable":true,"href":"https:\/\/adc.cat\/es\/wp-json\/wp\/v2\/users\/5"}],"replies":[{"embeddable":true,"href":"https:\/\/adc.cat\/es\/wp-json\/wp\/v2\/comments?post=6154"}],"version-history":[{"count":85,"href":"https:\/\/adc.cat\/es\/wp-json\/wp\/v2\/pages\/6154\/revisions"}],"predecessor-version":[{"id":53124,"href":"https:\/\/adc.cat\/es\/wp-json\/wp\/v2\/pages\/6154\/revisions\/53124"}],"wp:attachment":[{"href":"https:\/\/adc.cat\/es\/wp-json\/wp\/v2\/media?parent=6154"}],"curies":[{"name":"wp","href":"https:\/\/api.w.org\/{rel}","templated":true}]}}