{"id":6159,"date":"2019-03-20T16:30:37","date_gmt":"2019-03-20T15:30:37","guid":{"rendered":"https:\/\/adc.cat\/que-hacemos\/"},"modified":"2025-12-01T14:07:53","modified_gmt":"2025-12-01T13:07:53","slug":"que-hacemos","status":"publish","type":"page","link":"https:\/\/adc.cat\/es\/que-hacemos\/","title":{"rendered":"Qu\u00e9 hacemos"},"content":{"rendered":"<p>[et_pb_section fb_built=\u00bb1&#8243; fullwidth=\u00bbon\u00bb _builder_version=\u00bb4.16&#8243; background_image=\u00bbhttps:\/\/adc.cat\/wp-content\/uploads\/2019\/03\/adc-1.jpg\u00bb parallax=\u00bbon\u00bb global_colors_info=\u00bb{}\u00bb da_is_popup=\u00bboff\u00bb da_exit_intent=\u00bboff\u00bb da_has_close=\u00bbon\u00bb da_alt_close=\u00bboff\u00bb da_dark_close=\u00bboff\u00bb da_not_modal=\u00bbon\u00bb da_is_singular=\u00bboff\u00bb da_with_loader=\u00bboff\u00bb da_has_shadow=\u00bbon\u00bb da_disable_devices=\u00bboff|off|off\u00bb][et_pb_fullwidth_header title=\u00bbQU\u00c9 HACEMOS\u00bb text_orientation=\u00bbcenter\u00bb header_scroll_down=\u00bbon\u00bb scroll_down_icon=\u00bb%%8%%\u00bb scroll_down_icon_size=\u00bb44px\u00bb _builder_version=\u00bb4.16&#8243; title_font=\u00bbAcme||||||||\u00bb title_font_size=\u00bb53px\u00bb title_letter_spacing=\u00bb1px\u00bb content_font=\u00bb||||||||\u00bb background_color=\u00bbrgba(126,190,197,0)\u00bb custom_margin=\u00bb-46px||\u00bb title_font_size_tablet=\u00bb\u00bb title_font_size_phone=\u00bb50px\u00bb title_font_size_last_edited=\u00bbon|desktop\u00bb title_text_shadow_style=\u00bbpreset1&#8243; title_text_shadow_horizontal_length=\u00bb-0.04em\u00bb title_text_shadow_vertical_length=\u00bb0.01em\u00bb title_text_shadow_blur_strength=\u00bb0.19em\u00bb title_text_shadow_color=\u00bbrgba(12,113,195,0.29)\u00bb global_colors_info=\u00bb{}\u00bb title_font_size__hover_enabled=\u00bbon\u00bb title_font_size__hover=\u00bb53px\u00bb][\/et_pb_fullwidth_header][\/et_pb_section][et_pb_section fb_built=\u00bb1&#8243; _builder_version=\u00bb4.16&#8243; global_colors_info=\u00bb{}\u00bb da_is_popup=\u00bboff\u00bb da_exit_intent=\u00bboff\u00bb da_has_close=\u00bbon\u00bb da_alt_close=\u00bboff\u00bb da_dark_close=\u00bboff\u00bb da_not_modal=\u00bbon\u00bb da_is_singular=\u00bboff\u00bb da_with_loader=\u00bboff\u00bb da_has_shadow=\u00bbon\u00bb da_disable_devices=\u00bboff|off|off\u00bb][et_pb_row column_structure=\u00bb1_3,1_3,1_3&#8243; _builder_version=\u00bb4.16&#8243; global_colors_info=\u00bb{}\u00bb][et_pb_column type=\u00bb1_3&#8243; _builder_version=\u00bb4.16&#8243; custom_padding=\u00bb|||\u00bb global_colors_info=\u00bb{}\u00bb custom_padding__hover=\u00bb|||\u00bb][et_pb_text _builder_version=\u00bb4.27.4&#8243; text_font=\u00bb||||||||\u00bb text_orientation=\u00bbcenter\u00bb animation_style=\u00bbslide\u00bb link_option_url=\u00bbhttps:\/\/adc.cat\/es\/que-hacemos\/formacion\/\u00bb global_colors_info=\u00bb{}\u00bb]<\/p>\n<p style=\"display: inline-block; background-color: #41cdf6; border-radius: 100px; width: 120px; height: 120px; line-height: 120px;\"><img decoding=\"async\" src=\"https:\/\/adc.cat\/wp-content\/uploads\/2019\/03\/formacio-icon.png\" style=\"vertical-align: middle;\" alt=\"\" class=\"wp-image-389 alignnone size-full\" width=\"63\" height=\"43\" \/><\/p>\n<h2 style=\"margin-top: 10px;\"><span style=\"font-size: large;\">Formaci\u00f3n a escuelas y entidades<\/span><\/h2>\n<p>[\/et_pb_text][\/et_pb_column][et_pb_column type=\u00bb1_3&#8243; _builder_version=\u00bb4.16&#8243; custom_padding=\u00bb|||\u00bb global_colors_info=\u00bb{}\u00bb custom_padding__hover=\u00bb|||\u00bb][et_pb_text _builder_version=\u00bb4.27.4&#8243; text_font=\u00bb||||||||\u00bb text_orientation=\u00bbcenter\u00bb animation_style=\u00bbslide\u00bb link_option_url=\u00bbhttps:\/\/adc.cat\/es\/hazte-socio\/promociones-en-servicios\/\u00bb global_colors_info=\u00bb{}\u00bb]<\/p>\n<p style=\"display: inline-block; background-color: #bfbc77; border-radius: 100px; width: 120px; height: 120px; line-height: 120px;\"><img decoding=\"async\" class=\"wp-image-390 alignnone size-full\" style=\"vertical-align: middle;\" src=\"https:\/\/adc.cat\/wp-content\/uploads\/2019\/03\/productes-icon-1.png\" alt=\"\" width=\"49\" height=\"47\" \/><\/p>\n<h2 style=\"margin-top: 10px;\"><span style=\"font-size: large;\">Ventajas en productos y servicios<\/span><\/h2>\n<p>[\/et_pb_text][\/et_pb_column][et_pb_column type=\u00bb1_3&#8243; _builder_version=\u00bb4.16&#8243; custom_padding=\u00bb|||\u00bb global_colors_info=\u00bb{}\u00bb custom_padding__hover=\u00bb|||\u00bb][et_pb_text _builder_version=\u00bb4.27.4&#8243; text_font=\u00bb||||||||\u00bb text_orientation=\u00bbcenter\u00bb animation_style=\u00bbslide\u00bb link_option_url=\u00bb\/es\/colonias-y-campamentos-adc\/\u00bb hover_enabled=\u00bb0&#8243; global_colors_info=\u00bb{}\u00bb sticky_enabled=\u00bb0&#8243;]<\/p>\n<p style=\"display: inline-block; background-color: #82cc4a; border-radius: 100px; width: 120px; height: 120px; line-height: 120px;\"><img decoding=\"async\" src=\"https:\/\/adc.cat\/wp-content\/uploads\/2019\/03\/campaments-icon.png\" style=\"vertical-align: middle;\" width=\"68\" height=\"44\" alt=\"\" class=\"wp-image-388 alignnone size-full\" \/><\/p>\n<h2 style=\"margin-top: 10px;\"><span style=\"font-size: large;\">Colonias para <\/span><span style=\"font-size: large;\">ni\u00f1os\/as y j\u00f3venes<\/span><\/h2>\n<p>[\/et_pb_text][\/et_pb_column][\/et_pb_row][et_pb_row column_structure=\u00bb1_3,1_3,1_3&#8243; _builder_version=\u00bb4.16&#8243; global_colors_info=\u00bb{}\u00bb][et_pb_column type=\u00bb1_3&#8243; _builder_version=\u00bb4.16&#8243; custom_padding=\u00bb|||\u00bb global_colors_info=\u00bb{}\u00bb custom_padding__hover=\u00bb|||\u00bb][et_pb_text _builder_version=\u00bb4.27.4&#8243; text_font=\u00bb||||||||\u00bb text_orientation=\u00bbcenter\u00bb animation_style=\u00bbslide\u00bb link_option_url=\u00bbhttps:\/\/adc.cat\/es\/que-hacemos\/servicios\/\u00bb global_colors_info=\u00bb{}\u00bb]<\/p>\n<p style=\"display: inline-block; background-color: #be78a4; border-radius: 100px; width: 120px; height: 120px; line-height: 120px;\"><img decoding=\"async\" src=\"https:\/\/adc.cat\/wp-content\/uploads\/2019\/03\/assessorament-icon.png\" alt=\"\" style=\"vertical-align: middle;\" class=\"wp-image-387 alignnone size-full\" width=\"58\" height=\"58\" \/><\/p>\n<h2 style=\"margin-top: 10px;\"><span style=\"font-size: large;\">Servicios<\/span><\/h2>\n<p>[\/et_pb_text][\/et_pb_column][et_pb_column type=\u00bb1_3&#8243; _builder_version=\u00bb4.16&#8243; custom_padding=\u00bb|||\u00bb global_colors_info=\u00bb{}\u00bb custom_padding__hover=\u00bb|||\u00bb][et_pb_text _builder_version=\u00bb4.27.4&#8243; text_font=\u00bb||||||||\u00bb text_orientation=\u00bbcenter\u00bb animation_style=\u00bbslide\u00bb link_option_url=\u00bb\/activitats\/\u00bb global_colors_info=\u00bb{}\u00bb]<\/p>\n<p style=\"display: inline-block; background-color: #ffb56a; border-radius: 100px; width: 120px; height: 120px; line-height: 120px;\"><img decoding=\"async\" src=\"https:\/\/adc.cat\/wp-content\/uploads\/2019\/03\/conferences-icon-1.png\" style=\"vertical-align: middle;\" width=\"63\" height=\"43\" alt=\"\" class=\"wp-image-389 alignnone size-full\" \/><\/p>\n<h2 style=\"margin-top: 10px;\"><span size=\"4\" style=\"font-size: large;\">Conferencias y charlas<\/span><\/h2>\n<p>[\/et_pb_text][\/et_pb_column][et_pb_column type=\u00bb1_3&#8243; _builder_version=\u00bb4.16&#8243; custom_padding=\u00bb|||\u00bb global_colors_info=\u00bb{}\u00bb custom_padding__hover=\u00bb|||\u00bb][et_pb_text _builder_version=\u00bb4.27.4&#8243; text_font=\u00bb||||||||\u00bb text_orientation=\u00bbcenter\u00bb animation_style=\u00bbslide\u00bb link_option_url=\u00bbhttps:\/\/adc.cat\/es\/que-hacemos\/relaciones-institucionales\/\u00bb global_colors_info=\u00bb{}\u00bb]<\/p>\n<p style=\"display: inline-block; background-color: #ec8486; border-radius: 100px; width: 120px; height: 120px; line-height: 120px;\"><img decoding=\"async\" src=\"https:\/\/adc.cat\/wp-content\/uploads\/2019\/03\/ralacions-icon.png\" style=\"vertical-align: middle;\" width=\"63\" height=\"43\" alt=\"\" class=\"wp-image-389 alignnone size-full\" \/><\/p>\n<h2 style=\"margin-top: 10px;\"><span style=\"font-size: large;\">Relaciones<br \/>institucionales<\/span><\/h2>\n<p>[\/et_pb_text][\/et_pb_column][\/et_pb_row][\/et_pb_section]<\/p>\n","protected":false},"excerpt":{"rendered":"<p>Formaci\u00f3n a escuelas y entidades Ventajas en productos y servicios Colonias para ni\u00f1os\/as y j\u00f3venes Servicios Conferencias y charlas Relacionesinstitucionales<\/p>\n","protected":false},"author":5,"featured_media":0,"parent":0,"menu_order":4,"comment_status":"closed","ping_status":"closed","template":"","meta":{"_et_pb_use_builder":"on","_et_pb_old_content":"<!-- wp:divi\/placeholder \/-->","_et_gb_content_width":"","footnotes":""},"class_list":["post-6159","page","type-page","status-publish","hentry"],"yoast_head":"<!-- This site is optimized with the Yoast SEO plugin v27.4 - https:\/\/yoast.com\/product\/yoast-seo-wordpress\/ -->\n<title>Qu\u00e9 hacemos - ADC \u2013 Associaci\u00f3 de Diabetis de Catalunya<\/title>\n<meta name=\"robots\" content=\"index, follow, max-snippet:-1, max-image-preview:large, max-video-preview:-1\" \/>\n<link rel=\"canonical\" href=\"https:\/\/adc.cat\/es\/que-hacemos\/\" \/>\n<meta property=\"og:locale\" content=\"es_ES\" \/>\n<meta property=\"og:type\" content=\"article\" \/>\n<meta property=\"og:title\" content=\"Qu\u00e9 hacemos - ADC \u2013 Associaci\u00f3 de Diabetis de Catalunya\" \/>\n<meta property=\"og:description\" content=\"Formaci\u00f3n a escuelas y entidades Ventajas en productos y servicios Colonias para ni\u00f1os\/as y j\u00f3venes Servicios Conferencias y charlas Relacionesinstitucionales\" \/>\n<meta property=\"og:url\" content=\"https:\/\/adc.cat\/es\/que-hacemos\/\" \/>\n<meta property=\"og:site_name\" content=\"ADC \u2013 Associaci\u00f3 de Diabetis de Catalunya\" \/>\n<meta property=\"article:publisher\" content=\"https:\/\/www.facebook.com\/ADC.CAT\/\" \/>\n<meta property=\"article:modified_time\" content=\"2025-12-01T13:07:53+00:00\" \/>\n<meta name=\"twitter:card\" content=\"summary_large_image\" \/>\n<meta name=\"twitter:site\" content=\"@ADC_CAT\" \/>\n<meta name=\"twitter:label1\" content=\"Tiempo de lectura\" \/>\n\t<meta name=\"twitter:data1\" content=\"3 minutos\" \/>\n<script type=\"application\/ld+json\" class=\"yoast-schema-graph\">{\"@context\":\"https:\\\/\\\/schema.org\",\"@graph\":[{\"@type\":\"WebPage\",\"@id\":\"https:\\\/\\\/adc.cat\\\/es\\\/que-hacemos\\\/\",\"url\":\"https:\\\/\\\/adc.cat\\\/es\\\/que-hacemos\\\/\",\"name\":\"Qu\u00e9 hacemos - ADC \u2013 Associaci\u00f3 de Diabetis de Catalunya\",\"isPartOf\":{\"@id\":\"https:\\\/\\\/adc.cat\\\/es\\\/#website\"},\"primaryImageOfPage\":{\"@id\":\"https:\\\/\\\/adc.cat\\\/es\\\/que-hacemos\\\/#primaryimage\"},\"image\":{\"@id\":\"https:\\\/\\\/adc.cat\\\/es\\\/que-hacemos\\\/#primaryimage\"},\"thumbnailUrl\":\"https:\\\/\\\/adc.cat\\\/wp-content\\\/uploads\\\/2019\\\/03\\\/formacio-icon.png\",\"datePublished\":\"2019-03-20T15:30:37+00:00\",\"dateModified\":\"2025-12-01T13:07:53+00:00\",\"breadcrumb\":{\"@id\":\"https:\\\/\\\/adc.cat\\\/es\\\/que-hacemos\\\/#breadcrumb\"},\"inLanguage\":\"es\",\"potentialAction\":[{\"@type\":\"ReadAction\",\"target\":[\"https:\\\/\\\/adc.cat\\\/es\\\/que-hacemos\\\/\"]}]},{\"@type\":\"ImageObject\",\"inLanguage\":\"es\",\"@id\":\"https:\\\/\\\/adc.cat\\\/es\\\/que-hacemos\\\/#primaryimage\",\"url\":\"https:\\\/\\\/adc.cat\\\/wp-content\\\/uploads\\\/2019\\\/03\\\/formacio-icon.png\",\"contentUrl\":\"https:\\\/\\\/adc.cat\\\/wp-content\\\/uploads\\\/2019\\\/03\\\/formacio-icon.png\"},{\"@type\":\"BreadcrumbList\",\"@id\":\"https:\\\/\\\/adc.cat\\\/es\\\/que-hacemos\\\/#breadcrumb\",\"itemListElement\":[{\"@type\":\"ListItem\",\"position\":1,\"name\":\"Portada\",\"item\":\"https:\\\/\\\/adc.cat\\\/es\\\/\"},{\"@type\":\"ListItem\",\"position\":2,\"name\":\"Qu\u00e9 hacemos\"}]},{\"@type\":\"WebSite\",\"@id\":\"https:\\\/\\\/adc.cat\\\/es\\\/#website\",\"url\":\"https:\\\/\\\/adc.cat\\\/es\\\/\",\"name\":\"ADC \u2013 Associaci\u00f3 de Diabetis de Catalunya\",\"description\":\"L&#039;ADC representa els pacients amb diabetis de Catalunya. Els nostres objectius: informar, aconsellar, ajudar i defensar les persones amb diabetis i promoure la sensibilitzaci\u00f3 de la resta de la societat\",\"publisher\":{\"@id\":\"https:\\\/\\\/adc.cat\\\/es\\\/#organization\"},\"potentialAction\":[{\"@type\":\"SearchAction\",\"target\":{\"@type\":\"EntryPoint\",\"urlTemplate\":\"https:\\\/\\\/adc.cat\\\/es\\\/?s={search_term_string}\"},\"query-input\":{\"@type\":\"PropertyValueSpecification\",\"valueRequired\":true,\"valueName\":\"search_term_string\"}}],\"inLanguage\":\"es\"},{\"@type\":\"Organization\",\"@id\":\"https:\\\/\\\/adc.cat\\\/es\\\/#organization\",\"name\":\"Associaci\u00f3 de Diabetis de Catalunya\",\"url\":\"https:\\\/\\\/adc.cat\\\/es\\\/\",\"logo\":{\"@type\":\"ImageObject\",\"inLanguage\":\"es\",\"@id\":\"https:\\\/\\\/adc.cat\\\/es\\\/#\\\/schema\\\/logo\\\/image\\\/\",\"url\":\"https:\\\/\\\/adc.cat\\\/wp-content\\\/uploads\\\/2022\\\/01\\\/associacio_de_diabetis_catalunya.png\",\"contentUrl\":\"https:\\\/\\\/adc.cat\\\/wp-content\\\/uploads\\\/2022\\\/01\\\/associacio_de_diabetis_catalunya.png\",\"width\":512,\"height\":239,\"caption\":\"Associaci\u00f3 de Diabetis de Catalunya\"},\"image\":{\"@id\":\"https:\\\/\\\/adc.cat\\\/es\\\/#\\\/schema\\\/logo\\\/image\\\/\"},\"sameAs\":[\"https:\\\/\\\/www.facebook.com\\\/ADC.CAT\\\/\",\"https:\\\/\\\/x.com\\\/ADC_CAT\",\"https:\\\/\\\/www.instagram.com\\\/adc_cat\\\/\",\"https:\\\/\\\/www.linkedin.com\\\/company\\\/associacio-de-diabetis-de-catalunya\",\"https:\\\/\\\/www.youtube.com\\\/channel\\\/UC7BiJMxG_5sHYUhMAlevAWA\"]}]}<\/script>\n<!-- \/ Yoast SEO plugin. -->","yoast_head_json":{"title":"Qu\u00e9 hacemos - ADC \u2013 Associaci\u00f3 de Diabetis de Catalunya","robots":{"index":"index","follow":"follow","max-snippet":"max-snippet:-1","max-image-preview":"max-image-preview:large","max-video-preview":"max-video-preview:-1"},"canonical":"https:\/\/adc.cat\/es\/que-hacemos\/","og_locale":"es_ES","og_type":"article","og_title":"Qu\u00e9 hacemos - ADC \u2013 Associaci\u00f3 de Diabetis de Catalunya","og_description":"Formaci\u00f3n a escuelas y entidades Ventajas en productos y servicios Colonias para ni\u00f1os\/as y j\u00f3venes Servicios Conferencias y charlas Relacionesinstitucionales","og_url":"https:\/\/adc.cat\/es\/que-hacemos\/","og_site_name":"ADC \u2013 Associaci\u00f3 de Diabetis de Catalunya","article_publisher":"https:\/\/www.facebook.com\/ADC.CAT\/","article_modified_time":"2025-12-01T13:07:53+00:00","twitter_card":"summary_large_image","twitter_site":"@ADC_CAT","twitter_misc":{"Tiempo de lectura":"3 minutos"},"schema":{"@context":"https:\/\/schema.org","@graph":[{"@type":"WebPage","@id":"https:\/\/adc.cat\/es\/que-hacemos\/","url":"https:\/\/adc.cat\/es\/que-hacemos\/","name":"Qu\u00e9 hacemos - ADC \u2013 Associaci\u00f3 de Diabetis de Catalunya","isPartOf":{"@id":"https:\/\/adc.cat\/es\/#website"},"primaryImageOfPage":{"@id":"https:\/\/adc.cat\/es\/que-hacemos\/#primaryimage"},"image":{"@id":"https:\/\/adc.cat\/es\/que-hacemos\/#primaryimage"},"thumbnailUrl":"https:\/\/adc.cat\/wp-content\/uploads\/2019\/03\/formacio-icon.png","datePublished":"2019-03-20T15:30:37+00:00","dateModified":"2025-12-01T13:07:53+00:00","breadcrumb":{"@id":"https:\/\/adc.cat\/es\/que-hacemos\/#breadcrumb"},"inLanguage":"es","potentialAction":[{"@type":"ReadAction","target":["https:\/\/adc.cat\/es\/que-hacemos\/"]}]},{"@type":"ImageObject","inLanguage":"es","@id":"https:\/\/adc.cat\/es\/que-hacemos\/#primaryimage","url":"https:\/\/adc.cat\/wp-content\/uploads\/2019\/03\/formacio-icon.png","contentUrl":"https:\/\/adc.cat\/wp-content\/uploads\/2019\/03\/formacio-icon.png"},{"@type":"BreadcrumbList","@id":"https:\/\/adc.cat\/es\/que-hacemos\/#breadcrumb","itemListElement":[{"@type":"ListItem","position":1,"name":"Portada","item":"https:\/\/adc.cat\/es\/"},{"@type":"ListItem","position":2,"name":"Qu\u00e9 hacemos"}]},{"@type":"WebSite","@id":"https:\/\/adc.cat\/es\/#website","url":"https:\/\/adc.cat\/es\/","name":"ADC \u2013 Associaci\u00f3 de Diabetis de Catalunya","description":"L&#039;ADC representa els pacients amb diabetis de Catalunya. Els nostres objectius: informar, aconsellar, ajudar i defensar les persones amb diabetis i promoure la sensibilitzaci\u00f3 de la resta de la societat","publisher":{"@id":"https:\/\/adc.cat\/es\/#organization"},"potentialAction":[{"@type":"SearchAction","target":{"@type":"EntryPoint","urlTemplate":"https:\/\/adc.cat\/es\/?s={search_term_string}"},"query-input":{"@type":"PropertyValueSpecification","valueRequired":true,"valueName":"search_term_string"}}],"inLanguage":"es"},{"@type":"Organization","@id":"https:\/\/adc.cat\/es\/#organization","name":"Associaci\u00f3 de Diabetis de Catalunya","url":"https:\/\/adc.cat\/es\/","logo":{"@type":"ImageObject","inLanguage":"es","@id":"https:\/\/adc.cat\/es\/#\/schema\/logo\/image\/","url":"https:\/\/adc.cat\/wp-content\/uploads\/2022\/01\/associacio_de_diabetis_catalunya.png","contentUrl":"https:\/\/adc.cat\/wp-content\/uploads\/2022\/01\/associacio_de_diabetis_catalunya.png","width":512,"height":239,"caption":"Associaci\u00f3 de Diabetis de Catalunya"},"image":{"@id":"https:\/\/adc.cat\/es\/#\/schema\/logo\/image\/"},"sameAs":["https:\/\/www.facebook.com\/ADC.CAT\/","https:\/\/x.com\/ADC_CAT","https:\/\/www.instagram.com\/adc_cat\/","https:\/\/www.linkedin.com\/company\/associacio-de-diabetis-de-catalunya","https:\/\/www.youtube.com\/channel\/UC7BiJMxG_5sHYUhMAlevAWA"]}]}},"_links":{"self":[{"href":"https:\/\/adc.cat\/es\/wp-json\/wp\/v2\/pages\/6159","targetHints":{"allow":["GET"]}}],"collection":[{"href":"https:\/\/adc.cat\/es\/wp-json\/wp\/v2\/pages"}],"about":[{"href":"https:\/\/adc.cat\/es\/wp-json\/wp\/v2\/types\/page"}],"author":[{"embeddable":true,"href":"https:\/\/adc.cat\/es\/wp-json\/wp\/v2\/users\/5"}],"replies":[{"embeddable":true,"href":"https:\/\/adc.cat\/es\/wp-json\/wp\/v2\/comments?post=6159"}],"version-history":[{"count":4,"href":"https:\/\/adc.cat\/es\/wp-json\/wp\/v2\/pages\/6159\/revisions"}],"predecessor-version":[{"id":52360,"href":"https:\/\/adc.cat\/es\/wp-json\/wp\/v2\/pages\/6159\/revisions\/52360"}],"wp:attachment":[{"href":"https:\/\/adc.cat\/es\/wp-json\/wp\/v2\/media?parent=6159"}],"curies":[{"name":"wp","href":"https:\/\/api.w.org\/{rel}","templated":true}]}}