{"id":6188,"date":"2019-04-16T12:21:49","date_gmt":"2019-04-16T10:21:49","guid":{"rendered":"https:\/\/adc.cat\/que-hacemos\/formacions\/protocolo-de-actuacion\/"},"modified":"2020-04-13T13:28:46","modified_gmt":"2020-04-13T11:28:46","slug":"protocolo-de-actuacion","status":"publish","type":"page","link":"https:\/\/adc.cat\/es\/que-hacemos\/protocolo-de-actuacion\/","title":{"rendered":"Protocolo de actuaci\u00f3n"},"content":{"rendered":"<p>[et_pb_section fb_built=\u00bb1&#8243; fullwidth=\u00bbon\u00bb _builder_version=\u00bb3.19.15&#8243; background_image=\u00bbhttps:\/\/adc.cat\/wp-content\/uploads\/2019\/03\/adc-1.jpg\u00bb parallax=\u00bbon\u00bb][et_pb_fullwidth_header title=\u00bbPROTOCOLO DE ACTUACI\u00d3N\u00bb text_orientation=\u00bbcenter\u00bb header_scroll_down=\u00bbon\u00bb scroll_down_icon=\u00bb%%8%%\u00bb scroll_down_icon_size=\u00bb44px\u00bb _builder_version=\u00bb3.19.15&#8243; title_font=\u00bbAcme||||||||\u00bb title_font_size=\u00bb53px\u00bb title_font_size_phone=\u00bb50px\u00bb title_font_size_last_edited=\u00bbon|desktop\u00bb title_letter_spacing=\u00bb1px\u00bb title_text_shadow_style=\u00bbpreset1&#8243; title_text_shadow_horizontal_length=\u00bb-0.04em\u00bb title_text_shadow_vertical_length=\u00bb0.01em\u00bb title_text_shadow_blur_strength=\u00bb0.19em\u00bb title_text_shadow_color=\u00bbrgba(12,113,195,0.29)\u00bb content_font=\u00bb||||||||\u00bb background_color=\u00bbrgba(126,190,197,0)\u00bb custom_margin=\u00bb-46px||\u00bb title_font_size__hover_enabled=\u00bbon\u00bb][\/et_pb_fullwidth_header][\/et_pb_section][et_pb_section fb_built=\u00bb1&#8243; _builder_version=\u00bb3.19.15&#8243;][et_pb_row _builder_version=\u00bb3.19.15&#8243;][et_pb_column type=\u00bb4_4&#8243; _builder_version=\u00bb3.19.15&#8243;][et_pb_text _builder_version=\u00bb3.19.15&#8243;]<\/p>\n<p style=\"text-align: left;\">A continuaci\u00f3n se adjunta un protocolo de actuaci\u00f3n en caso de hipoglucemia e hiperglucemia.<img decoding=\"async\" class=\"wp-image-1765 alignnone size-medium\" style=\"float: left;\" src=\"https:\/\/adc.cat\/wp-content\/uploads\/2019\/04\/ALGORITME-ACTUACIO-001-724x1024-212x300.jpg\" alt=\"\" width=\"212\" height=\"300\" \/><\/p>\n<p>Se recomienda plastificar este documento y, posteriormente, rellenar los datos (estos son diferentes en cada persona, y los debe pautar con un endocrin\u00f3logo\/a o con su educador\/a en diabetes). Recomendamos escribir los datos con rotulador permanente sobre el plastificado ya que as\u00ed se podr\u00e1n actualizar cuando se hagan modificaciones.<\/p>\n<p>Es necesario recordar que la diabetes es una enfermedad en la que los par\u00e1metros o las necesidades insul\u00ednicas var\u00edan continuamente, y no por eso esto significa que se tenga un mejor o peor control de la enfermedad.<br \/>\n[\/et_pb_text][et_pb_button button_url=\u00bbhttps:\/\/adc.cat\/wp-content\/uploads\/2020\/02\/protocolo-actuacion-castellano-1.pdf\u00bb url_new_window=\u00bbon\u00bb button_text=\u00bbDescargar\u00bb button_alignment=\u00bbcenter\u00bb _builder_version=\u00bb3.19.15&#8243;][\/et_pb_button][\/et_pb_column][\/et_pb_row][\/et_pb_section]<\/p>\n","protected":false},"excerpt":{"rendered":"<p>A continuaci\u00f3n se adjunta un protocolo de actuaci\u00f3n en caso de hipoglucemia e hiperglucemia. Se recomienda plastificar este documento y, posteriormente, rellenar los datos (estos son diferentes en cada persona, [&hellip;]<\/p>\n","protected":false},"author":5,"featured_media":0,"parent":6159,"menu_order":0,"comment_status":"closed","ping_status":"closed","template":"","meta":{"_et_pb_use_builder":"on","_et_pb_old_content":"","_et_gb_content_width":"","footnotes":""},"class_list":["post-6188","page","type-page","status-publish","hentry"],"yoast_head":"<!-- This site is optimized with the Yoast SEO plugin v27.4 - https:\/\/yoast.com\/product\/yoast-seo-wordpress\/ -->\n<title>Protocolo de actuaci\u00f3n - ADC \u2013 Associaci\u00f3 de Diabetis de Catalunya<\/title>\n<meta name=\"robots\" content=\"index, follow, max-snippet:-1, max-image-preview:large, max-video-preview:-1\" \/>\n<link rel=\"canonical\" href=\"https:\/\/adc.cat\/es\/que-hacemos\/protocolo-de-actuacion\/\" \/>\n<meta property=\"og:locale\" content=\"es_ES\" \/>\n<meta property=\"og:type\" content=\"article\" \/>\n<meta property=\"og:title\" content=\"Protocolo de actuaci\u00f3n - ADC \u2013 Associaci\u00f3 de Diabetis de Catalunya\" \/>\n<meta property=\"og:description\" content=\"A continuaci\u00f3n se adjunta un protocolo de actuaci\u00f3n en caso de hipoglucemia e hiperglucemia. Se recomienda plastificar este documento y, posteriormente, rellenar los datos (estos son diferentes en cada persona, [&hellip;]\" \/>\n<meta property=\"og:url\" content=\"https:\/\/adc.cat\/es\/que-hacemos\/protocolo-de-actuacion\/\" \/>\n<meta property=\"og:site_name\" content=\"ADC \u2013 Associaci\u00f3 de Diabetis de Catalunya\" \/>\n<meta property=\"article:publisher\" content=\"https:\/\/www.facebook.com\/ADC.CAT\/\" \/>\n<meta property=\"article:modified_time\" content=\"2020-04-13T11:28:46+00:00\" \/>\n<meta property=\"og:image\" content=\"https:\/\/adc.cat\/wp-content\/uploads\/2019\/04\/ALGORITME-ACTUACIO-001-724x1024-212x300.jpg\" \/>\n<meta name=\"twitter:card\" content=\"summary_large_image\" \/>\n<meta name=\"twitter:site\" content=\"@ADC_CAT\" \/>\n<meta name=\"twitter:label1\" content=\"Tiempo de lectura\" \/>\n\t<meta name=\"twitter:data1\" content=\"1 minuto\" \/>\n<script type=\"application\/ld+json\" class=\"yoast-schema-graph\">{\"@context\":\"https:\\\/\\\/schema.org\",\"@graph\":[{\"@type\":\"WebPage\",\"@id\":\"https:\\\/\\\/adc.cat\\\/es\\\/que-hacemos\\\/protocolo-de-actuacion\\\/\",\"url\":\"https:\\\/\\\/adc.cat\\\/es\\\/que-hacemos\\\/protocolo-de-actuacion\\\/\",\"name\":\"Protocolo de actuaci\u00f3n - ADC \u2013 Associaci\u00f3 de Diabetis de Catalunya\",\"isPartOf\":{\"@id\":\"https:\\\/\\\/adc.cat\\\/es\\\/#website\"},\"primaryImageOfPage\":{\"@id\":\"https:\\\/\\\/adc.cat\\\/es\\\/que-hacemos\\\/protocolo-de-actuacion\\\/#primaryimage\"},\"image\":{\"@id\":\"https:\\\/\\\/adc.cat\\\/es\\\/que-hacemos\\\/protocolo-de-actuacion\\\/#primaryimage\"},\"thumbnailUrl\":\"https:\\\/\\\/adc.cat\\\/wp-content\\\/uploads\\\/2019\\\/04\\\/ALGORITME-ACTUACIO-001-724x1024-212x300.jpg\",\"datePublished\":\"2019-04-16T10:21:49+00:00\",\"dateModified\":\"2020-04-13T11:28:46+00:00\",\"breadcrumb\":{\"@id\":\"https:\\\/\\\/adc.cat\\\/es\\\/que-hacemos\\\/protocolo-de-actuacion\\\/#breadcrumb\"},\"inLanguage\":\"es\",\"potentialAction\":[{\"@type\":\"ReadAction\",\"target\":[\"https:\\\/\\\/adc.cat\\\/es\\\/que-hacemos\\\/protocolo-de-actuacion\\\/\"]}]},{\"@type\":\"ImageObject\",\"inLanguage\":\"es\",\"@id\":\"https:\\\/\\\/adc.cat\\\/es\\\/que-hacemos\\\/protocolo-de-actuacion\\\/#primaryimage\",\"url\":\"https:\\\/\\\/adc.cat\\\/wp-content\\\/uploads\\\/2019\\\/04\\\/ALGORITME-ACTUACIO-001-724x1024-212x300.jpg\",\"contentUrl\":\"https:\\\/\\\/adc.cat\\\/wp-content\\\/uploads\\\/2019\\\/04\\\/ALGORITME-ACTUACIO-001-724x1024-212x300.jpg\"},{\"@type\":\"BreadcrumbList\",\"@id\":\"https:\\\/\\\/adc.cat\\\/es\\\/que-hacemos\\\/protocolo-de-actuacion\\\/#breadcrumb\",\"itemListElement\":[{\"@type\":\"ListItem\",\"position\":1,\"name\":\"Portada\",\"item\":\"https:\\\/\\\/adc.cat\\\/es\\\/\"},{\"@type\":\"ListItem\",\"position\":2,\"name\":\"Qu\u00e9 hacemos\",\"item\":\"https:\\\/\\\/adc.cat\\\/es\\\/que-hacemos\\\/\"},{\"@type\":\"ListItem\",\"position\":3,\"name\":\"Protocolo de actuaci\u00f3n\"}]},{\"@type\":\"WebSite\",\"@id\":\"https:\\\/\\\/adc.cat\\\/es\\\/#website\",\"url\":\"https:\\\/\\\/adc.cat\\\/es\\\/\",\"name\":\"ADC \u2013 Associaci\u00f3 de Diabetis de Catalunya\",\"description\":\"L&#039;ADC representa els pacients amb diabetis de Catalunya. Els nostres objectius: informar, aconsellar, ajudar i defensar les persones amb diabetis i promoure la sensibilitzaci\u00f3 de la resta de la societat\",\"publisher\":{\"@id\":\"https:\\\/\\\/adc.cat\\\/es\\\/#organization\"},\"potentialAction\":[{\"@type\":\"SearchAction\",\"target\":{\"@type\":\"EntryPoint\",\"urlTemplate\":\"https:\\\/\\\/adc.cat\\\/es\\\/?s={search_term_string}\"},\"query-input\":{\"@type\":\"PropertyValueSpecification\",\"valueRequired\":true,\"valueName\":\"search_term_string\"}}],\"inLanguage\":\"es\"},{\"@type\":\"Organization\",\"@id\":\"https:\\\/\\\/adc.cat\\\/es\\\/#organization\",\"name\":\"Associaci\u00f3 de Diabetis de Catalunya\",\"url\":\"https:\\\/\\\/adc.cat\\\/es\\\/\",\"logo\":{\"@type\":\"ImageObject\",\"inLanguage\":\"es\",\"@id\":\"https:\\\/\\\/adc.cat\\\/es\\\/#\\\/schema\\\/logo\\\/image\\\/\",\"url\":\"https:\\\/\\\/adc.cat\\\/wp-content\\\/uploads\\\/2022\\\/01\\\/associacio_de_diabetis_catalunya.png\",\"contentUrl\":\"https:\\\/\\\/adc.cat\\\/wp-content\\\/uploads\\\/2022\\\/01\\\/associacio_de_diabetis_catalunya.png\",\"width\":512,\"height\":239,\"caption\":\"Associaci\u00f3 de Diabetis de Catalunya\"},\"image\":{\"@id\":\"https:\\\/\\\/adc.cat\\\/es\\\/#\\\/schema\\\/logo\\\/image\\\/\"},\"sameAs\":[\"https:\\\/\\\/www.facebook.com\\\/ADC.CAT\\\/\",\"https:\\\/\\\/x.com\\\/ADC_CAT\",\"https:\\\/\\\/www.instagram.com\\\/adc_cat\\\/\",\"https:\\\/\\\/www.linkedin.com\\\/company\\\/associacio-de-diabetis-de-catalunya\",\"https:\\\/\\\/www.youtube.com\\\/channel\\\/UC7BiJMxG_5sHYUhMAlevAWA\"]}]}<\/script>\n<!-- \/ Yoast SEO plugin. -->","yoast_head_json":{"title":"Protocolo de actuaci\u00f3n - ADC \u2013 Associaci\u00f3 de Diabetis de Catalunya","robots":{"index":"index","follow":"follow","max-snippet":"max-snippet:-1","max-image-preview":"max-image-preview:large","max-video-preview":"max-video-preview:-1"},"canonical":"https:\/\/adc.cat\/es\/que-hacemos\/protocolo-de-actuacion\/","og_locale":"es_ES","og_type":"article","og_title":"Protocolo de actuaci\u00f3n - ADC \u2013 Associaci\u00f3 de Diabetis de Catalunya","og_description":"A continuaci\u00f3n se adjunta un protocolo de actuaci\u00f3n en caso de hipoglucemia e hiperglucemia. Se recomienda plastificar este documento y, posteriormente, rellenar los datos (estos son diferentes en cada persona, [&hellip;]","og_url":"https:\/\/adc.cat\/es\/que-hacemos\/protocolo-de-actuacion\/","og_site_name":"ADC \u2013 Associaci\u00f3 de Diabetis de Catalunya","article_publisher":"https:\/\/www.facebook.com\/ADC.CAT\/","article_modified_time":"2020-04-13T11:28:46+00:00","og_image":[{"url":"https:\/\/adc.cat\/wp-content\/uploads\/2019\/04\/ALGORITME-ACTUACIO-001-724x1024-212x300.jpg","type":"","width":"","height":""}],"twitter_card":"summary_large_image","twitter_site":"@ADC_CAT","twitter_misc":{"Tiempo de lectura":"1 minuto"},"schema":{"@context":"https:\/\/schema.org","@graph":[{"@type":"WebPage","@id":"https:\/\/adc.cat\/es\/que-hacemos\/protocolo-de-actuacion\/","url":"https:\/\/adc.cat\/es\/que-hacemos\/protocolo-de-actuacion\/","name":"Protocolo de actuaci\u00f3n - ADC \u2013 Associaci\u00f3 de Diabetis de Catalunya","isPartOf":{"@id":"https:\/\/adc.cat\/es\/#website"},"primaryImageOfPage":{"@id":"https:\/\/adc.cat\/es\/que-hacemos\/protocolo-de-actuacion\/#primaryimage"},"image":{"@id":"https:\/\/adc.cat\/es\/que-hacemos\/protocolo-de-actuacion\/#primaryimage"},"thumbnailUrl":"https:\/\/adc.cat\/wp-content\/uploads\/2019\/04\/ALGORITME-ACTUACIO-001-724x1024-212x300.jpg","datePublished":"2019-04-16T10:21:49+00:00","dateModified":"2020-04-13T11:28:46+00:00","breadcrumb":{"@id":"https:\/\/adc.cat\/es\/que-hacemos\/protocolo-de-actuacion\/#breadcrumb"},"inLanguage":"es","potentialAction":[{"@type":"ReadAction","target":["https:\/\/adc.cat\/es\/que-hacemos\/protocolo-de-actuacion\/"]}]},{"@type":"ImageObject","inLanguage":"es","@id":"https:\/\/adc.cat\/es\/que-hacemos\/protocolo-de-actuacion\/#primaryimage","url":"https:\/\/adc.cat\/wp-content\/uploads\/2019\/04\/ALGORITME-ACTUACIO-001-724x1024-212x300.jpg","contentUrl":"https:\/\/adc.cat\/wp-content\/uploads\/2019\/04\/ALGORITME-ACTUACIO-001-724x1024-212x300.jpg"},{"@type":"BreadcrumbList","@id":"https:\/\/adc.cat\/es\/que-hacemos\/protocolo-de-actuacion\/#breadcrumb","itemListElement":[{"@type":"ListItem","position":1,"name":"Portada","item":"https:\/\/adc.cat\/es\/"},{"@type":"ListItem","position":2,"name":"Qu\u00e9 hacemos","item":"https:\/\/adc.cat\/es\/que-hacemos\/"},{"@type":"ListItem","position":3,"name":"Protocolo de actuaci\u00f3n"}]},{"@type":"WebSite","@id":"https:\/\/adc.cat\/es\/#website","url":"https:\/\/adc.cat\/es\/","name":"ADC \u2013 Associaci\u00f3 de Diabetis de Catalunya","description":"L&#039;ADC representa els pacients amb diabetis de Catalunya. Els nostres objectius: informar, aconsellar, ajudar i defensar les persones amb diabetis i promoure la sensibilitzaci\u00f3 de la resta de la societat","publisher":{"@id":"https:\/\/adc.cat\/es\/#organization"},"potentialAction":[{"@type":"SearchAction","target":{"@type":"EntryPoint","urlTemplate":"https:\/\/adc.cat\/es\/?s={search_term_string}"},"query-input":{"@type":"PropertyValueSpecification","valueRequired":true,"valueName":"search_term_string"}}],"inLanguage":"es"},{"@type":"Organization","@id":"https:\/\/adc.cat\/es\/#organization","name":"Associaci\u00f3 de Diabetis de Catalunya","url":"https:\/\/adc.cat\/es\/","logo":{"@type":"ImageObject","inLanguage":"es","@id":"https:\/\/adc.cat\/es\/#\/schema\/logo\/image\/","url":"https:\/\/adc.cat\/wp-content\/uploads\/2022\/01\/associacio_de_diabetis_catalunya.png","contentUrl":"https:\/\/adc.cat\/wp-content\/uploads\/2022\/01\/associacio_de_diabetis_catalunya.png","width":512,"height":239,"caption":"Associaci\u00f3 de Diabetis de Catalunya"},"image":{"@id":"https:\/\/adc.cat\/es\/#\/schema\/logo\/image\/"},"sameAs":["https:\/\/www.facebook.com\/ADC.CAT\/","https:\/\/x.com\/ADC_CAT","https:\/\/www.instagram.com\/adc_cat\/","https:\/\/www.linkedin.com\/company\/associacio-de-diabetis-de-catalunya","https:\/\/www.youtube.com\/channel\/UC7BiJMxG_5sHYUhMAlevAWA"]}]}},"_links":{"self":[{"href":"https:\/\/adc.cat\/es\/wp-json\/wp\/v2\/pages\/6188","targetHints":{"allow":["GET"]}}],"collection":[{"href":"https:\/\/adc.cat\/es\/wp-json\/wp\/v2\/pages"}],"about":[{"href":"https:\/\/adc.cat\/es\/wp-json\/wp\/v2\/types\/page"}],"author":[{"embeddable":true,"href":"https:\/\/adc.cat\/es\/wp-json\/wp\/v2\/users\/5"}],"replies":[{"embeddable":true,"href":"https:\/\/adc.cat\/es\/wp-json\/wp\/v2\/comments?post=6188"}],"version-history":[{"count":0,"href":"https:\/\/adc.cat\/es\/wp-json\/wp\/v2\/pages\/6188\/revisions"}],"up":[{"embeddable":true,"href":"https:\/\/adc.cat\/es\/wp-json\/wp\/v2\/pages\/6159"}],"wp:attachment":[{"href":"https:\/\/adc.cat\/es\/wp-json\/wp\/v2\/media?parent=6188"}],"curies":[{"name":"wp","href":"https:\/\/api.w.org\/{rel}","templated":true}]}}