{"id":6212,"date":"2019-03-29T09:44:49","date_gmt":"2019-03-29T08:44:49","guid":{"rendered":"https:\/\/adc.cat\/informacion-diabetes\/recursos\/"},"modified":"2026-01-07T10:07:23","modified_gmt":"2026-01-07T09:07:23","slug":"recursos","status":"publish","type":"page","link":"https:\/\/adc.cat\/es\/informacion-diabetes\/recursos\/","title":{"rendered":"Recursos"},"content":{"rendered":"<p>[et_pb_section fb_built=\u00bb1&#8243; fullwidth=\u00bbon\u00bb _builder_version=\u00bb4.16&#8243; background_image=\u00bbhttps:\/\/adc.cat\/wp-content\/uploads\/2019\/03\/adc.jpg\u00bb parallax=\u00bbon\u00bb global_colors_info=\u00bb{}\u00bb da_is_popup=\u00bboff\u00bb da_exit_intent=\u00bboff\u00bb da_has_close=\u00bbon\u00bb da_alt_close=\u00bboff\u00bb da_dark_close=\u00bboff\u00bb da_not_modal=\u00bbon\u00bb da_is_singular=\u00bboff\u00bb da_with_loader=\u00bboff\u00bb da_has_shadow=\u00bbon\u00bb da_disable_devices=\u00bboff|off|off\u00bb][et_pb_fullwidth_header title=\u00bbRECURSOS\u00bb text_orientation=\u00bbcenter\u00bb header_scroll_down=\u00bbon\u00bb scroll_down_icon=\u00bb%%8%%\u00bb scroll_down_icon_size=\u00bb44px\u00bb _builder_version=\u00bb4.16&#8243; title_font=\u00bbAcme||||||||\u00bb title_font_size=\u00bb53px\u00bb title_letter_spacing=\u00bb1px\u00bb content_font=\u00bb||||||||\u00bb background_color=\u00bbrgba(126,190,197,0)\u00bb custom_margin=\u00bb-46px||\u00bb title_font_size_tablet=\u00bb\u00bb title_font_size_phone=\u00bb50px\u00bb title_font_size_last_edited=\u00bbon|desktop\u00bb title_text_shadow_style=\u00bbpreset1&#8243; title_text_shadow_horizontal_length=\u00bb-0.04em\u00bb title_text_shadow_vertical_length=\u00bb0.01em\u00bb title_text_shadow_blur_strength=\u00bb0.19em\u00bb title_text_shadow_color=\u00bbrgba(12,113,195,0.29)\u00bb global_colors_info=\u00bb{}\u00bb title_font_size__hover_enabled=\u00bbon\u00bb title_font_size__hover=\u00bb53px\u00bb][\/et_pb_fullwidth_header][\/et_pb_section][et_pb_section fb_built=\u00bb1&#8243; _builder_version=\u00bb4.16&#8243; global_colors_info=\u00bb{}\u00bb da_is_popup=\u00bboff\u00bb da_exit_intent=\u00bboff\u00bb da_has_close=\u00bbon\u00bb da_alt_close=\u00bboff\u00bb da_dark_close=\u00bboff\u00bb da_not_modal=\u00bbon\u00bb da_is_singular=\u00bboff\u00bb da_with_loader=\u00bboff\u00bb da_has_shadow=\u00bbon\u00bb da_disable_devices=\u00bboff|off|off\u00bb][et_pb_row _builder_version=\u00bb4.16&#8243; global_colors_info=\u00bb{}\u00bb][et_pb_column type=\u00bb4_4&#8243; _builder_version=\u00bb4.16&#8243; custom_padding=\u00bb|||\u00bb global_colors_info=\u00bb{}\u00bb custom_padding__hover=\u00bb|||\u00bb][et_pb_text _builder_version=\u00bb4.16&#8243; global_colors_info=\u00bb{}\u00bb]<\/p>\n<p><strong>En esta secci\u00f3n os brindamos recursos de utilidad y os recomendamos sitios web con material de confianza sobre la diabetes. Los hemos ordenado en categor\u00edas para que pod\u00e1is encontrar f\u00e1cilmente la informaci\u00f3n<\/strong><\/p>\n<p>[\/et_pb_text][et_pb_text _builder_version=\u00bb4.16&#8243; text_font=\u00bb||||||||\u00bb text_text_color=\u00bb#000000&#8243; text_font_size=\u00bb27px\u00bb custom_padding=\u00bb11px||11px|17px|true\u00bb custom_css_main_element=\u00bbbackground-color:#F5F5F5;\u00bb border_radii=\u00bbon|3px|3px|3px|3px\u00bb border_width_all=\u00bb1px\u00bb border_color_all=\u00bb#bababa\u00bb global_colors_info=\u00bb{}\u00bb]<\/p>\n<p>Informaci\u00f3n general<\/p>\n<p>[\/et_pb_text][et_pb_text _builder_version=\u00bb4.27.4&#8243; hover_enabled=\u00bb0&#8243; global_colors_info=\u00bb{}\u00bb sticky_enabled=\u00bb0&#8243;]<\/p>\n<p>&#8211; Generalitat de Catalunya: <a href=\"http:\/\/canalsalut.gencat.cat\/ca\/salut-a-z\/d\/diabetis\/\" target=\"_blank\" rel=\"noopener noreferrer\">Canal Salut<\/a><a href=\"https:\/\/adc.cat\/wp-content\/uploads\/2021\/04\/taula-diabetis-acc.pdf\" target=\"_blank\" rel=\"noopener noreferrer\"><\/a><\/p>\n<p>&#8211; Hospital Cl\u00ednic: <a href=\"https:\/\/portal.hospitalclinic.org\/enfermedades\/diabetes\" target=\"_blank\" rel=\"noopener noreferrer\">portal cl\u00ednic<\/a><\/p>\n<p>&#8211; <a href=\"https:\/\/www.tuotromedico.com\/\" target=\"_blank\" rel=\"noopener noreferrer\">Tu otro m\u00e9dico<\/a><\/p>\n<p>[\/et_pb_text][et_pb_text _builder_version=\u00bb4.16&#8243; text_font=\u00bb||||||||\u00bb text_text_color=\u00bb#000000&#8243; text_font_size=\u00bb27px\u00bb custom_padding=\u00bb11px||11px|17px|true\u00bb custom_css_main_element=\u00bbbackground-color:#F5F5F5;\u00bb border_radii=\u00bbon|3px|3px|3px|3px\u00bb border_width_all=\u00bb1px\u00bb border_color_all=\u00bb#bababa\u00bb global_colors_info=\u00bb{}\u00bb]<\/p>\n<p>Sitios de inter\u00e9s<\/p>\n<p>[\/et_pb_text][et_pb_text _builder_version=\u00bb4.16&#8243; global_colors_info=\u00bb{}\u00bb]<\/p>\n<p>&#8211; <a href=\"http:\/\/www.sediabetes.org\" target=\"_blank\" rel=\"noopener noreferrer\">Sociedad Espa\u00f1ola de Diabetes (SED)<\/a><\/p>\n<p>&#8211; <a href=\"https:\/\/www.fundaciondiabetes.org\/\" target=\"_blank\" rel=\"noopener noreferrer\">Fundaci\u00f3n para la Diabetes<\/a><\/p>\n<p>&#8211; <a href=\"https:\/\/www.canaldiabetes.com\/\" target=\"_blank\" rel=\"noopener noreferrer\">Canal diabetes<\/a><\/p>\n<p>&#8211; <a href=\"https:\/\/fedesp.es\/\" target=\"_blank\" rel=\"noopener noreferrer\">Federaci\u00f3n Espa\u00f1ola de Diabetes (FEDE)<\/a><\/p>\n<p>&#8211; <a href=\"https:\/\/www.idf.org\/\" target=\"_blank\" rel=\"noopener noreferrer\">International Diabetes Federation<\/a><\/p>\n<p>&#8211; <a href=\"https:\/\/www.understandingdiabetes.org\/\" target=\"_blank\" rel=\"noopener noreferrer\">Cursos en l\u00ednea de la plataforma educativa de la International Diabetes Federation (FID)<\/a><\/p>\n<p>&#8211; <a href=\"https:\/\/www.diabetes.org\/\" target=\"_blank\" rel=\"noopener noreferrer\">American Diabetes<\/a><\/p>\n<p>&#8211; <a href=\"http:\/\/www.diabeweb.com\/blog\/113\/ultimas-guias-y-publicaciones\" target=\"_blank\" rel=\"noopener noreferrer\">Diabeweb<\/a><\/p>\n<p>&#8211; <a href=\"https:\/\/www.infermeravirtual.com\/esp\" target=\"_blank\" rel=\"noopener noreferrer\">Infermera virtual<\/a><\/p>\n<p>[\/et_pb_text][et_pb_text _builder_version=\u00bb4.16&#8243; text_font=\u00bb||||||||\u00bb text_text_color=\u00bb#000000&#8243; text_font_size=\u00bb27px\u00bb custom_padding=\u00bb11px||11px|17px|true\u00bb custom_css_main_element=\u00bbbackground-color:#F5F5F5;\u00bb border_radii=\u00bbon|3px|3px|3px|3px\u00bb border_width_all=\u00bb1px\u00bb border_color_all=\u00bb#bababa\u00bb global_colors_info=\u00bb{}\u00bb]<\/p>\n<p>Blogs<\/p>\n<p>[\/et_pb_text][et_pb_text _builder_version=\u00bb4.27.4&#8243; hover_enabled=\u00bb0&#8243; global_colors_info=\u00bb{}\u00bb sticky_enabled=\u00bb0&#8243;]<\/p>\n<p>&#8211; <a href=\"https:\/\/republikadiabetes.com\/\" target=\"_blank\" rel=\"noopener noreferrer\">Rep\u00fablicadiabetes<\/a><\/p>\n<p>&#8211; <a href=\"https:\/\/www.jediazucarado.com\/\" target=\"_blank\" rel=\"noopener noreferrer\">Reflexiones de un jedi azucarado<\/a>\u00a0(avances tecnol\u00f3gicos)<\/p>\n<p>&#8211; <a href=\"https:\/\/nochessindormir.es\/%20\" target=\"_blank\" rel=\"noopener noreferrer\">Noches sin dormir<\/a><\/p>\n<p>&#8211; <a href=\"https:\/\/www.insulinrock.com\/\" target=\"_blank\" rel=\"noopener noreferrer\">InsulinRock<\/a><\/p>\n<p>&#8211; Don Sacarino: <a href=\"https:\/\/donsacarino.com\/wp-content\/uploads\/2019\/05\/un-porron-de-infografias-definitivo.pdf\" target=\"_blank\" rel=\"noopener noreferrer\">un porr\u00f3n de infograf\u00edas de diabetes 1<\/a>; <a href=\"https:\/\/donsacarino.com\/wp-content\/uploads\/2020\/02\/segunda-temporada-de-infografas.pdf\" target=\"_blank\" rel=\"noopener noreferrer\">un porr\u00f3n de infograf\u00edas de diabetes 2<\/a><\/p>\n<p>&#8211; <a href=\"https:\/\/yodiabetes.com\/mi-vida-con-diabetes\/\" target=\"_blank\" rel=\"noopener noreferrer\">Yo diabetes<\/a><\/p>\n<p>&#8211; <a href=\"https:\/\/diabetesatiras.blogspot.com\/\" target=\"_blank\" rel=\"noopener noreferrer\">Diabetes a tiras<\/a><\/p>\n<p>&#8211; <a href=\"https:\/\/sites.google.com\/view\/descubriendo-la-diabetes\/1-descubriendo-la-diabetes?authuser=0\" target=\"_blank\" rel=\"noopener noreferrer\">Blog de Sergi: \u00abDescubriendo la Diabetes\u00bb<\/a><\/p>\n<p>[\/et_pb_text][et_pb_text _builder_version=\u00bb4.16&#8243; text_font=\u00bb||||||||\u00bb text_text_color=\u00bb#000000&#8243; text_font_size=\u00bb27px\u00bb custom_padding=\u00bb11px||11px|17px|true\u00bb custom_css_main_element=\u00bbbackground-color:#F5F5F5;\u00bb border_radii=\u00bbon|3px|3px|3px|3px\u00bb border_width_all=\u00bb1px\u00bb border_color_all=\u00bb#bababa\u00bb global_colors_info=\u00bb{}\u00bb]<\/p>\n<p>Diabetes tipo 2<\/p>\n<p>[\/et_pb_text][et_pb_text _builder_version=\u00bb4.27.4&#8243; global_colors_info=\u00bb{}\u00bb]<\/p>\n<p>&#8211; Generalitat de Catalunya: <a href=\"http:\/\/decisionscompartides.gencat.cat\/ca\/decidir-sobre\/diabetis\/\" target=\"_blank\" rel=\"noopener noreferrer\">Diabetes mellitus tipus 2<\/a><\/p>\n<p>&#8211; Escuela de pacientes:<a href=\"https:\/\/escueladepacientes.es\/images\/Pdfs\/Guia_Informativa_Diabetes_2.pdf\" target=\"_blank\" rel=\"noopener noreferrer\"> Diabetes tipo 2: qu\u00e9 hacer para cuidarse<\/a><\/p>\n<p>&#8211; MSDsalud: <a href=\"https:\/\/www.msd.es\/stories\/diabetes-2\/\" target=\"_blank\" rel=\"noopener noreferrer\">Entr\u00e9nate en diabetes<\/a><\/p>\n<p>&#8211;<a href=\"https:\/\/es.beyondtype2.org\/\" target=\"_blank\" rel=\"noopener\">Beyond Type 2 en espa\u00f1ol<\/a><\/p>\n<p>[\/et_pb_text][et_pb_text _builder_version=\u00bb4.16&#8243; text_font=\u00bb||||||||\u00bb text_text_color=\u00bb#000000&#8243; text_font_size=\u00bb27px\u00bb custom_padding=\u00bb11px||11px|17px|true\u00bb custom_css_main_element=\u00bbbackground-color:#F5F5F5;\u00bb border_radii=\u00bbon|3px|3px|3px|3px\u00bb border_width_all=\u00bb1px\u00bb border_color_all=\u00bb#bababa\u00bb global_colors_info=\u00bb{}\u00bb]<\/p>\n<p>Diabetes tipo 1 &#8211; Ni\u00f1os y j\u00f3venes<\/p>\n<p>[\/et_pb_text][et_pb_text _builder_version=\u00bb4.16&#8243; global_colors_info=\u00bb{}\u00bb]<\/p>\n<p>&#8211; Sant Joan de D\u00e9u: <a href=\"https:\/\/diabetes.sjdhospitalbarcelona.org\/ca\" target=\"_blank\" rel=\"noopener noreferrer\">Guia diabetes tipo 1<\/a><\/p>\n<p>&#8211; BOE 2014: <a href=\"https:\/\/www.boe.es\/diario_boe\/txt.php?id=BOE-A-2004-5053\" target=\"_blank\" rel=\"noopener noreferrer\">Por el cual se autoriza la financiaci\u00f3n de determinados efectos y accesorios con fondos p\u00fablicos<\/a><\/p>\n<p>&#8211; <a href=\"https:\/\/diabetes.sjdhospitalbarcelona.org\/es\/diabetes-tipo-1\/recursos\/diabetes-tipo-1-ninos-adolescentes-y-adultos-jovenes\" target=\"_blank\" rel=\"noopener noreferrer\">Diabetes tipo 1, en ni\u00f1os adolescentes y adultos j\u00f3venes<\/a><\/p>\n<p>&#8211; <a href=\"http:\/\/www.diabetestipo1.es\/index.php\" target=\"_blank\" rel=\"noopener noreferrer\">Diabetes tipo 1<\/a> &#8211; <a href=\"https:\/\/www.diguan.es\/\" target=\"_blank\" rel=\"noopener noreferrer\">Diguan<\/a><a href=\"https:\/\/www.mscbs.gob.es\/organizacion\/sns\/planCalidadSNS\/pdf\/excelencia\/cuidadospaliativos-diabetes\/DIABETES\/Lo_que_debes_saber_sobre_la_diabetes_en_la_edad_pediatrica.pdf?fbclid=IwAR011gIjjHF6_hBtnf7-z6MMbQGTwUrnYoj8j6ZzyOU3Un7wbvMD31yy2FI\" target=\"_blank\" rel=\"noopener noreferrer\"><\/a><\/p>\n<p>&#8211; Gemma Peralta i I\u00f1aki Lorente. <a href=\"https:\/\/canaldiabetes.com\/wp-content\/uploads\/2020\/02\/AF_Guia-Acompa%C3%B1amiento-Emocional-v.DEFonline.pdf\" target=\"_blank\" rel=\"noopener noreferrer\">Acompa\u00f1amiento emocional para las familias de ni\u00f1os y adolescentes con diabetes.<\/a><\/p>\n<p>&#8211; <a href=\"https:\/\/es.beyondtype1.org\/\" target=\"_blank\" rel=\"noopener noreferrer\">Beyond type 1 en espa\u00f1ol<\/a><\/p>\n<p>&#8211; <a href=\"https:\/\/donsacarino.com\/\" target=\"_blank\" rel=\"noopener noreferrer\">Don Sacarino<\/a><\/p>\n<p>&#8211; d-m\u00e9dical: <a href=\"https:\/\/d-medical.com\/wp-content\/uploads\/d-m%C3%A9dical-%C2%B7-Programa-Educactivo-Diabetes-tipo-1-Ni%C3%B1o-Adolescente-%C2%B7-Enero-2020-Definitivo_compressed.pdf\" target=\"_blank\" rel=\"noopener noreferrer\">Diabetes tipo 1 en la edad pedi\u00e1trica<\/a><\/p>\n<p>[\/et_pb_text][et_pb_text _builder_version=\u00bb4.16&#8243; text_font=\u00bb||||||||\u00bb text_text_color=\u00bb#000000&#8243; text_font_size=\u00bb27px\u00bb custom_padding=\u00bb11px||11px|17px|true\u00bb custom_css_main_element=\u00bbbackground-color:#F5F5F5;\u00bb border_radii=\u00bbon|3px|3px|3px|3px\u00bb border_width_all=\u00bb1px\u00bb border_color_all=\u00bb#bababa\u00bb global_colors_info=\u00bb{}\u00bb]<\/p>\n<p>Alimentaci\u00f3n<\/p>\n<p>[\/et_pb_text][et_pb_text _builder_version=\u00bb4.16&#8243; global_colors_info=\u00bb{}\u00bb]<\/p>\n<p>&#8211; <a href=\"https:\/\/www.alianzaporladiabetes.com\" target=\"_blank\" rel=\"noopener noreferrer\">Alianza por la diabetes<\/a><\/p>\n<p>&#8211; <a href=\"https:\/\/diabetesalacarta.org\/\" target=\"_blank\" rel=\"noopener noreferrer\">Diabetes a la carta<\/a><\/p>\n<p>&#8211; <a href=\"http:\/\/seramurillo.blogspot.com\/\" target=\"_blank\" rel=\"noopener noreferrer\">Seraf\u00edn Murillo<\/a><\/p>\n<p>&#8211; <a href=\"https:\/\/adc.cat\/wp-content\/uploads\/2019\/11\/alimentacio_teca.pdf\" target=\"_blank\" rel=\"noopener noreferrer\">TECA: Tecnologia i Ci\u00e8ncia dels Aliments<\/a><\/p>\n<p>&#8211; Ag\u00e8ncia de Salut P\u00fablica de Catalunya (ASPCAT): <a href=\"http:\/\/salutpublica.gencat.cat\/ca\/detalls\/Article\/20190318-Implicat\" target=\"_blank\" rel=\"noopener noreferrer\">Implica&#8217;t: ingredients per a un creixement saludable i feli\u00e7<\/a><\/p>\n<p>[\/et_pb_text][et_pb_text _builder_version=\u00bb4.16&#8243; text_font=\u00bb||||||||\u00bb text_text_color=\u00bb#000000&#8243; text_font_size=\u00bb27px\u00bb custom_padding=\u00bb11px||11px|17px|true\u00bb custom_css_main_element=\u00bbbackground-color:#F5F5F5;\u00bb border_radii=\u00bbon|3px|3px|3px|3px\u00bb border_width_all=\u00bb1px\u00bb border_color_all=\u00bb#bababa\u00bb global_colors_info=\u00bb{}\u00bb]<\/p>\n<p>Deporte<\/p>\n<p>[\/et_pb_text][et_pb_text _builder_version=\u00bb4.16&#8243; global_colors_info=\u00bb{}\u00bb]<\/p>\n<p>&#8211; Seraf\u00edn Murillo: <a href=\"https:\/\/www.fundaciondiabetes.org\/upload\/publicaciones_ficheros\/10\/Diabetes_deporte_jovenes.pdf\" target=\"_blank\" rel=\"noopener noreferrer\">Diabetes tipo 1 y deporte<\/a><\/p>\n<p>[\/et_pb_text][et_pb_text disabled_on=\u00bbon|on|on\u00bb _builder_version=\u00bb4.27.0&#8243; text_font=\u00bb||||||||\u00bb text_text_color=\u00bb#000000&#8243; text_font_size=\u00bb27px\u00bb custom_padding=\u00bb11px||11px|17px|true\u00bb custom_css_main_element=\u00bbbackground-color:#F5F5F5;\u00bb border_radii=\u00bbon|3px|3px|3px|3px\u00bb border_width_all=\u00bb1px\u00bb border_color_all=\u00bb#bababa\u00bb disabled=\u00bbon\u00bb global_colors_info=\u00bb{}\u00bb]<\/p>\n<p>Viajes<\/p>\n<p>[\/et_pb_text][et_pb_text _builder_version=\u00bb4.16&#8243; text_font=\u00bb||||||||\u00bb text_text_color=\u00bb#000000&#8243; text_font_size=\u00bb27px\u00bb custom_padding=\u00bb11px||11px|17px|true\u00bb custom_css_main_element=\u00bbbackground-color:#F5F5F5;\u00bb border_radii=\u00bbon|3px|3px|3px|3px\u00bb border_width_all=\u00bb1px\u00bb border_color_all=\u00bb#bababa\u00bb global_colors_info=\u00bb{}\u00bb]<\/p>\n<p>Aplicaciones m\u00f3vil<\/p>\n<p>[\/et_pb_text][et_pb_text _builder_version=\u00bb4.16&#8243; global_colors_info=\u00bb{}\u00bb]<\/p>\n<p>&#8211; <a href=\"https:\/\/www.sediabetes.org\/wp-content\/uploads\/Guia-para-el-uso-de-apps-en-diabetes.pdf\" target=\"_blank\" rel=\"noopener noreferrer\">Gu\u00eda para el uso de\u00a0 Apps en Diabetes<\/a><\/p>\n<p>&#8211; <a href=\"https:\/\/www.socialdiabetes.com\/es\/home\" target=\"_blank\" rel=\"noopener noreferrer\">SocialDiabetes<\/a>: recomienda la insulina antes de las comidas, env\u00eda los datos del gluc\u00f3metro o medidor continuo a la app, guarda todos los controles&#8230;<\/p>\n<p>&#8211; <a href=\"https:\/\/www.retinarisk.com\/\" target=\"_blank\" rel=\"noopener noreferrer\">Retina Risk<\/a>: para saber tu riesgo de desarrollar una retinopat\u00eda diab\u00e9tica que haga peligrar la vista.<\/p>\n<p>&#8211; <a href=\"https:\/\/www.althaia.cat\/althaia\/ca\/projectes\/pukono-app\" target=\"_blank\" rel=\"noopener noreferrer\">APP Pukono<\/a>: aplicaci\u00f3n para ayudar a mejorar la alimentaci\u00f3n en pacientes con hipertensi\u00f3n y \/ o insuficiencia renal.<\/p>\n<p>&#8211; <a href=\"https:\/\/mysugr.com\/en\" target=\"_blank\" rel=\"noopener noreferrer\">mySugr<\/a>: ayuda a controlar los niveles de az\u00facar en sangre, monitoriza los carbohidratos&#8230;<\/p>\n<p>[\/et_pb_text][et_pb_text _builder_version=\u00bb4.16&#8243; text_font=\u00bb||||||||\u00bb text_text_color=\u00bb#000000&#8243; text_font_size=\u00bb27px\u00bb custom_padding=\u00bb11px||11px|17px|true\u00bb custom_css_main_element=\u00bbbackground-color:#F5F5F5;\u00bb border_radii=\u00bbon|3px|3px|3px|3px\u00bb border_width_all=\u00bb1px\u00bb border_color_all=\u00bb#bababa\u00bb global_colors_info=\u00bb{}\u00bb]<\/p>\n<p>Diabetes y escuela<\/p>\n<p>[\/et_pb_text][et_pb_text _builder_version=\u00bb4.16&#8243; global_colors_info=\u00bb{}\u00bb]<\/p>\n<p>&#8211;<a href=\"https:\/\/www.diguan.es\/wp-content\/uploads\/2021\/10\/KiDS-1-Guia-para-educar-sobre-diabetes-en-las-escuelas-diguan-kids.pdf\" target=\"_blank\" rel=\"noopener\"> KiDS 1: Gu\u00eda para educar sobre diabetes en las escuelas<\/a><\/p>\n<p>&#8211; <a href=\"https:\/\/www.diguan.es\/wp-content\/uploads\/2021\/10\/KiDS-2-Guia-educativa-sobre-nutricion-y-diabetes-en-las-escuelas-diguan.pdf\" target=\"_blank\" rel=\"noopener\">KiDS 2: Gu\u00eda educativa sobre nutrici\u00f3n y diabetes en las escuelas<\/a><\/p>\n<p>[\/et_pb_text][\/et_pb_column][\/et_pb_row][\/et_pb_section]<\/p>\n","protected":false},"excerpt":{"rendered":"<p>Recopilaci\u00f3n de materiales externos sobre diferentes aspectos vinculados a la diabetes.<\/p>\n","protected":false},"author":5,"featured_media":0,"parent":6204,"menu_order":0,"comment_status":"closed","ping_status":"closed","template":"","meta":{"_et_pb_use_builder":"on","_et_pb_old_content":"","_et_gb_content_width":"","footnotes":""},"class_list":["post-6212","page","type-page","status-publish","hentry"],"yoast_head":"<!-- This site is optimized with the Yoast SEO plugin v27.4 - https:\/\/yoast.com\/product\/yoast-seo-wordpress\/ -->\n<title>Recursos - ADC \u2013 Associaci\u00f3 de Diabetis de Catalunya<\/title>\n<meta name=\"description\" content=\"Recopilaci\u00f3n de materiales externos sobre diferentes aspectos vinculados a la diabetes.\" \/>\n<meta name=\"robots\" content=\"index, follow, max-snippet:-1, max-image-preview:large, max-video-preview:-1\" \/>\n<link rel=\"canonical\" href=\"https:\/\/adc.cat\/es\/informacion-diabetes\/recursos\/\" \/>\n<meta property=\"og:locale\" content=\"es_ES\" \/>\n<meta property=\"og:type\" content=\"article\" \/>\n<meta property=\"og:title\" content=\"Recursos - ADC \u2013 Associaci\u00f3 de Diabetis de Catalunya\" \/>\n<meta property=\"og:description\" content=\"Recopilaci\u00f3n de materiales externos sobre diferentes aspectos vinculados a la diabetes.\" \/>\n<meta property=\"og:url\" content=\"https:\/\/adc.cat\/es\/informacion-diabetes\/recursos\/\" \/>\n<meta property=\"og:site_name\" content=\"ADC \u2013 Associaci\u00f3 de Diabetis de Catalunya\" \/>\n<meta property=\"article:publisher\" content=\"https:\/\/www.facebook.com\/ADC.CAT\/\" \/>\n<meta property=\"article:modified_time\" content=\"2026-01-07T09:07:23+00:00\" \/>\n<meta name=\"twitter:card\" content=\"summary_large_image\" \/>\n<meta name=\"twitter:site\" content=\"@ADC_CAT\" \/>\n<meta name=\"twitter:label1\" content=\"Tiempo de lectura\" \/>\n\t<meta name=\"twitter:data1\" content=\"3 minutos\" \/>\n<script type=\"application\/ld+json\" class=\"yoast-schema-graph\">{\"@context\":\"https:\\\/\\\/schema.org\",\"@graph\":[{\"@type\":\"WebPage\",\"@id\":\"https:\\\/\\\/adc.cat\\\/es\\\/informacion-diabetes\\\/recursos\\\/\",\"url\":\"https:\\\/\\\/adc.cat\\\/es\\\/informacion-diabetes\\\/recursos\\\/\",\"name\":\"Recursos - ADC \u2013 Associaci\u00f3 de Diabetis de Catalunya\",\"isPartOf\":{\"@id\":\"https:\\\/\\\/adc.cat\\\/es\\\/#website\"},\"datePublished\":\"2019-03-29T08:44:49+00:00\",\"dateModified\":\"2026-01-07T09:07:23+00:00\",\"description\":\"Recopilaci\u00f3n de materiales externos sobre diferentes aspectos vinculados a la diabetes.\",\"breadcrumb\":{\"@id\":\"https:\\\/\\\/adc.cat\\\/es\\\/informacion-diabetes\\\/recursos\\\/#breadcrumb\"},\"inLanguage\":\"es\",\"potentialAction\":[{\"@type\":\"ReadAction\",\"target\":[\"https:\\\/\\\/adc.cat\\\/es\\\/informacion-diabetes\\\/recursos\\\/\"]}]},{\"@type\":\"BreadcrumbList\",\"@id\":\"https:\\\/\\\/adc.cat\\\/es\\\/informacion-diabetes\\\/recursos\\\/#breadcrumb\",\"itemListElement\":[{\"@type\":\"ListItem\",\"position\":1,\"name\":\"Portada\",\"item\":\"https:\\\/\\\/adc.cat\\\/es\\\/\"},{\"@type\":\"ListItem\",\"position\":2,\"name\":\"Informaci\u00f3n diabetes\",\"item\":\"https:\\\/\\\/adc.cat\\\/es\\\/informacion-diabetes\\\/\"},{\"@type\":\"ListItem\",\"position\":3,\"name\":\"Recursos\"}]},{\"@type\":\"WebSite\",\"@id\":\"https:\\\/\\\/adc.cat\\\/es\\\/#website\",\"url\":\"https:\\\/\\\/adc.cat\\\/es\\\/\",\"name\":\"ADC \u2013 Associaci\u00f3 de Diabetis de Catalunya\",\"description\":\"L&#039;ADC representa els pacients amb diabetis de Catalunya. Els nostres objectius: informar, aconsellar, ajudar i defensar les persones amb diabetis i promoure la sensibilitzaci\u00f3 de la resta de la societat\",\"publisher\":{\"@id\":\"https:\\\/\\\/adc.cat\\\/es\\\/#organization\"},\"potentialAction\":[{\"@type\":\"SearchAction\",\"target\":{\"@type\":\"EntryPoint\",\"urlTemplate\":\"https:\\\/\\\/adc.cat\\\/es\\\/?s={search_term_string}\"},\"query-input\":{\"@type\":\"PropertyValueSpecification\",\"valueRequired\":true,\"valueName\":\"search_term_string\"}}],\"inLanguage\":\"es\"},{\"@type\":\"Organization\",\"@id\":\"https:\\\/\\\/adc.cat\\\/es\\\/#organization\",\"name\":\"Associaci\u00f3 de Diabetis de Catalunya\",\"url\":\"https:\\\/\\\/adc.cat\\\/es\\\/\",\"logo\":{\"@type\":\"ImageObject\",\"inLanguage\":\"es\",\"@id\":\"https:\\\/\\\/adc.cat\\\/es\\\/#\\\/schema\\\/logo\\\/image\\\/\",\"url\":\"https:\\\/\\\/adc.cat\\\/wp-content\\\/uploads\\\/2022\\\/01\\\/associacio_de_diabetis_catalunya.png\",\"contentUrl\":\"https:\\\/\\\/adc.cat\\\/wp-content\\\/uploads\\\/2022\\\/01\\\/associacio_de_diabetis_catalunya.png\",\"width\":512,\"height\":239,\"caption\":\"Associaci\u00f3 de Diabetis de Catalunya\"},\"image\":{\"@id\":\"https:\\\/\\\/adc.cat\\\/es\\\/#\\\/schema\\\/logo\\\/image\\\/\"},\"sameAs\":[\"https:\\\/\\\/www.facebook.com\\\/ADC.CAT\\\/\",\"https:\\\/\\\/x.com\\\/ADC_CAT\",\"https:\\\/\\\/www.instagram.com\\\/adc_cat\\\/\",\"https:\\\/\\\/www.linkedin.com\\\/company\\\/associacio-de-diabetis-de-catalunya\",\"https:\\\/\\\/www.youtube.com\\\/channel\\\/UC7BiJMxG_5sHYUhMAlevAWA\"]}]}<\/script>\n<!-- \/ Yoast SEO plugin. -->","yoast_head_json":{"title":"Recursos - ADC \u2013 Associaci\u00f3 de Diabetis de Catalunya","description":"Recopilaci\u00f3n de materiales externos sobre diferentes aspectos vinculados a la diabetes.","robots":{"index":"index","follow":"follow","max-snippet":"max-snippet:-1","max-image-preview":"max-image-preview:large","max-video-preview":"max-video-preview:-1"},"canonical":"https:\/\/adc.cat\/es\/informacion-diabetes\/recursos\/","og_locale":"es_ES","og_type":"article","og_title":"Recursos - ADC \u2013 Associaci\u00f3 de Diabetis de Catalunya","og_description":"Recopilaci\u00f3n de materiales externos sobre diferentes aspectos vinculados a la diabetes.","og_url":"https:\/\/adc.cat\/es\/informacion-diabetes\/recursos\/","og_site_name":"ADC \u2013 Associaci\u00f3 de Diabetis de Catalunya","article_publisher":"https:\/\/www.facebook.com\/ADC.CAT\/","article_modified_time":"2026-01-07T09:07:23+00:00","twitter_card":"summary_large_image","twitter_site":"@ADC_CAT","twitter_misc":{"Tiempo de lectura":"3 minutos"},"schema":{"@context":"https:\/\/schema.org","@graph":[{"@type":"WebPage","@id":"https:\/\/adc.cat\/es\/informacion-diabetes\/recursos\/","url":"https:\/\/adc.cat\/es\/informacion-diabetes\/recursos\/","name":"Recursos - ADC \u2013 Associaci\u00f3 de Diabetis de Catalunya","isPartOf":{"@id":"https:\/\/adc.cat\/es\/#website"},"datePublished":"2019-03-29T08:44:49+00:00","dateModified":"2026-01-07T09:07:23+00:00","description":"Recopilaci\u00f3n de materiales externos sobre diferentes aspectos vinculados a la diabetes.","breadcrumb":{"@id":"https:\/\/adc.cat\/es\/informacion-diabetes\/recursos\/#breadcrumb"},"inLanguage":"es","potentialAction":[{"@type":"ReadAction","target":["https:\/\/adc.cat\/es\/informacion-diabetes\/recursos\/"]}]},{"@type":"BreadcrumbList","@id":"https:\/\/adc.cat\/es\/informacion-diabetes\/recursos\/#breadcrumb","itemListElement":[{"@type":"ListItem","position":1,"name":"Portada","item":"https:\/\/adc.cat\/es\/"},{"@type":"ListItem","position":2,"name":"Informaci\u00f3n diabetes","item":"https:\/\/adc.cat\/es\/informacion-diabetes\/"},{"@type":"ListItem","position":3,"name":"Recursos"}]},{"@type":"WebSite","@id":"https:\/\/adc.cat\/es\/#website","url":"https:\/\/adc.cat\/es\/","name":"ADC \u2013 Associaci\u00f3 de Diabetis de Catalunya","description":"L&#039;ADC representa els pacients amb diabetis de Catalunya. Els nostres objectius: informar, aconsellar, ajudar i defensar les persones amb diabetis i promoure la sensibilitzaci\u00f3 de la resta de la societat","publisher":{"@id":"https:\/\/adc.cat\/es\/#organization"},"potentialAction":[{"@type":"SearchAction","target":{"@type":"EntryPoint","urlTemplate":"https:\/\/adc.cat\/es\/?s={search_term_string}"},"query-input":{"@type":"PropertyValueSpecification","valueRequired":true,"valueName":"search_term_string"}}],"inLanguage":"es"},{"@type":"Organization","@id":"https:\/\/adc.cat\/es\/#organization","name":"Associaci\u00f3 de Diabetis de Catalunya","url":"https:\/\/adc.cat\/es\/","logo":{"@type":"ImageObject","inLanguage":"es","@id":"https:\/\/adc.cat\/es\/#\/schema\/logo\/image\/","url":"https:\/\/adc.cat\/wp-content\/uploads\/2022\/01\/associacio_de_diabetis_catalunya.png","contentUrl":"https:\/\/adc.cat\/wp-content\/uploads\/2022\/01\/associacio_de_diabetis_catalunya.png","width":512,"height":239,"caption":"Associaci\u00f3 de Diabetis de Catalunya"},"image":{"@id":"https:\/\/adc.cat\/es\/#\/schema\/logo\/image\/"},"sameAs":["https:\/\/www.facebook.com\/ADC.CAT\/","https:\/\/x.com\/ADC_CAT","https:\/\/www.instagram.com\/adc_cat\/","https:\/\/www.linkedin.com\/company\/associacio-de-diabetis-de-catalunya","https:\/\/www.youtube.com\/channel\/UC7BiJMxG_5sHYUhMAlevAWA"]}]}},"_links":{"self":[{"href":"https:\/\/adc.cat\/es\/wp-json\/wp\/v2\/pages\/6212","targetHints":{"allow":["GET"]}}],"collection":[{"href":"https:\/\/adc.cat\/es\/wp-json\/wp\/v2\/pages"}],"about":[{"href":"https:\/\/adc.cat\/es\/wp-json\/wp\/v2\/types\/page"}],"author":[{"embeddable":true,"href":"https:\/\/adc.cat\/es\/wp-json\/wp\/v2\/users\/5"}],"replies":[{"embeddable":true,"href":"https:\/\/adc.cat\/es\/wp-json\/wp\/v2\/comments?post=6212"}],"version-history":[{"count":19,"href":"https:\/\/adc.cat\/es\/wp-json\/wp\/v2\/pages\/6212\/revisions"}],"predecessor-version":[{"id":52663,"href":"https:\/\/adc.cat\/es\/wp-json\/wp\/v2\/pages\/6212\/revisions\/52663"}],"up":[{"embeddable":true,"href":"https:\/\/adc.cat\/es\/wp-json\/wp\/v2\/pages\/6204"}],"wp:attachment":[{"href":"https:\/\/adc.cat\/es\/wp-json\/wp\/v2\/media?parent=6212"}],"curies":[{"name":"wp","href":"https:\/\/api.w.org\/{rel}","templated":true}]}}