{"id":6224,"date":"2019-03-06T10:09:38","date_gmt":"2019-03-06T09:09:38","guid":{"rendered":"https:\/\/adc.cat\/hazte-socio\/"},"modified":"2025-09-23T09:15:09","modified_gmt":"2025-09-23T07:15:09","slug":"hazte-socio","status":"publish","type":"page","link":"https:\/\/adc.cat\/es\/hazte-socio\/","title":{"rendered":"Hazte socio\/a"},"content":{"rendered":"<p>[et_pb_section fb_built=\u00bb1&#8243; fullwidth=\u00bbon\u00bb _builder_version=\u00bb4.16&#8243; background_image=\u00bbhttps:\/\/adc.cat\/wp-content\/uploads\/2019\/03\/adc.jpg\u00bb parallax=\u00bbon\u00bb custom_padding=\u00bb0|0px|0px|0px|false|false\u00bb global_colors_info=\u00bb{}\u00bb da_is_popup=\u00bboff\u00bb da_exit_intent=\u00bboff\u00bb da_has_close=\u00bbon\u00bb da_alt_close=\u00bboff\u00bb da_dark_close=\u00bboff\u00bb da_not_modal=\u00bbon\u00bb da_is_singular=\u00bboff\u00bb da_with_loader=\u00bboff\u00bb da_has_shadow=\u00bbon\u00bb da_disable_devices=\u00bboff|off|off\u00bb][et_pb_fullwidth_header title=\u00bbHAZTE SOCIO\u00bb text_orientation=\u00bbcenter\u00bb header_scroll_down=\u00bbon\u00bb scroll_down_icon=\u00bb%%8%%\u00bb scroll_down_icon_size=\u00bb44px\u00bb _builder_version=\u00bb4.16&#8243; title_font=\u00bbAcme||||||||\u00bb title_font_size=\u00bb53px\u00bb title_letter_spacing=\u00bb1px\u00bb content_font=\u00bb||||||||\u00bb background_color=\u00bbrgba(126,190,197,0)\u00bb custom_margin=\u00bb-46px||\u00bb title_font_size_tablet=\u00bb\u00bb title_font_size_phone=\u00bb50px\u00bb title_font_size_last_edited=\u00bbon|desktop\u00bb title_text_shadow_style=\u00bbpreset1&#8243; title_text_shadow_horizontal_length=\u00bb-0.04em\u00bb title_text_shadow_vertical_length=\u00bb0.01em\u00bb title_text_shadow_blur_strength=\u00bb0.19em\u00bb title_text_shadow_color=\u00bbrgba(12,113,195,0.29)\u00bb global_colors_info=\u00bb{}\u00bb title_font_size__hover_enabled=\u00bbon\u00bb title_font_size__hover=\u00bb53px\u00bb][\/et_pb_fullwidth_header][\/et_pb_section][et_pb_section fb_built=\u00bb1&#8243; _builder_version=\u00bb4.16&#8243; custom_padding=\u00bb0|0px|62px|0px|false|false\u00bb global_colors_info=\u00bb{}\u00bb da_is_popup=\u00bboff\u00bb da_exit_intent=\u00bboff\u00bb da_has_close=\u00bbon\u00bb da_alt_close=\u00bboff\u00bb da_dark_close=\u00bboff\u00bb da_not_modal=\u00bbon\u00bb da_is_singular=\u00bboff\u00bb da_with_loader=\u00bboff\u00bb da_has_shadow=\u00bbon\u00bb da_disable_devices=\u00bboff|off|off\u00bb][et_pb_row column_structure=\u00bb2_3,1_3&#8243; _builder_version=\u00bb4.16&#8243; custom_padding=\u00bb31px|0px|44px|0px|false|false\u00bb global_colors_info=\u00bb{}\u00bb][et_pb_column type=\u00bb2_3&#8243; _builder_version=\u00bb4.16&#8243; custom_padding=\u00bb|||\u00bb global_colors_info=\u00bb{}\u00bb custom_padding__hover=\u00bb|||\u00bb][et_pb_text _builder_version=\u00bb4.16&#8243; text_font=\u00bb||||||||\u00bb header_font=\u00bb||||||||\u00bb global_colors_info=\u00bb{}\u00bb]<\/p>\n<p>Ser asociado del ADC significa apoyar , <strong>uni\u00f3n<\/strong> y <strong>fuerza<\/strong> a la asociaci\u00f3n de pacientes que trabaja d\u00eda a d\u00eda para mejorar y defender los intereses del colectivo de personas con diabetes y su entorno.<\/p>\n<p>Si eres socio y socia de la ADC, te ofrecemos <strong>educaci\u00f3n en diabetes<\/strong> y <strong>acompa\u00f1amiento<\/strong> nutricional y psicol\u00f3gico, entre otros, tanto para t\u00fa como para tu entorno. Podr\u00e1s disfrutar de <strong>encuentros<\/strong> con otras personas que convieun con la diabetes, tanto en l\u00ednea como presenciales, talleres y conferencias sobre la tem\u00e1tica. Tambi\u00e9n recibir\u00e1s <strong>descuentos<\/strong> y promociones en productos y servicios.<\/p>\n<p>[\/et_pb_text][\/et_pb_column][et_pb_column type=\u00bb1_3&#8243; _builder_version=\u00bb4.16&#8243; custom_padding=\u00bb|||\u00bb global_colors_info=\u00bb{}\u00bb custom_padding__hover=\u00bb|||\u00bb][et_pb_text _builder_version=\u00bb4.16&#8243; text_font=\u00bb||||||||\u00bb header_font=\u00bb||||||||\u00bb text_orientation=\u00bbcenter\u00bb custom_margin=\u00bb0px|||\u00bb link_option_url_new_window=\u00bbon\u00bb border_color_all=\u00bb#5ec4ff\u00bb border_width_left=\u00bb8px\u00bb global_colors_info=\u00bb{}\u00bb]<span style=\"font-size: x-large;\"><span style=\"color: #666666;\"><strong>Descarga nuestra APP <\/strong><\/span><\/span><span style=\"font-size: x-large;\"><span style=\"color: #666666;\"><strong>y accede<\/strong><strong>\u00a0a tu carnet virtual<\/strong><\/span><\/span><\/p>\n<div style=\"margin-top: 20px; overflow: hidden; padding-left: 90px;\">\n<div class=\"textarea-desti col-xs-12 col-sm-6\">\n<div class=\"form-control second-textarea\">Disponible solo para descargar en Android.<\/div>\n<\/div>\n<\/div>\n<div style=\"margin-top: 20px; overflow: hidden; padding-left: 90px;\"><a href=\"https:\/\/play.google.com\/store\/apps\/details?id=com.playoff.adc\" target=\"_blank\" rel=\"noopener noreferrer\"><img decoding=\"async\" class=\"wp-image-624 alignleft size-medium\" src=\"https:\/\/adc.cat\/wp-content\/uploads\/2019\/03\/google-play-300x90.png\" alt=\"\" width=\"210\" height=\"63\" srcset=\"https:\/\/adc.cat\/wp-content\/uploads\/2019\/03\/google-play-300x90.png 300w, https:\/\/adc.cat\/wp-content\/uploads\/2019\/03\/google-play.png 382w\" sizes=\"(max-width: 210px) 100vw, 210px\" \/> <\/a><\/div>\n<p>[\/et_pb_text][\/et_pb_column][\/et_pb_row][et_pb_row column_structure=\u00bb1_2,1_2&#8243; _builder_version=\u00bb4.27.0&#8243; _module_preset=\u00bbdefault\u00bb global_colors_info=\u00bb{}\u00bb][et_pb_column type=\u00bb1_2&#8243; _builder_version=\u00bb4.27.0&#8243; _module_preset=\u00bbdefault\u00bb global_colors_info=\u00bb{}\u00bb][et_pb_cta button_url=\u00bbhttps:\/\/adc.playoffinformatica.com\/Preinscripcio.php?idColegi=1&#8243; url_new_window=\u00bbon\u00bb button_text=\u00bbFormulario de inscripci\u00f3n cuota soci\u00bb admin_label=\u00bbCall To Action\u00bb _builder_version=\u00bb4.27.0&#8243; body_font=\u00bb||||||||\u00bb use_background_color=\u00bboff\u00bb custom_button=\u00bbon\u00bb button_bg_color=\u00bb#5ec4ff\u00bb button_border_width=\u00bb0px\u00bb button_border_radius=\u00bb5px\u00bb button_font=\u00bb|700|||||||\u00bb button_alignment=\u00bbcenter\u00bb custom_margin=\u00bb-12px||\u00bb global_colors_info=\u00bb{}\u00bb][\/et_pb_cta][\/et_pb_column][et_pb_column type=\u00bb1_2&#8243; _builder_version=\u00bb4.27.0&#8243; _module_preset=\u00bbdefault\u00bb global_colors_info=\u00bb{}\u00bb][et_pb_cta button_url=\u00bbhttps:\/\/adc.playoffinformatica.com\/preinscripcio\/27\/Soci-Mascotes\/\u00bb url_new_window=\u00bbon\u00bb button_text=\u00bbFormulario de inscripci\u00f3n socio mascota\u00bb admin_label=\u00bbCall To Action\u00bb _builder_version=\u00bb4.27.0&#8243; header_text_color=\u00bb#5ec4ff\u00bb body_font=\u00bb||||||||\u00bb body_text_color=\u00bb#5ec4ff\u00bb body_font_size=\u00bb12px\u00bb use_background_color=\u00bboff\u00bb custom_button=\u00bbon\u00bb button_bg_color=\u00bb#FFFFFF\u00bb button_border_width=\u00bb3px\u00bb button_border_color=\u00bb#5ec4ff\u00bb button_border_radius=\u00bb5px\u00bb button_font=\u00bb|700|||||||\u00bb button_alignment=\u00bbcenter\u00bb background_layout=\u00bblight\u00bb custom_margin=\u00bb-12px||\u00bb global_colors_info=\u00bb{}\u00bb][\/et_pb_cta][\/et_pb_column][\/et_pb_row][et_pb_row _builder_version=\u00bb4.27.0&#8243; _module_preset=\u00bbdefault\u00bb global_colors_info=\u00bb{}\u00bb][et_pb_column type=\u00bb4_4&#8243; _builder_version=\u00bb4.27.0&#8243; _module_preset=\u00bbdefault\u00bb global_colors_info=\u00bb{}\u00bb][et_pb_text _builder_version=\u00bb4.16&#8243; text_font=\u00bb||||||||\u00bb text_font_size=\u00bb21px\u00bb header_font=\u00bb||||||||\u00bb background_color=\u00bbrgba(12,113,195,0.13)\u00bb custom_css_main_element=\u00bbpadding:40px\u00bb border_width_all=\u00bb1px\u00bb border_color_all=\u00bb#0c71c3&#8243; border_style_all=\u00bbdashed\u00bb box_shadow_style=\u00bbpreset3&#8243; box_shadow_horizontal=\u00bb18px\u00bb box_shadow_vertical=\u00bb18px\u00bb box_shadow_blur=\u00bb24px\u00bb global_colors_info=\u00bb{}\u00bb]<\/p>\n<p style=\"text-align: center;\"><span style=\"color: #5ec4ff; font-size: 26px;\">Cuotas anuales<\/span><span style=\"color: #5ec4ff; font-size: 26px;\"><\/span><\/p>\n<p style=\"text-align: center;\"><span style=\"font-size: 21px; text-align: left;\"><strong>Cuota individual:<\/strong> 65\u20ac\/a\u00f1o, un \u00fanico pago (siendo 5,42\u20ac\/mes)<\/span><\/p>\n<p style=\"text-align: center;\"><span style=\"font-size: 21px; text-align: left;\"><strong>Cuota jubilado\/a o pensionista:<\/strong> 55\u20ac\/a\u00f1o, un \u00fanico pago (equivale a 4,58\u20ac\/mes)<\/span><\/p>\n<p style=\"text-align: center;\"><span style=\"font-size: 21px;\"><strong>Cuota mascota:<\/strong> 18\u20ac\/a\u00f1o, un \u00fanico pago (siendo 1,50\u20ac\/mes)<\/span><\/p>\n<p style=\"text-align: center;\"><em>Al ser utilidad p\u00fablica, en la renta puedes desgravar el 80% de la cuota.<\/em><\/p>\n<p>[\/et_pb_text][et_pb_text _builder_version=\u00bb4.16&#8243; text_font=\u00bb||||||||\u00bb text_line_height=\u00bb1.5em\u00bb custom_margin=\u00bb42px|||||\u00bb global_colors_info=\u00bb{}\u00bb]<\/p>\n<p style=\"font-size: 13px; line-height: 20px;\"><span style=\"font-size: medium;\">Si tambi\u00e9n formas parte de la Asociaci\u00f3n de Celiacos de Catalu\u00f1a, tendr\u00e1s un <strong>25% de descuento<\/strong> sobre la cuota general <a href=\"https:\/\/adc.cat\/es\/colaboracion-associacio-diabetis-catalunya-y-associacio-celiacs-catalunya\/\" target=\"_blank\" rel=\"noopener noreferrer\">gracias al acuerdo de colaboraci\u00f3n<\/a> entre ambas entidades. Para poder disfrutar de este descuento <strong>ponte en contacto con nosotros<\/strong>.<\/span><\/p>\n<p style=\"font-size: 13px; line-height: 20px;\"><span style=\"font-size: medium;\">Una vez girado el recibo hay un plazo m\u00e1ximo de 3 meses para cancelarlo a trav\u00e9s del propio banco, pasado este tiempo no se reembolsa la cuota anual cargada por ning\u00fan motivo. Rogamos que, en caso de quererse dar de baja, hay que avisar anticipadamente.<\/span><\/p>\n<p>[\/et_pb_text][et_pb_text _builder_version=\u00bb4.27.4&#8243; text_font=\u00bb||||||||\u00bb link_option_url_new_window=\u00bbon\u00bb global_colors_info=\u00bb{}\u00bb]<\/p>\n<h2 style=\"color: #41cdf6;\">Ventajas para nuestros asociados<\/h2>\n<ul>\n<li><a href=\"https:\/\/adc.cat\/es\/que-hacemos\/servicios\/\" target=\"_blank\" rel=\"noopener\">Servicios de apoyo<\/a>: asesoramiento diabetol\u00f3gico, nutricional, psicol\u00f3gico y jur\u00eddico.<\/li>\n<li>Punto de encuentro de personas que conviven con la diabetes, <a href=\"https:\/\/adc.cat\/es\/activitats\/\" target=\"_blank\" rel=\"noopener\">talleres y conferencias<\/a>.<\/li>\n<li>Asesoramiento en dudas y gestiones relacionadas con la diabetes.<\/li>\n<li>Acompa\u00f1amiento en la <a href=\"https:\/\/adc.cat\/es\/acompanamientos-escolares-de-ninos-con-diabetes\/\" target=\"_blank\" rel=\"noopener\">diabetes en entorno escolar<\/a>.<\/li>\n<li>Descuentos y promociones en <a href=\"https:\/\/adc.cat\/es\/hazte-socio\/promociones-en-productos\/\" target=\"_blank\" rel=\"noopener\">productos<\/a> y <a href=\"https:\/\/adc.cat\/es\/hazte-socio\/promociones-en-servicios\/\" target=\"_blank\" rel=\"noopener\">servicios<\/a>, precios especiales en material diabetol\u00f3gicoy descuentos en ocio.<\/li>\n<li>Descuentos en <a href=\"https:\/\/adc.cat\/es\/que-hacemos\/colonias-y-campamentos\/\" target=\"_blank\" rel=\"noopener\">colonias y campamentos<\/a> para ni\u00f1os y j\u00f3venes con diabetes.<\/li>\n<li>Suscripci\u00f3n al bolet\u00edn electr\u00f3nico.<\/li>\n<li>Hemeroteca sobre diabetes.<\/li>\n<\/ul>\n<p>[\/et_pb_text][\/et_pb_column][\/et_pb_row][et_pb_row _builder_version=\u00bb4.16&#8243; module_alignment=\u00bbcenter\u00bb global_colors_info=\u00bb{}\u00bb][et_pb_column type=\u00bb4_4&#8243; _builder_version=\u00bb4.16&#8243; custom_padding=\u00bb|||\u00bb global_colors_info=\u00bb{}\u00bb custom_padding__hover=\u00bb|||\u00bb][et_pb_text _builder_version=\u00bb4.16&#8243; global_colors_info=\u00bb{}\u00bb]<\/p>\n<h2 style=\"text-align: center;\">Promociones para asociados<\/h2>\n<p>[\/et_pb_text][\/et_pb_column][\/et_pb_row][et_pb_row column_structure=\u00bb1_4,1_4,1_4,1_4&#8243; _builder_version=\u00bb4.16&#8243; background_color=\u00bb#ffffff\u00bb module_alignment=\u00bbcenter\u00bb global_colors_info=\u00bb{}\u00bb][et_pb_column type=\u00bb1_4&#8243; _builder_version=\u00bb4.16&#8243; custom_padding=\u00bb|||\u00bb global_colors_info=\u00bb{}\u00bb custom_padding__hover=\u00bb|||\u00bb][\/et_pb_column][et_pb_column type=\u00bb1_4&#8243; _builder_version=\u00bb4.16&#8243; custom_padding=\u00bb|||\u00bb global_colors_info=\u00bb{}\u00bb custom_padding__hover=\u00bb|||\u00bb][et_pb_image src=\u00bbhttps:\/\/adc.cat\/wp-content\/uploads\/2019\/04\/productes.jpg\u00bb url=\u00bbhttps:\/\/adc.cat\/fes-te-soci\/descomptes\/\u00bb align_tablet=\u00bbcenter\u00bb align_phone=\u00bb\u00bb align_last_edited=\u00bbon|desktop\u00bb _builder_version=\u00bb4.27.0&#8243; global_colors_info=\u00bb{}\u00bb][\/et_pb_image][\/et_pb_column][et_pb_column type=\u00bb1_4&#8243; _builder_version=\u00bb4.16&#8243; custom_padding=\u00bb|||\u00bb global_colors_info=\u00bb{}\u00bb custom_padding__hover=\u00bb|||\u00bb][et_pb_image src=\u00bbhttps:\/\/adc.cat\/wp-content\/uploads\/2019\/04\/Serveis.jpg\u00bb url=\u00bbhttps:\/\/adc.cat\/com-t-ajudem\/\u00bb align_tablet=\u00bbcenter\u00bb align_phone=\u00bb\u00bb align_last_edited=\u00bbon|desktop\u00bb _builder_version=\u00bb4.27.0&#8243; global_colors_info=\u00bb{}\u00bb][\/et_pb_image][\/et_pb_column][et_pb_column type=\u00bb1_4&#8243; _builder_version=\u00bb4.16&#8243; custom_padding=\u00bb|||\u00bb global_colors_info=\u00bb{}\u00bb custom_padding__hover=\u00bb|||\u00bb][\/et_pb_column][\/et_pb_row][\/et_pb_section]<\/p>\n","protected":false},"excerpt":{"rendered":"<p>Ser asociado del ADC significa apoyar , uni\u00f3n y fuerza a la asociaci\u00f3n de pacientes que trabaja d\u00eda a d\u00eda para mejorar y defender los intereses del colectivo de personas [&hellip;]<\/p>\n","protected":false},"author":5,"featured_media":0,"parent":0,"menu_order":8,"comment_status":"closed","ping_status":"closed","template":"","meta":{"_et_pb_use_builder":"on","_et_pb_old_content":"","_et_gb_content_width":"","footnotes":""},"class_list":["post-6224","page","type-page","status-publish","hentry"],"yoast_head":"<!-- This site is optimized with the Yoast SEO plugin v27.5 - https:\/\/yoast.com\/product\/yoast-seo-wordpress\/ -->\n<title>Hazte socio\/a - ADC \u2013 Associaci\u00f3 de Diabetis de Catalunya<\/title>\n<meta name=\"description\" content=\"Ser socio\/socia de la Associaci\u00f3 de Diabetis de Catalunya significa dar apoyo, uni\u00f3n y fuerza al colectivo de pacientes con diabetes y familiares.\" \/>\n<meta name=\"robots\" content=\"index, follow, max-snippet:-1, max-image-preview:large, max-video-preview:-1\" \/>\n<link rel=\"canonical\" href=\"https:\/\/adc.cat\/es\/hazte-socio\/\" \/>\n<meta property=\"og:locale\" content=\"es_ES\" \/>\n<meta property=\"og:type\" content=\"article\" \/>\n<meta property=\"og:title\" content=\"Hazte socio\/a - ADC \u2013 Associaci\u00f3 de Diabetis de Catalunya\" \/>\n<meta property=\"og:description\" content=\"Ser socio\/socia de la Associaci\u00f3 de Diabetis de Catalunya significa dar apoyo, uni\u00f3n y fuerza al colectivo de pacientes con diabetes y familiares.\" \/>\n<meta property=\"og:url\" content=\"https:\/\/adc.cat\/es\/hazte-socio\/\" \/>\n<meta property=\"og:site_name\" content=\"ADC \u2013 Associaci\u00f3 de Diabetis de Catalunya\" \/>\n<meta property=\"article:publisher\" content=\"https:\/\/www.facebook.com\/ADC.CAT\/\" \/>\n<meta property=\"article:modified_time\" content=\"2025-09-23T07:15:09+00:00\" \/>\n<meta property=\"og:image\" content=\"https:\/\/adc.cat\/wp-content\/uploads\/2019\/03\/google-play.png\" \/>\n\t<meta property=\"og:image:width\" content=\"382\" \/>\n\t<meta property=\"og:image:height\" content=\"114\" \/>\n\t<meta property=\"og:image:type\" content=\"image\/png\" \/>\n<meta name=\"twitter:card\" content=\"summary_large_image\" \/>\n<meta name=\"twitter:site\" content=\"@ADC_CAT\" \/>\n<meta name=\"twitter:label1\" content=\"Tiempo de lectura\" \/>\n\t<meta name=\"twitter:data1\" content=\"3 minutos\" \/>\n<script type=\"application\/ld+json\" class=\"yoast-schema-graph\">{\"@context\":\"https:\\\/\\\/schema.org\",\"@graph\":[{\"@type\":\"WebPage\",\"@id\":\"https:\\\/\\\/adc.cat\\\/es\\\/hazte-socio\\\/\",\"url\":\"https:\\\/\\\/adc.cat\\\/es\\\/hazte-socio\\\/\",\"name\":\"Hazte socio\\\/a - ADC \u2013 Associaci\u00f3 de Diabetis de Catalunya\",\"isPartOf\":{\"@id\":\"https:\\\/\\\/adc.cat\\\/es\\\/#website\"},\"primaryImageOfPage\":{\"@id\":\"https:\\\/\\\/adc.cat\\\/es\\\/hazte-socio\\\/#primaryimage\"},\"image\":{\"@id\":\"https:\\\/\\\/adc.cat\\\/es\\\/hazte-socio\\\/#primaryimage\"},\"thumbnailUrl\":\"https:\\\/\\\/adc.cat\\\/wp-content\\\/uploads\\\/2019\\\/03\\\/google-play-300x90.png\",\"datePublished\":\"2019-03-06T09:09:38+00:00\",\"dateModified\":\"2025-09-23T07:15:09+00:00\",\"description\":\"Ser socio\\\/socia de la Associaci\u00f3 de Diabetis de Catalunya significa dar apoyo, uni\u00f3n y fuerza al colectivo de pacientes con diabetes y familiares.\",\"breadcrumb\":{\"@id\":\"https:\\\/\\\/adc.cat\\\/es\\\/hazte-socio\\\/#breadcrumb\"},\"inLanguage\":\"es\",\"potentialAction\":[{\"@type\":\"ReadAction\",\"target\":[\"https:\\\/\\\/adc.cat\\\/es\\\/hazte-socio\\\/\"]}]},{\"@type\":\"ImageObject\",\"inLanguage\":\"es\",\"@id\":\"https:\\\/\\\/adc.cat\\\/es\\\/hazte-socio\\\/#primaryimage\",\"url\":\"https:\\\/\\\/adc.cat\\\/wp-content\\\/uploads\\\/2019\\\/03\\\/google-play-300x90.png\",\"contentUrl\":\"https:\\\/\\\/adc.cat\\\/wp-content\\\/uploads\\\/2019\\\/03\\\/google-play-300x90.png\"},{\"@type\":\"BreadcrumbList\",\"@id\":\"https:\\\/\\\/adc.cat\\\/es\\\/hazte-socio\\\/#breadcrumb\",\"itemListElement\":[{\"@type\":\"ListItem\",\"position\":1,\"name\":\"Portada\",\"item\":\"https:\\\/\\\/adc.cat\\\/es\\\/\"},{\"@type\":\"ListItem\",\"position\":2,\"name\":\"Hazte socio\\\/a\"}]},{\"@type\":\"WebSite\",\"@id\":\"https:\\\/\\\/adc.cat\\\/es\\\/#website\",\"url\":\"https:\\\/\\\/adc.cat\\\/es\\\/\",\"name\":\"ADC \u2013 Associaci\u00f3 de Diabetis de Catalunya\",\"description\":\"L&#039;ADC representa els pacients amb diabetis de Catalunya. Els nostres objectius: informar, aconsellar, ajudar i defensar les persones amb diabetis i promoure la sensibilitzaci\u00f3 de la resta de la societat\",\"publisher\":{\"@id\":\"https:\\\/\\\/adc.cat\\\/es\\\/#organization\"},\"potentialAction\":[{\"@type\":\"SearchAction\",\"target\":{\"@type\":\"EntryPoint\",\"urlTemplate\":\"https:\\\/\\\/adc.cat\\\/es\\\/?s={search_term_string}\"},\"query-input\":{\"@type\":\"PropertyValueSpecification\",\"valueRequired\":true,\"valueName\":\"search_term_string\"}}],\"inLanguage\":\"es\"},{\"@type\":\"Organization\",\"@id\":\"https:\\\/\\\/adc.cat\\\/es\\\/#organization\",\"name\":\"Associaci\u00f3 de Diabetis de Catalunya\",\"url\":\"https:\\\/\\\/adc.cat\\\/es\\\/\",\"logo\":{\"@type\":\"ImageObject\",\"inLanguage\":\"es\",\"@id\":\"https:\\\/\\\/adc.cat\\\/es\\\/#\\\/schema\\\/logo\\\/image\\\/\",\"url\":\"https:\\\/\\\/adc.cat\\\/wp-content\\\/uploads\\\/2022\\\/01\\\/associacio_de_diabetis_catalunya.png\",\"contentUrl\":\"https:\\\/\\\/adc.cat\\\/wp-content\\\/uploads\\\/2022\\\/01\\\/associacio_de_diabetis_catalunya.png\",\"width\":512,\"height\":239,\"caption\":\"Associaci\u00f3 de Diabetis de Catalunya\"},\"image\":{\"@id\":\"https:\\\/\\\/adc.cat\\\/es\\\/#\\\/schema\\\/logo\\\/image\\\/\"},\"sameAs\":[\"https:\\\/\\\/www.facebook.com\\\/ADC.CAT\\\/\",\"https:\\\/\\\/x.com\\\/ADC_CAT\",\"https:\\\/\\\/www.instagram.com\\\/adc_cat\\\/\",\"https:\\\/\\\/www.linkedin.com\\\/company\\\/associacio-de-diabetis-de-catalunya\",\"https:\\\/\\\/www.youtube.com\\\/channel\\\/UC7BiJMxG_5sHYUhMAlevAWA\"]}]}<\/script>\n<!-- \/ Yoast SEO plugin. -->","yoast_head_json":{"title":"Hazte socio\/a - ADC \u2013 Associaci\u00f3 de Diabetis de Catalunya","description":"Ser socio\/socia de la Associaci\u00f3 de Diabetis de Catalunya significa dar apoyo, uni\u00f3n y fuerza al colectivo de pacientes con diabetes y familiares.","robots":{"index":"index","follow":"follow","max-snippet":"max-snippet:-1","max-image-preview":"max-image-preview:large","max-video-preview":"max-video-preview:-1"},"canonical":"https:\/\/adc.cat\/es\/hazte-socio\/","og_locale":"es_ES","og_type":"article","og_title":"Hazte socio\/a - ADC \u2013 Associaci\u00f3 de Diabetis de Catalunya","og_description":"Ser socio\/socia de la Associaci\u00f3 de Diabetis de Catalunya significa dar apoyo, uni\u00f3n y fuerza al colectivo de pacientes con diabetes y familiares.","og_url":"https:\/\/adc.cat\/es\/hazte-socio\/","og_site_name":"ADC \u2013 Associaci\u00f3 de Diabetis de Catalunya","article_publisher":"https:\/\/www.facebook.com\/ADC.CAT\/","article_modified_time":"2025-09-23T07:15:09+00:00","og_image":[{"width":382,"height":114,"url":"https:\/\/adc.cat\/wp-content\/uploads\/2019\/03\/google-play.png","type":"image\/png"}],"twitter_card":"summary_large_image","twitter_site":"@ADC_CAT","twitter_misc":{"Tiempo de lectura":"3 minutos"},"schema":{"@context":"https:\/\/schema.org","@graph":[{"@type":"WebPage","@id":"https:\/\/adc.cat\/es\/hazte-socio\/","url":"https:\/\/adc.cat\/es\/hazte-socio\/","name":"Hazte socio\/a - ADC \u2013 Associaci\u00f3 de Diabetis de Catalunya","isPartOf":{"@id":"https:\/\/adc.cat\/es\/#website"},"primaryImageOfPage":{"@id":"https:\/\/adc.cat\/es\/hazte-socio\/#primaryimage"},"image":{"@id":"https:\/\/adc.cat\/es\/hazte-socio\/#primaryimage"},"thumbnailUrl":"https:\/\/adc.cat\/wp-content\/uploads\/2019\/03\/google-play-300x90.png","datePublished":"2019-03-06T09:09:38+00:00","dateModified":"2025-09-23T07:15:09+00:00","description":"Ser socio\/socia de la Associaci\u00f3 de Diabetis de Catalunya significa dar apoyo, uni\u00f3n y fuerza al colectivo de pacientes con diabetes y familiares.","breadcrumb":{"@id":"https:\/\/adc.cat\/es\/hazte-socio\/#breadcrumb"},"inLanguage":"es","potentialAction":[{"@type":"ReadAction","target":["https:\/\/adc.cat\/es\/hazte-socio\/"]}]},{"@type":"ImageObject","inLanguage":"es","@id":"https:\/\/adc.cat\/es\/hazte-socio\/#primaryimage","url":"https:\/\/adc.cat\/wp-content\/uploads\/2019\/03\/google-play-300x90.png","contentUrl":"https:\/\/adc.cat\/wp-content\/uploads\/2019\/03\/google-play-300x90.png"},{"@type":"BreadcrumbList","@id":"https:\/\/adc.cat\/es\/hazte-socio\/#breadcrumb","itemListElement":[{"@type":"ListItem","position":1,"name":"Portada","item":"https:\/\/adc.cat\/es\/"},{"@type":"ListItem","position":2,"name":"Hazte socio\/a"}]},{"@type":"WebSite","@id":"https:\/\/adc.cat\/es\/#website","url":"https:\/\/adc.cat\/es\/","name":"ADC \u2013 Associaci\u00f3 de Diabetis de Catalunya","description":"L&#039;ADC representa els pacients amb diabetis de Catalunya. Els nostres objectius: informar, aconsellar, ajudar i defensar les persones amb diabetis i promoure la sensibilitzaci\u00f3 de la resta de la societat","publisher":{"@id":"https:\/\/adc.cat\/es\/#organization"},"potentialAction":[{"@type":"SearchAction","target":{"@type":"EntryPoint","urlTemplate":"https:\/\/adc.cat\/es\/?s={search_term_string}"},"query-input":{"@type":"PropertyValueSpecification","valueRequired":true,"valueName":"search_term_string"}}],"inLanguage":"es"},{"@type":"Organization","@id":"https:\/\/adc.cat\/es\/#organization","name":"Associaci\u00f3 de Diabetis de Catalunya","url":"https:\/\/adc.cat\/es\/","logo":{"@type":"ImageObject","inLanguage":"es","@id":"https:\/\/adc.cat\/es\/#\/schema\/logo\/image\/","url":"https:\/\/adc.cat\/wp-content\/uploads\/2022\/01\/associacio_de_diabetis_catalunya.png","contentUrl":"https:\/\/adc.cat\/wp-content\/uploads\/2022\/01\/associacio_de_diabetis_catalunya.png","width":512,"height":239,"caption":"Associaci\u00f3 de Diabetis de Catalunya"},"image":{"@id":"https:\/\/adc.cat\/es\/#\/schema\/logo\/image\/"},"sameAs":["https:\/\/www.facebook.com\/ADC.CAT\/","https:\/\/x.com\/ADC_CAT","https:\/\/www.instagram.com\/adc_cat\/","https:\/\/www.linkedin.com\/company\/associacio-de-diabetis-de-catalunya","https:\/\/www.youtube.com\/channel\/UC7BiJMxG_5sHYUhMAlevAWA"]}]}},"_links":{"self":[{"href":"https:\/\/adc.cat\/es\/wp-json\/wp\/v2\/pages\/6224","targetHints":{"allow":["GET"]}}],"collection":[{"href":"https:\/\/adc.cat\/es\/wp-json\/wp\/v2\/pages"}],"about":[{"href":"https:\/\/adc.cat\/es\/wp-json\/wp\/v2\/types\/page"}],"author":[{"embeddable":true,"href":"https:\/\/adc.cat\/es\/wp-json\/wp\/v2\/users\/5"}],"replies":[{"embeddable":true,"href":"https:\/\/adc.cat\/es\/wp-json\/wp\/v2\/comments?post=6224"}],"version-history":[{"count":27,"href":"https:\/\/adc.cat\/es\/wp-json\/wp\/v2\/pages\/6224\/revisions"}],"predecessor-version":[{"id":51156,"href":"https:\/\/adc.cat\/es\/wp-json\/wp\/v2\/pages\/6224\/revisions\/51156"}],"wp:attachment":[{"href":"https:\/\/adc.cat\/es\/wp-json\/wp\/v2\/media?parent=6224"}],"curies":[{"name":"wp","href":"https:\/\/api.w.org\/{rel}","templated":true}]}}