{"id":6228,"date":"2019-03-27T10:30:50","date_gmt":"2019-03-27T09:30:50","guid":{"rendered":"https:\/\/adc.cat\/colaboracion-de-la-asociacion-de-diabetes-de-cataluna-y-de-la-asociacion-de-celiacos-de-cataluna\/"},"modified":"2020-04-24T11:29:31","modified_gmt":"2020-04-24T09:29:31","slug":"colaboracion-associacio-diabetis-catalunya-y-associacio-celiacs-catalunya","status":"publish","type":"page","link":"https:\/\/adc.cat\/es\/colaboracion-associacio-diabetis-catalunya-y-associacio-celiacs-catalunya\/","title":{"rendered":"Colaboraci\u00f3n de la Associaci\u00f3 de Diabetis de Catalunya y de la Associaci\u00f3 de Cel\u00edacs de Catalunya"},"content":{"rendered":"<p>[et_pb_section fb_built=\u00bb1&#8243; _builder_version=\u00bb3.22&#8243;][et_pb_row _builder_version=\u00bb3.25&#8243;][et_pb_column type=\u00bb4_4&#8243; _builder_version=\u00bb3.25&#8243; custom_padding=\u00bb|||\u00bb custom_padding__hover=\u00bb|||\u00bb][et_pb_text _builder_version=\u00bb4.4.3&#8243; hover_enabled=\u00bb0&#8243;]<\/p>\n<p>Desde la Associaci\u00f3 de Diabetis de Catalunya y la <a href=\"https:\/\/www.celiacscatalunya.org\/es\/index.php\" target=\"_blank\" rel=\"noopener noreferrer\">Associaci\u00f3 de Cel\u00edacs de Catalunya<\/a> tenemos un acuerdo de colaboraci\u00f3n para mejorar la calidad de vida de las personas cel\u00edacas con diabetes.<\/p>\n<p>Las medidas establecidas a trav\u00e9s de este convenio son:<\/p>\n<ul>\n<li><strong>Trabajar conjuntamente con el objetivo de mejorar la salud, la calidad de vida y el bienestar de las personas cel\u00edacas con diabetes.<\/strong><\/li>\n<li><strong>Aplicar un descuento del 25 % sobre la cuota general de los socios que sean miembros de ambas entidades.<\/strong><\/li>\n<li><strong>Formar con el equipo t\u00e9cnico de la otra entidad en funci\u00f3n de las necesidades espec\u00edficas de los afectados por cada patolog\u00eda.<\/strong><\/li>\n<li><strong>Colaborar en campa\u00f1as y actividades para mejorar la atenci\u00f3n a las personas que padecen celiaqu\u00eda y diabetes.<\/strong><\/li>\n<\/ul>\n<p><img decoding=\"async\" class=\"wp-image-1075 alignnone size-medium\" src=\"https:\/\/adc.cat\/wp-content\/uploads\/2019\/03\/diabetes_celiaquia-300x200.png\" alt=\"\" width=\"300\" height=\"200\" \/><\/p>\n<p>La prevalencia de la celiaqu\u00eda entre pacientes con diabetes es de un<strong> 10 % superior al del resto de la poblaci\u00f3n<\/strong>. Eso se debe a que ambas enfermedades comparten genes de susceptibilidad, en concreto los ant\u00edgenos HLA-DQ2 y HLA-DQ8, y otros tipos de factores hormonales y alimentarios.<\/p>\n<p>En este marco, la Associaci\u00f3 de Diabetis de Catalunya y la Associaci\u00f3 de Cel\u00edacs de Catalunya, atendiendo a las necesidades de las personas con estas patolog\u00edas asociadas, apostamos por la colaboraci\u00f3n mutua como una herramienta para la consecuci\u00f3n de objetivos propios en cada una de ellas. Adem\u00e1s, para favorecer el empoderamiento de los pacientes,<strong> apostamos por una cuota reducida para los socios de ambas<\/strong>, que facilite a los pacientes su asesoramiento, formaci\u00f3n y representaci\u00f3n continua.<\/p>\n<p>Este acuerdo contribuir\u00e1, asimismo, a la optimizaci\u00f3n de los recursos materiales y humanos en acciones desarrolladas de manera conjunta que persigan la mejora sustancial de la calidad de vida de las personas cel\u00edacas con diabetes.<\/p>\n<p>[\/et_pb_text][\/et_pb_column][\/et_pb_row][\/et_pb_section]<\/p>\n","protected":false},"excerpt":{"rendered":"<p>Desde la Associaci\u00f3 de Diabetis de Catalunya y la Associaci\u00f3 de Cel\u00edacs de Catalunya tenemos un acuerdo de colaboraci\u00f3n para mejorar la calidad de vida de las personas cel\u00edacas con [&hellip;]<\/p>\n","protected":false},"author":5,"featured_media":0,"parent":0,"menu_order":11,"comment_status":"closed","ping_status":"closed","template":"","meta":{"_et_pb_use_builder":"on","_et_pb_old_content":"","_et_gb_content_width":"","footnotes":""},"class_list":["post-6228","page","type-page","status-publish","hentry"],"yoast_head":"<!-- This site is optimized with the Yoast SEO plugin v27.4 - https:\/\/yoast.com\/product\/yoast-seo-wordpress\/ -->\n<title>Colaboraci\u00f3n de la Associaci\u00f3 de Diabetis de Catalunya y de la Associaci\u00f3 de Cel\u00edacs de Catalunya - ADC \u2013 Associaci\u00f3 de Diabetis de Catalunya<\/title>\n<meta name=\"description\" content=\"Colaboraci\u00f3n entre la Associaci\u00f3 de Diabetis de Catalunya y la Associaci\u00f3 de Cel\u00edas de Catalunya para ofrecer ventajas a los asociados de ambas entidades.\" \/>\n<meta name=\"robots\" content=\"index, follow, max-snippet:-1, max-image-preview:large, max-video-preview:-1\" \/>\n<link rel=\"canonical\" href=\"https:\/\/adc.cat\/es\/colaboracion-associacio-diabetis-catalunya-y-associacio-celiacs-catalunya\/\" \/>\n<meta property=\"og:locale\" content=\"es_ES\" \/>\n<meta property=\"og:type\" content=\"article\" \/>\n<meta property=\"og:title\" content=\"Colaboraci\u00f3n de la Associaci\u00f3 de Diabetis de Catalunya y de la Associaci\u00f3 de Cel\u00edacs de Catalunya - ADC \u2013 Associaci\u00f3 de Diabetis de Catalunya\" \/>\n<meta property=\"og:description\" content=\"Colaboraci\u00f3n entre la Associaci\u00f3 de Diabetis de Catalunya y la Associaci\u00f3 de Cel\u00edas de Catalunya para ofrecer ventajas a los asociados de ambas entidades.\" \/>\n<meta property=\"og:url\" content=\"https:\/\/adc.cat\/es\/colaboracion-associacio-diabetis-catalunya-y-associacio-celiacs-catalunya\/\" \/>\n<meta property=\"og:site_name\" content=\"ADC \u2013 Associaci\u00f3 de Diabetis de Catalunya\" \/>\n<meta property=\"article:publisher\" content=\"https:\/\/www.facebook.com\/ADC.CAT\/\" \/>\n<meta property=\"article:modified_time\" content=\"2020-04-24T09:29:31+00:00\" \/>\n<meta property=\"og:image\" content=\"https:\/\/adc.cat\/wp-content\/uploads\/2019\/03\/diabetes_celiaquia-300x200.png\" \/>\n<meta name=\"twitter:card\" content=\"summary_large_image\" \/>\n<meta name=\"twitter:site\" content=\"@ADC_CAT\" \/>\n<meta name=\"twitter:label1\" content=\"Tiempo de lectura\" \/>\n\t<meta name=\"twitter:data1\" content=\"2 minutos\" \/>\n<script type=\"application\/ld+json\" class=\"yoast-schema-graph\">{\"@context\":\"https:\\\/\\\/schema.org\",\"@graph\":[{\"@type\":\"WebPage\",\"@id\":\"https:\\\/\\\/adc.cat\\\/es\\\/colaboracion-associacio-diabetis-catalunya-y-associacio-celiacs-catalunya\\\/\",\"url\":\"https:\\\/\\\/adc.cat\\\/es\\\/colaboracion-associacio-diabetis-catalunya-y-associacio-celiacs-catalunya\\\/\",\"name\":\"Colaboraci\u00f3n de la Associaci\u00f3 de Diabetis de Catalunya y de la Associaci\u00f3 de Cel\u00edacs de Catalunya - ADC \u2013 Associaci\u00f3 de Diabetis de Catalunya\",\"isPartOf\":{\"@id\":\"https:\\\/\\\/adc.cat\\\/es\\\/#website\"},\"primaryImageOfPage\":{\"@id\":\"https:\\\/\\\/adc.cat\\\/es\\\/colaboracion-associacio-diabetis-catalunya-y-associacio-celiacs-catalunya\\\/#primaryimage\"},\"image\":{\"@id\":\"https:\\\/\\\/adc.cat\\\/es\\\/colaboracion-associacio-diabetis-catalunya-y-associacio-celiacs-catalunya\\\/#primaryimage\"},\"thumbnailUrl\":\"https:\\\/\\\/adc.cat\\\/wp-content\\\/uploads\\\/2019\\\/03\\\/diabetes_celiaquia-300x200.png\",\"datePublished\":\"2019-03-27T09:30:50+00:00\",\"dateModified\":\"2020-04-24T09:29:31+00:00\",\"description\":\"Colaboraci\u00f3n entre la Associaci\u00f3 de Diabetis de Catalunya y la Associaci\u00f3 de Cel\u00edas de Catalunya para ofrecer ventajas a los asociados de ambas entidades.\",\"breadcrumb\":{\"@id\":\"https:\\\/\\\/adc.cat\\\/es\\\/colaboracion-associacio-diabetis-catalunya-y-associacio-celiacs-catalunya\\\/#breadcrumb\"},\"inLanguage\":\"es\",\"potentialAction\":[{\"@type\":\"ReadAction\",\"target\":[\"https:\\\/\\\/adc.cat\\\/es\\\/colaboracion-associacio-diabetis-catalunya-y-associacio-celiacs-catalunya\\\/\"]}]},{\"@type\":\"ImageObject\",\"inLanguage\":\"es\",\"@id\":\"https:\\\/\\\/adc.cat\\\/es\\\/colaboracion-associacio-diabetis-catalunya-y-associacio-celiacs-catalunya\\\/#primaryimage\",\"url\":\"https:\\\/\\\/adc.cat\\\/wp-content\\\/uploads\\\/2019\\\/03\\\/diabetes_celiaquia-300x200.png\",\"contentUrl\":\"https:\\\/\\\/adc.cat\\\/wp-content\\\/uploads\\\/2019\\\/03\\\/diabetes_celiaquia-300x200.png\"},{\"@type\":\"BreadcrumbList\",\"@id\":\"https:\\\/\\\/adc.cat\\\/es\\\/colaboracion-associacio-diabetis-catalunya-y-associacio-celiacs-catalunya\\\/#breadcrumb\",\"itemListElement\":[{\"@type\":\"ListItem\",\"position\":1,\"name\":\"Portada\",\"item\":\"https:\\\/\\\/adc.cat\\\/es\\\/\"},{\"@type\":\"ListItem\",\"position\":2,\"name\":\"Colaboraci\u00f3n de la Associaci\u00f3 de Diabetis de Catalunya y de la Associaci\u00f3 de Cel\u00edacs de Catalunya\"}]},{\"@type\":\"WebSite\",\"@id\":\"https:\\\/\\\/adc.cat\\\/es\\\/#website\",\"url\":\"https:\\\/\\\/adc.cat\\\/es\\\/\",\"name\":\"ADC \u2013 Associaci\u00f3 de Diabetis de Catalunya\",\"description\":\"L&#039;ADC representa els pacients amb diabetis de Catalunya. Els nostres objectius: informar, aconsellar, ajudar i defensar les persones amb diabetis i promoure la sensibilitzaci\u00f3 de la resta de la societat\",\"publisher\":{\"@id\":\"https:\\\/\\\/adc.cat\\\/es\\\/#organization\"},\"potentialAction\":[{\"@type\":\"SearchAction\",\"target\":{\"@type\":\"EntryPoint\",\"urlTemplate\":\"https:\\\/\\\/adc.cat\\\/es\\\/?s={search_term_string}\"},\"query-input\":{\"@type\":\"PropertyValueSpecification\",\"valueRequired\":true,\"valueName\":\"search_term_string\"}}],\"inLanguage\":\"es\"},{\"@type\":\"Organization\",\"@id\":\"https:\\\/\\\/adc.cat\\\/es\\\/#organization\",\"name\":\"Associaci\u00f3 de Diabetis de Catalunya\",\"url\":\"https:\\\/\\\/adc.cat\\\/es\\\/\",\"logo\":{\"@type\":\"ImageObject\",\"inLanguage\":\"es\",\"@id\":\"https:\\\/\\\/adc.cat\\\/es\\\/#\\\/schema\\\/logo\\\/image\\\/\",\"url\":\"https:\\\/\\\/adc.cat\\\/wp-content\\\/uploads\\\/2022\\\/01\\\/associacio_de_diabetis_catalunya.png\",\"contentUrl\":\"https:\\\/\\\/adc.cat\\\/wp-content\\\/uploads\\\/2022\\\/01\\\/associacio_de_diabetis_catalunya.png\",\"width\":512,\"height\":239,\"caption\":\"Associaci\u00f3 de Diabetis de Catalunya\"},\"image\":{\"@id\":\"https:\\\/\\\/adc.cat\\\/es\\\/#\\\/schema\\\/logo\\\/image\\\/\"},\"sameAs\":[\"https:\\\/\\\/www.facebook.com\\\/ADC.CAT\\\/\",\"https:\\\/\\\/x.com\\\/ADC_CAT\",\"https:\\\/\\\/www.instagram.com\\\/adc_cat\\\/\",\"https:\\\/\\\/www.linkedin.com\\\/company\\\/associacio-de-diabetis-de-catalunya\",\"https:\\\/\\\/www.youtube.com\\\/channel\\\/UC7BiJMxG_5sHYUhMAlevAWA\"]}]}<\/script>\n<!-- \/ Yoast SEO plugin. -->","yoast_head_json":{"title":"Colaboraci\u00f3n de la Associaci\u00f3 de Diabetis de Catalunya y de la Associaci\u00f3 de Cel\u00edacs de Catalunya - ADC \u2013 Associaci\u00f3 de Diabetis de Catalunya","description":"Colaboraci\u00f3n entre la Associaci\u00f3 de Diabetis de Catalunya y la Associaci\u00f3 de Cel\u00edas de Catalunya para ofrecer ventajas a los asociados de ambas entidades.","robots":{"index":"index","follow":"follow","max-snippet":"max-snippet:-1","max-image-preview":"max-image-preview:large","max-video-preview":"max-video-preview:-1"},"canonical":"https:\/\/adc.cat\/es\/colaboracion-associacio-diabetis-catalunya-y-associacio-celiacs-catalunya\/","og_locale":"es_ES","og_type":"article","og_title":"Colaboraci\u00f3n de la Associaci\u00f3 de Diabetis de Catalunya y de la Associaci\u00f3 de Cel\u00edacs de Catalunya - ADC \u2013 Associaci\u00f3 de Diabetis de Catalunya","og_description":"Colaboraci\u00f3n entre la Associaci\u00f3 de Diabetis de Catalunya y la Associaci\u00f3 de Cel\u00edas de Catalunya para ofrecer ventajas a los asociados de ambas entidades.","og_url":"https:\/\/adc.cat\/es\/colaboracion-associacio-diabetis-catalunya-y-associacio-celiacs-catalunya\/","og_site_name":"ADC \u2013 Associaci\u00f3 de Diabetis de Catalunya","article_publisher":"https:\/\/www.facebook.com\/ADC.CAT\/","article_modified_time":"2020-04-24T09:29:31+00:00","og_image":[{"url":"https:\/\/adc.cat\/wp-content\/uploads\/2019\/03\/diabetes_celiaquia-300x200.png","type":"","width":"","height":""}],"twitter_card":"summary_large_image","twitter_site":"@ADC_CAT","twitter_misc":{"Tiempo de lectura":"2 minutos"},"schema":{"@context":"https:\/\/schema.org","@graph":[{"@type":"WebPage","@id":"https:\/\/adc.cat\/es\/colaboracion-associacio-diabetis-catalunya-y-associacio-celiacs-catalunya\/","url":"https:\/\/adc.cat\/es\/colaboracion-associacio-diabetis-catalunya-y-associacio-celiacs-catalunya\/","name":"Colaboraci\u00f3n de la Associaci\u00f3 de Diabetis de Catalunya y de la Associaci\u00f3 de Cel\u00edacs de Catalunya - ADC \u2013 Associaci\u00f3 de Diabetis de Catalunya","isPartOf":{"@id":"https:\/\/adc.cat\/es\/#website"},"primaryImageOfPage":{"@id":"https:\/\/adc.cat\/es\/colaboracion-associacio-diabetis-catalunya-y-associacio-celiacs-catalunya\/#primaryimage"},"image":{"@id":"https:\/\/adc.cat\/es\/colaboracion-associacio-diabetis-catalunya-y-associacio-celiacs-catalunya\/#primaryimage"},"thumbnailUrl":"https:\/\/adc.cat\/wp-content\/uploads\/2019\/03\/diabetes_celiaquia-300x200.png","datePublished":"2019-03-27T09:30:50+00:00","dateModified":"2020-04-24T09:29:31+00:00","description":"Colaboraci\u00f3n entre la Associaci\u00f3 de Diabetis de Catalunya y la Associaci\u00f3 de Cel\u00edas de Catalunya para ofrecer ventajas a los asociados de ambas entidades.","breadcrumb":{"@id":"https:\/\/adc.cat\/es\/colaboracion-associacio-diabetis-catalunya-y-associacio-celiacs-catalunya\/#breadcrumb"},"inLanguage":"es","potentialAction":[{"@type":"ReadAction","target":["https:\/\/adc.cat\/es\/colaboracion-associacio-diabetis-catalunya-y-associacio-celiacs-catalunya\/"]}]},{"@type":"ImageObject","inLanguage":"es","@id":"https:\/\/adc.cat\/es\/colaboracion-associacio-diabetis-catalunya-y-associacio-celiacs-catalunya\/#primaryimage","url":"https:\/\/adc.cat\/wp-content\/uploads\/2019\/03\/diabetes_celiaquia-300x200.png","contentUrl":"https:\/\/adc.cat\/wp-content\/uploads\/2019\/03\/diabetes_celiaquia-300x200.png"},{"@type":"BreadcrumbList","@id":"https:\/\/adc.cat\/es\/colaboracion-associacio-diabetis-catalunya-y-associacio-celiacs-catalunya\/#breadcrumb","itemListElement":[{"@type":"ListItem","position":1,"name":"Portada","item":"https:\/\/adc.cat\/es\/"},{"@type":"ListItem","position":2,"name":"Colaboraci\u00f3n de la Associaci\u00f3 de Diabetis de Catalunya y de la Associaci\u00f3 de Cel\u00edacs de Catalunya"}]},{"@type":"WebSite","@id":"https:\/\/adc.cat\/es\/#website","url":"https:\/\/adc.cat\/es\/","name":"ADC \u2013 Associaci\u00f3 de Diabetis de Catalunya","description":"L&#039;ADC representa els pacients amb diabetis de Catalunya. Els nostres objectius: informar, aconsellar, ajudar i defensar les persones amb diabetis i promoure la sensibilitzaci\u00f3 de la resta de la societat","publisher":{"@id":"https:\/\/adc.cat\/es\/#organization"},"potentialAction":[{"@type":"SearchAction","target":{"@type":"EntryPoint","urlTemplate":"https:\/\/adc.cat\/es\/?s={search_term_string}"},"query-input":{"@type":"PropertyValueSpecification","valueRequired":true,"valueName":"search_term_string"}}],"inLanguage":"es"},{"@type":"Organization","@id":"https:\/\/adc.cat\/es\/#organization","name":"Associaci\u00f3 de Diabetis de Catalunya","url":"https:\/\/adc.cat\/es\/","logo":{"@type":"ImageObject","inLanguage":"es","@id":"https:\/\/adc.cat\/es\/#\/schema\/logo\/image\/","url":"https:\/\/adc.cat\/wp-content\/uploads\/2022\/01\/associacio_de_diabetis_catalunya.png","contentUrl":"https:\/\/adc.cat\/wp-content\/uploads\/2022\/01\/associacio_de_diabetis_catalunya.png","width":512,"height":239,"caption":"Associaci\u00f3 de Diabetis de Catalunya"},"image":{"@id":"https:\/\/adc.cat\/es\/#\/schema\/logo\/image\/"},"sameAs":["https:\/\/www.facebook.com\/ADC.CAT\/","https:\/\/x.com\/ADC_CAT","https:\/\/www.instagram.com\/adc_cat\/","https:\/\/www.linkedin.com\/company\/associacio-de-diabetis-de-catalunya","https:\/\/www.youtube.com\/channel\/UC7BiJMxG_5sHYUhMAlevAWA"]}]}},"_links":{"self":[{"href":"https:\/\/adc.cat\/es\/wp-json\/wp\/v2\/pages\/6228","targetHints":{"allow":["GET"]}}],"collection":[{"href":"https:\/\/adc.cat\/es\/wp-json\/wp\/v2\/pages"}],"about":[{"href":"https:\/\/adc.cat\/es\/wp-json\/wp\/v2\/types\/page"}],"author":[{"embeddable":true,"href":"https:\/\/adc.cat\/es\/wp-json\/wp\/v2\/users\/5"}],"replies":[{"embeddable":true,"href":"https:\/\/adc.cat\/es\/wp-json\/wp\/v2\/comments?post=6228"}],"version-history":[{"count":0,"href":"https:\/\/adc.cat\/es\/wp-json\/wp\/v2\/pages\/6228\/revisions"}],"wp:attachment":[{"href":"https:\/\/adc.cat\/es\/wp-json\/wp\/v2\/media?parent=6228"}],"curies":[{"name":"wp","href":"https:\/\/api.w.org\/{rel}","templated":true}]}}