{"id":6242,"date":"2019-04-16T10:06:09","date_gmt":"2019-04-16T08:06:09","guid":{"rendered":"https:\/\/adc.cat\/politica-privacidad-newsletter\/"},"modified":"2025-12-18T17:42:42","modified_gmt":"2025-12-18T16:42:42","slug":"politica-privacidad-newsletter","status":"publish","type":"page","link":"https:\/\/adc.cat\/es\/politica-privacidad-newsletter\/","title":{"rendered":"Pol\u00edtica Privacidad Newsletter"},"content":{"rendered":"<p>[et_pb_section fb_built=\u00bb1&#8243; _builder_version=\u00bb4.16&#8243; global_colors_info=\u00bb{}\u00bb da_is_popup=\u00bboff\u00bb da_exit_intent=\u00bboff\u00bb da_has_close=\u00bbon\u00bb da_alt_close=\u00bboff\u00bb da_dark_close=\u00bboff\u00bb da_not_modal=\u00bbon\u00bb da_is_singular=\u00bboff\u00bb da_with_loader=\u00bboff\u00bb da_has_shadow=\u00bbon\u00bb da_disable_devices=\u00bboff|off|off\u00bb][et_pb_row _builder_version=\u00bb4.16&#8243; global_colors_info=\u00bb{}\u00bb][et_pb_column type=\u00bb4_4&#8243; _builder_version=\u00bb4.16&#8243; custom_padding=\u00bb|||\u00bb global_colors_info=\u00bb{}\u00bb custom_padding__hover=\u00bb|||\u00bb][et_pb_text _builder_version=\u00bb4.16&#8243; global_colors_info=\u00bb{}\u00bb]<\/p>\n<div class=\"et_pb_column et_pb_column_4_4 et_pb_column_0  et_pb_css_mix_blend_mode_passthrough et-last-child\">\n<div class=\"et_pb_module et_pb_text et_pb_text_0  et_pb_text_align_left et_pb_bg_layout_light\">\n<div class=\"et_pb_text_inner\">\n<p><strong><em>INFORMACI\u00d3N B\u00c1SICA DE PROTECCI\u00d3N DE DATOS<\/em><\/strong><em>:\u00a0 En cumplimiento del deber de informar a los interesados de las circunstancias y condiciones del tratamiento de sus datos y de los derechos que le asisten, ponemos a su disposici\u00f3n la siguiente informaci\u00f3n.<br \/><\/em><\/p>\n<table width=\"567\">\n<tbody>\n<tr>\n<td colspan=\"2\" width=\"567\">\n<p><u>INFORMACI\u00d3N B\u00c1SICA SOBRE PROTECCI\u00d3N DE DATOS<\/u><\/p>\n<\/td>\n<\/tr>\n<tr>\n<td width=\"132\">\n<p>RESPONSABLE<\/p>\n<\/td>\n<td width=\"435\">\n<p><em>Responsable: ASSOCIACIO DE DIABETIS DE CATALUNYA XXI, ADC<\/em> <em>\u2013 CIF: G60219763 Dir. <br \/>Postal: C\/ ARAG\u00d3 63, ENT. 2\u00aa, CP: 08015 \u2013 BARCELONA (BARCELONA)<\/em><\/p>\n<\/td>\n<\/tr>\n<tr>\n<td width=\"132\">\n<p>FINALIDAD<\/p>\n<\/td>\n<td width=\"435\">\n<p>Env\u00edo de comunicaciones comerciales por v\u00eda electr\u00f3nica por parte de la empresa.<\/p>\n<\/td>\n<\/tr>\n<tr>\n<td width=\"132\">\n<p>LEGITIMACI\u00d3N<\/p>\n<\/td>\n<td width=\"435\">\n<p>Su consentimiento.<\/p>\n<\/td>\n<\/tr>\n<tr>\n<td width=\"132\">\n<p>DESTINATARIOS<\/p>\n<\/td>\n<td width=\"435\">\n<p>Los datos no se ceder\u00e1n a terceros excepto en los casos en los cuales exista una obligaci\u00f3n legal o comunicaci\u00f3n necesaria para dar contestaci\u00f3n en su consulta.<\/p>\n<\/td>\n<\/tr>\n<tr>\n<td width=\"132\">\n<p>DERECHOS<\/p>\n<\/td>\n<td width=\"435\">\n<p>Puede ejercer sus Derechos a acceder, rectificar, oponerse, limitar, llevar y suprimir los datos ante el responsable del tratamiento; adem\u00e1s de acudir a la autoridad de control competente (AEPD).<\/p>\n<\/td>\n<\/tr>\n<tr>\n<td width=\"132\">\n<p>INFORMACI\u00d3N ADICIONAL<\/p>\n<\/td>\n<td width=\"435\">\n<p>Puede consultar la informaci\u00f3n adicional sobre el tratamiento de sus datos personales aqu\u00ed.<\/p>\n<\/td>\n<\/tr>\n<\/tbody>\n<\/table>\n<p>&nbsp;<\/p>\n<p><strong><em>INFORMACI\u00d3N B\u00c1SICA DE LA POL\u00cdTICA DE POL\u00cdTICA<\/em><\/strong><em>: En cumplimiento del deber de informar a los interesados de las circunstancias y condiciones del tratamiento de sus datos y de los derechos que los asisten, ponemos a su disposici\u00f3n la siguiente informaci\u00f3n.<br \/><\/em><\/p>\n<table width=\"567\">\n<tbody>\n<tr>\n<td colspan=\"2\" width=\"567\">\n<p><u>INFORMACI\u00d3N B\u00c1SICA SOBRE LA POL\u00cdTICA DE PRIVACIDAD DEL TRATAMIENTO DE LOS DATOS<br \/><\/u><\/p>\n<\/td>\n<\/tr>\n<tr>\n<td width=\"132\">\n<p>RESPONSABLE<\/p>\n<\/td>\n<td width=\"435\">\n<p><em><\/em>Associaci\u00f3 de diabetis de Catalunya XXI, ADC.<\/p>\n<\/td>\n<\/tr>\n<tr>\n<td width=\"132\">\n<p>FINALIDAD<\/p>\n<\/td>\n<td width=\"435\">\n<p>Informarle de los productos y\/o servicios de la Associaci\u00f3 de diabetis de Catalunya XXI, ADC.<\/p>\n<\/td>\n<\/tr>\n<tr>\n<td width=\"132\">\n<p>CONSERVACI\u00d3N DE LOS DATOS<\/p>\n<\/td>\n<td width=\"435\">\n<p>Los datos se conservan el tiempo estrictamente necesario para la relaci\u00f3n y lo que es exigible legalmente, siendo destruidos posteriormente mediante los procesos seguros de la organizaci\u00f3n.<\/p>\n<\/td>\n<\/tr>\n<tr>\n<td width=\"132\">\n<p>LEGITIMACI\u00d3N<\/p>\n<\/td>\n<td width=\"435\">\n<p>Consentimiento expl\u00edcito al aceptar las condiciones de uso del formulario de alta de nuestro bolet\u00edn.<\/p>\n<\/td>\n<\/tr>\n<tr>\n<td width=\"132\">\n<p>DESTINATARIOS<\/p>\n<\/td>\n<td width=\"435\">\n<p>No se proveen cesiones de datos excepto en aquellos casos en que exista una obligaci\u00f3n legal. No hay previsi\u00f3n de transferencias de datos internacionales.<\/p>\n<\/td>\n<\/tr>\n<tr>\n<td width=\"132\">\n<p>DERECHOS<\/p>\n<\/td>\n<td width=\"435\">\n<p>Puede revocar el consentimiento y ejercer sus derechos a acceder, rectificar, oponerse, limitar, llevar y suprimir datos escribiendo a Associaci\u00f3 de diabetis de Catalunya XXI, ADC, a C\/ Arag\u00f3 63, ent. 2\u00aa, 08015, Barcelona; adem\u00e1s de acudir a la autoridad de control competente (AEPD)<\/p>\n<\/td>\n<\/tr>\n<\/tbody>\n<\/table>\n<\/div>\n<\/div>\n<\/div>\n<p>&nbsp;<\/p>\n<p>[\/et_pb_text][\/et_pb_column][\/et_pb_row][\/et_pb_section]<\/p>\n","protected":false},"excerpt":{"rendered":"<p>INFORMACI\u00d3N B\u00c1SICA DE PROTECCI\u00d3N DE DATOS:\u00a0 En cumplimiento del deber de informar a los interesados de las circunstancias y condiciones del tratamiento de sus datos y de los derechos que [&hellip;]<\/p>\n","protected":false},"author":5,"featured_media":0,"parent":0,"menu_order":99,"comment_status":"closed","ping_status":"closed","template":"","meta":{"_et_pb_use_builder":"on","_et_pb_old_content":"","_et_gb_content_width":"","footnotes":""},"class_list":["post-6242","page","type-page","status-publish","hentry"],"yoast_head":"<!-- This site is optimized with the Yoast SEO plugin v27.4 - https:\/\/yoast.com\/product\/yoast-seo-wordpress\/ -->\n<title>Pol\u00edtica Privacidad Newsletter - ADC \u2013 Associaci\u00f3 de Diabetis de Catalunya<\/title>\n<meta name=\"robots\" content=\"noindex, follow\" \/>\n<meta property=\"og:locale\" content=\"es_ES\" \/>\n<meta property=\"og:type\" content=\"article\" \/>\n<meta property=\"og:title\" content=\"Pol\u00edtica Privacidad Newsletter - ADC \u2013 Associaci\u00f3 de Diabetis de Catalunya\" \/>\n<meta property=\"og:description\" content=\"INFORMACI\u00d3N B\u00c1SICA DE PROTECCI\u00d3N DE DATOS:\u00a0 En cumplimiento del deber de informar a los interesados de las circunstancias y condiciones del tratamiento de sus datos y de los derechos que [&hellip;]\" \/>\n<meta property=\"og:url\" content=\"https:\/\/adc.cat\/es\/politica-privacidad-newsletter\/\" \/>\n<meta property=\"og:site_name\" content=\"ADC \u2013 Associaci\u00f3 de Diabetis de Catalunya\" \/>\n<meta property=\"article:publisher\" content=\"https:\/\/www.facebook.com\/ADC.CAT\/\" \/>\n<meta property=\"article:modified_time\" content=\"2025-12-18T16:42:42+00:00\" \/>\n<meta name=\"twitter:card\" content=\"summary_large_image\" \/>\n<meta name=\"twitter:site\" content=\"@ADC_CAT\" \/>\n<meta name=\"twitter:label1\" content=\"Tiempo de lectura\" \/>\n\t<meta name=\"twitter:data1\" content=\"2 minutos\" \/>\n<script type=\"application\/ld+json\" class=\"yoast-schema-graph\">{\"@context\":\"https:\\\/\\\/schema.org\",\"@graph\":[{\"@type\":\"WebPage\",\"@id\":\"https:\\\/\\\/adc.cat\\\/es\\\/politica-privacidad-newsletter\\\/\",\"url\":\"https:\\\/\\\/adc.cat\\\/es\\\/politica-privacidad-newsletter\\\/\",\"name\":\"Pol\u00edtica Privacidad Newsletter - ADC \u2013 Associaci\u00f3 de Diabetis de Catalunya\",\"isPartOf\":{\"@id\":\"https:\\\/\\\/adc.cat\\\/es\\\/#website\"},\"datePublished\":\"2019-04-16T08:06:09+00:00\",\"dateModified\":\"2025-12-18T16:42:42+00:00\",\"breadcrumb\":{\"@id\":\"https:\\\/\\\/adc.cat\\\/es\\\/politica-privacidad-newsletter\\\/#breadcrumb\"},\"inLanguage\":\"es\",\"potentialAction\":[{\"@type\":\"ReadAction\",\"target\":[\"https:\\\/\\\/adc.cat\\\/es\\\/politica-privacidad-newsletter\\\/\"]}]},{\"@type\":\"BreadcrumbList\",\"@id\":\"https:\\\/\\\/adc.cat\\\/es\\\/politica-privacidad-newsletter\\\/#breadcrumb\",\"itemListElement\":[{\"@type\":\"ListItem\",\"position\":1,\"name\":\"Portada\",\"item\":\"https:\\\/\\\/adc.cat\\\/es\\\/\"},{\"@type\":\"ListItem\",\"position\":2,\"name\":\"Pol\u00edtica Privacidad Newsletter\"}]},{\"@type\":\"WebSite\",\"@id\":\"https:\\\/\\\/adc.cat\\\/es\\\/#website\",\"url\":\"https:\\\/\\\/adc.cat\\\/es\\\/\",\"name\":\"ADC \u2013 Associaci\u00f3 de Diabetis de Catalunya\",\"description\":\"L&#039;ADC representa els pacients amb diabetis de Catalunya. Els nostres objectius: informar, aconsellar, ajudar i defensar les persones amb diabetis i promoure la sensibilitzaci\u00f3 de la resta de la societat\",\"publisher\":{\"@id\":\"https:\\\/\\\/adc.cat\\\/es\\\/#organization\"},\"potentialAction\":[{\"@type\":\"SearchAction\",\"target\":{\"@type\":\"EntryPoint\",\"urlTemplate\":\"https:\\\/\\\/adc.cat\\\/es\\\/?s={search_term_string}\"},\"query-input\":{\"@type\":\"PropertyValueSpecification\",\"valueRequired\":true,\"valueName\":\"search_term_string\"}}],\"inLanguage\":\"es\"},{\"@type\":\"Organization\",\"@id\":\"https:\\\/\\\/adc.cat\\\/es\\\/#organization\",\"name\":\"Associaci\u00f3 de Diabetis de Catalunya\",\"url\":\"https:\\\/\\\/adc.cat\\\/es\\\/\",\"logo\":{\"@type\":\"ImageObject\",\"inLanguage\":\"es\",\"@id\":\"https:\\\/\\\/adc.cat\\\/es\\\/#\\\/schema\\\/logo\\\/image\\\/\",\"url\":\"https:\\\/\\\/adc.cat\\\/wp-content\\\/uploads\\\/2022\\\/01\\\/associacio_de_diabetis_catalunya.png\",\"contentUrl\":\"https:\\\/\\\/adc.cat\\\/wp-content\\\/uploads\\\/2022\\\/01\\\/associacio_de_diabetis_catalunya.png\",\"width\":512,\"height\":239,\"caption\":\"Associaci\u00f3 de Diabetis de Catalunya\"},\"image\":{\"@id\":\"https:\\\/\\\/adc.cat\\\/es\\\/#\\\/schema\\\/logo\\\/image\\\/\"},\"sameAs\":[\"https:\\\/\\\/www.facebook.com\\\/ADC.CAT\\\/\",\"https:\\\/\\\/x.com\\\/ADC_CAT\",\"https:\\\/\\\/www.instagram.com\\\/adc_cat\\\/\",\"https:\\\/\\\/www.linkedin.com\\\/company\\\/associacio-de-diabetis-de-catalunya\",\"https:\\\/\\\/www.youtube.com\\\/channel\\\/UC7BiJMxG_5sHYUhMAlevAWA\"]}]}<\/script>\n<!-- \/ Yoast SEO plugin. -->","yoast_head_json":{"title":"Pol\u00edtica Privacidad Newsletter - ADC \u2013 Associaci\u00f3 de Diabetis de Catalunya","robots":{"index":"noindex","follow":"follow"},"og_locale":"es_ES","og_type":"article","og_title":"Pol\u00edtica Privacidad Newsletter - ADC \u2013 Associaci\u00f3 de Diabetis de Catalunya","og_description":"INFORMACI\u00d3N B\u00c1SICA DE PROTECCI\u00d3N DE DATOS:\u00a0 En cumplimiento del deber de informar a los interesados de las circunstancias y condiciones del tratamiento de sus datos y de los derechos que [&hellip;]","og_url":"https:\/\/adc.cat\/es\/politica-privacidad-newsletter\/","og_site_name":"ADC \u2013 Associaci\u00f3 de Diabetis de Catalunya","article_publisher":"https:\/\/www.facebook.com\/ADC.CAT\/","article_modified_time":"2025-12-18T16:42:42+00:00","twitter_card":"summary_large_image","twitter_site":"@ADC_CAT","twitter_misc":{"Tiempo de lectura":"2 minutos"},"schema":{"@context":"https:\/\/schema.org","@graph":[{"@type":"WebPage","@id":"https:\/\/adc.cat\/es\/politica-privacidad-newsletter\/","url":"https:\/\/adc.cat\/es\/politica-privacidad-newsletter\/","name":"Pol\u00edtica Privacidad Newsletter - ADC \u2013 Associaci\u00f3 de Diabetis de Catalunya","isPartOf":{"@id":"https:\/\/adc.cat\/es\/#website"},"datePublished":"2019-04-16T08:06:09+00:00","dateModified":"2025-12-18T16:42:42+00:00","breadcrumb":{"@id":"https:\/\/adc.cat\/es\/politica-privacidad-newsletter\/#breadcrumb"},"inLanguage":"es","potentialAction":[{"@type":"ReadAction","target":["https:\/\/adc.cat\/es\/politica-privacidad-newsletter\/"]}]},{"@type":"BreadcrumbList","@id":"https:\/\/adc.cat\/es\/politica-privacidad-newsletter\/#breadcrumb","itemListElement":[{"@type":"ListItem","position":1,"name":"Portada","item":"https:\/\/adc.cat\/es\/"},{"@type":"ListItem","position":2,"name":"Pol\u00edtica Privacidad Newsletter"}]},{"@type":"WebSite","@id":"https:\/\/adc.cat\/es\/#website","url":"https:\/\/adc.cat\/es\/","name":"ADC \u2013 Associaci\u00f3 de Diabetis de Catalunya","description":"L&#039;ADC representa els pacients amb diabetis de Catalunya. Els nostres objectius: informar, aconsellar, ajudar i defensar les persones amb diabetis i promoure la sensibilitzaci\u00f3 de la resta de la societat","publisher":{"@id":"https:\/\/adc.cat\/es\/#organization"},"potentialAction":[{"@type":"SearchAction","target":{"@type":"EntryPoint","urlTemplate":"https:\/\/adc.cat\/es\/?s={search_term_string}"},"query-input":{"@type":"PropertyValueSpecification","valueRequired":true,"valueName":"search_term_string"}}],"inLanguage":"es"},{"@type":"Organization","@id":"https:\/\/adc.cat\/es\/#organization","name":"Associaci\u00f3 de Diabetis de Catalunya","url":"https:\/\/adc.cat\/es\/","logo":{"@type":"ImageObject","inLanguage":"es","@id":"https:\/\/adc.cat\/es\/#\/schema\/logo\/image\/","url":"https:\/\/adc.cat\/wp-content\/uploads\/2022\/01\/associacio_de_diabetis_catalunya.png","contentUrl":"https:\/\/adc.cat\/wp-content\/uploads\/2022\/01\/associacio_de_diabetis_catalunya.png","width":512,"height":239,"caption":"Associaci\u00f3 de Diabetis de Catalunya"},"image":{"@id":"https:\/\/adc.cat\/es\/#\/schema\/logo\/image\/"},"sameAs":["https:\/\/www.facebook.com\/ADC.CAT\/","https:\/\/x.com\/ADC_CAT","https:\/\/www.instagram.com\/adc_cat\/","https:\/\/www.linkedin.com\/company\/associacio-de-diabetis-de-catalunya","https:\/\/www.youtube.com\/channel\/UC7BiJMxG_5sHYUhMAlevAWA"]}]}},"_links":{"self":[{"href":"https:\/\/adc.cat\/es\/wp-json\/wp\/v2\/pages\/6242","targetHints":{"allow":["GET"]}}],"collection":[{"href":"https:\/\/adc.cat\/es\/wp-json\/wp\/v2\/pages"}],"about":[{"href":"https:\/\/adc.cat\/es\/wp-json\/wp\/v2\/types\/page"}],"author":[{"embeddable":true,"href":"https:\/\/adc.cat\/es\/wp-json\/wp\/v2\/users\/5"}],"replies":[{"embeddable":true,"href":"https:\/\/adc.cat\/es\/wp-json\/wp\/v2\/comments?post=6242"}],"version-history":[{"count":3,"href":"https:\/\/adc.cat\/es\/wp-json\/wp\/v2\/pages\/6242\/revisions"}],"predecessor-version":[{"id":52571,"href":"https:\/\/adc.cat\/es\/wp-json\/wp\/v2\/pages\/6242\/revisions\/52571"}],"wp:attachment":[{"href":"https:\/\/adc.cat\/es\/wp-json\/wp\/v2\/media?parent=6242"}],"curies":[{"name":"wp","href":"https:\/\/api.w.org\/{rel}","templated":true}]}}